{"id":1004,"date":"2019-01-03T11:19:17","date_gmt":"2019-01-03T16:19:17","guid":{"rendered":"https:\/\/www.archspm.org\/stewardship\/"},"modified":"2026-04-29T15:00:13","modified_gmt":"2026-04-29T19:00:13","slug":"stewardship","status":"publish","type":"page","link":"https:\/\/www.archspm.org\/es\/stewardship\/","title":{"rendered":"Administraci\u00f3n"},"content":{"rendered":"<div data-elementor-type=\"wp-page\" data-elementor-id=\"1004\" class=\"elementor elementor-1004\" data-elementor-post-type=\"page\">\n\t\t\t\t<div class=\"elementor-element elementor-element-52d013b e-flex e-con-boxed e-con e-parent\" data-id=\"52d013b\" data-element_type=\"container\" data-e-type=\"container\" data-settings=\"{&quot;jet_parallax_layout_list&quot;:[]}\">\n\t\t\t\t\t<div class=\"e-con-inner\">\n\t\t\t\t<div class=\"elementor-element elementor-element-4a0e747 elementor-widget elementor-widget-text-editor\" data-id=\"4a0e747\" data-element_type=\"widget\" data-e-type=\"widget\" data-widget_type=\"text-editor.default\">\n\t\t\t\t\t\t\t\t\t<p style=\"text-align: left;\">La corresponsabilidad es la forma de vivir nuestras vidas respondiendo al llamado recibido en nuestro Bautismo y d\u00e1ndonos cuenta de que todo lo que tenemos es un regalo de Dios. A los corresponsables se les pide que acepten estos regalos con corazones agradecidos, los desarrollen y, con esp\u00edritu de generosidad, los compartan con los dem\u00e1s.<\/p><p>La corresponsabilidad es m\u00e1s que dedicar unos minutos de tiempo libre o dar unas monedas a alguien que lo necesita. Es realmente un camino de descubrimiento y conversi\u00f3n que comienza con la pregunta individual: \u201c\u00bfQui\u00e9n soy? \u00bfPor qu\u00e9 estoy aqu\u00ed? \u00bfA d\u00f3nde voy? \u00bfQu\u00e9 puedo hacer para marcar la diferencia? \u00bfC\u00f3mo me llama Dios?\u201d. A medida que m\u00e1s y m\u00e1s administradores individuales se acercan unos a otros, toda la comunidad de fe puede transformarse y juntos podemos construir parroquias vibrantes y comprometidas que adopten la administraci\u00f3n como una forma de vida.<\/p>\t\t\t\t\t\t\t\t<\/div>\n\t\t\t\t\t<\/div>\n\t\t\t\t<\/div>\n\t\t<div class=\"elementor-element elementor-element-60b2923 e-flex e-con-boxed e-con e-parent\" data-id=\"60b2923\" data-element_type=\"container\" data-e-type=\"container\" data-settings=\"{&quot;jet_parallax_layout_list&quot;:[]}\">\n\t\t\t\t\t<div class=\"e-con-inner\">\n\t\t\t\t<div class=\"elementor-element elementor-element-1f0b20d elementor-widget elementor-widget-heading\" data-id=\"1f0b20d\" data-element_type=\"widget\" data-e-type=\"widget\" data-widget_type=\"heading.default\">\n\t\t\t\t\t<h2 class=\"elementor-heading-title elementor-size-default\">Recursos de la Conferencia sobre la Administraci\u00f3n de 2026<\/h2>\t\t\t\t<\/div>\n\t\t\t\t<div class=\"elementor-element elementor-element-b62429f elementor-widget elementor-widget-text-editor\" data-id=\"b62429f\" data-element_type=\"widget\" data-e-type=\"widget\" data-widget_type=\"text-editor.default\">\n\t\t\t\t\t\t\t\t\t<p style=\"text-align: left;\"><span class=\"TextRun SCXW87307814 BCX0\" lang=\"EN-US\" xml:lang=\"EN-US\" data-contrast=\"auto\"><span class=\"NormalTextRun SCXW87307814 BCX0\">T<\/span><span class=\"NormalTextRun SCXW87307814 BCX0\">Gracias a todos los que asistieron <\/span><span class=\"NormalTextRun SCXW87307814 BCX0\">la Conferencia sobre la Administraci\u00f3n de 2026<\/span><span class=\"NormalTextRun SCXW87307814 BCX0\"> 16 de abril de 2026<\/span><span class=\"NormalTextRun SCXW87307814 BCX0\">.\u00a0<\/span><span class=\"NormalTextRun SCXW87307814 BCX0\">La jornada cont\u00f3 con presentaciones pr\u00e1cticas y conversaciones enriquecedoras centradas en\u00a0<\/span><\/span><span class=\"TextRun SCXW87307814 BCX0\" lang=\"EN-US\" xml:lang=\"EN-US\" data-contrast=\"auto\"><span class=\"NormalTextRun SCXW87307814 BCX0\">fomentar una gesti\u00f3n responsable del tiempo, el talento y los recursos en la vida parroquial, sin perder nunca de vista nuestra misi\u00f3n principal: ser disc\u00edpulos de Cristo<\/span><\/span><span class=\"TextRun SCXW87307814 BCX0\" lang=\"EN-US\" xml:lang=\"EN-US\" data-contrast=\"auto\"><span class=\"NormalTextRun SCXW87307814 BCX0\">.<\/span><\/span><span class=\"EOP SCXW87307814 BCX0\" data-ccp-props=\"{}\">\u00a0<\/span><\/p><p>Agradecemos al Comit\u00e9 Arquidiocesano de Administraci\u00f3n de Recursos, a la Fundaci\u00f3n de la Comunidad Cat\u00f3lica de Minnesota, a Emmaus Partners y a la Asociaci\u00f3n de Administradores Parroquiales por copatrocinar este evento.<\/p><p>Queremos expresar nuestro agradecimiento tambi\u00e9n a nuestros ponentes de Catholic Stewardship Consultants y a nuestros amables anfitriones, la parroquia de San Juan Bautista, en New Brighton.<\/p><p><span class=\"TextRun SCXW40782717 BCX0\" lang=\"EN-US\" xml:lang=\"EN-US\" data-contrast=\"auto\"><span class=\"NormalTextRun SCXW40782717 BCX0\">Los v\u00eddeos de la conferencia estar\u00e1n disponibles <\/span><span class=\"NormalTextRun SCXW40782717 BCX0\">estar disponible\u00a0<\/span><span class=\"NormalTextRun SCXW40782717 BCX0\">en este sitio web por su continuo apoyo. Mientras tanto, les invitamos a consultar los materiales de apoyo de la presentaci\u00f3n de la conferencia.<\/span><\/span><span class=\"EOP SCXW40782717 BCX0\" data-ccp-props=\"{}\">\u00a0<\/span><\/p><ul><li><a href=\"https:\/\/archspmmainsite.s3.us-east-1.amazonaws.com\/Offices\/Mission+Advancement\/Fr.+Godfrey+Mullen.pdf\" target=\"_blank\" rel=\"noopener\">Superar los obst\u00e1culos para desarrollar la planificaci\u00f3n de la administraci\u00f3n de los recursos \u2013 Obispo Godfrey Mullen<\/a><\/li><li><a href=\"https:\/\/archspmmainsite.s3.us-east-1.amazonaws.com\/Offices\/Mission+Advancement\/Father+O&#039;Brien-+Stewardship+Momentum+March+2026.pdf\" target=\"_blank\" rel=\"noopener\">Impulsar la cultura de la corresponsabilidad \u2013 P. O\u2019Brien<\/a><\/li><li><a href=\"https:\/\/archspmmainsite.s3.us-east-1.amazonaws.com\/Offices\/Mission+Advancement\/Eric+McArdle_MN+2026.pdf\" target=\"_blank\" rel=\"noopener\">Administraci\u00f3n responsable y mejores pr\u00e1cticas \u2013 Eric McCardle<\/a><\/li><li><a href=\"https:\/\/archspmmainsite.s3.us-east-1.amazonaws.com\/Offices\/Mission+Advancement\/Lisa+McArdle_MN+2026.pdf\" target=\"_blank\" rel=\"noopener\">La administraci\u00f3n responsable en la familia \u2013 Lisa McCardle<\/a><\/li><\/ul>\t\t\t\t\t\t\t\t<\/div>\n\t\t\t\t\t<\/div>\n\t\t\t\t<\/div>\n\t\t<div class=\"elementor-element elementor-element-9a34901 e-flex e-con-boxed e-con e-parent\" data-id=\"9a34901\" data-element_type=\"container\" data-e-type=\"container\" data-settings=\"{&quot;jet_parallax_layout_list&quot;:[]}\">\n\t\t\t\t\t<div class=\"e-con-inner\">\n\t\t\t\t<div class=\"elementor-element elementor-element-8a5fc8f elementor-widget elementor-widget-heading\" data-id=\"8a5fc8f\" data-element_type=\"widget\" data-e-type=\"widget\" data-widget_type=\"heading.default\">\n\t\t\t\t\t<h2 class=\"elementor-heading-title elementor-size-default\">Oraci\u00f3n por la administraci\u00f3n responsable para mayo<\/h2>\t\t\t\t<\/div>\n\t\t\t\t<div class=\"elementor-element elementor-element-913b663 elementor-widget elementor-widget-heading\" data-id=\"913b663\" data-element_type=\"widget\" data-e-type=\"widget\" data-widget_type=\"heading.default\">\n\t\t\t\t\t<h3 class=\"elementor-heading-title elementor-size-default\">por el Consejo Internacional de Administraci\u00f3n Cat\u00f3lica\u202f<\/h3>\t\t\t\t<\/div>\n\t\t\t\t<div class=\"elementor-element elementor-element-a376954 elementor-widget elementor-widget-text-editor\" data-id=\"a376954\" data-element_type=\"widget\" data-e-type=\"widget\" data-widget_type=\"text-editor.default\">\n\t\t\t\t\t\t\t\t\t<p><b><span data-contrast=\"auto\">Dios misericordioso y amoroso,<\/span><\/b><span data-ccp-props=\"{}\">\u00a0<\/span><\/p><p><span data-contrast=\"auto\">Cuando tu Esp\u00edritu descendi\u00f3 sobre los ap\u00f3stoles en Pentecost\u00e9s, hablaron las lenguas de quienes acudieron a escuchar su testimonio. Proclamaron una nueva alianza en Cristo Jes\u00fas, santificada por su sangre, unida por el Esp\u00edritu Santo y sellada en las aguas del bautismo. Te damos gracias y alabanza por derramar tu Esp\u00edritu sobre nosotros; y en estos tiempos de inquietud, te pedimos que rompa las numerosas barreras que dividen a las personas. Que tu Esp\u00edritu abra nuestros ojos, como comunidad de fe, a tu presencia constante entre nosotros, para que podamos reconocerte cuando nos servimos unos a otros. Que tu Esp\u00edritu abra nuestras mentes para que podamos obtener la sabidur\u00eda de trabajar juntos para mostrar amor a nuestros vecinos, y unir nuestros talentos para construir un mundo mejor y m\u00e1s seguro. Y que tu Esp\u00edritu abra nuestros corazones para que juntos podamos vivir m\u00e1s plenamente en Cristo, hacer brillar su luz de misericordia y esperanza, y prepararnos para el d\u00eda de su glorioso regreso. Te lo pedimos por tu Hijo, Jesucristo, que vive y reina contigo y el Esp\u00edritu Santo, Dios por los siglos de los siglos.<\/span><span data-ccp-props=\"{}\">\u00a0<\/span><\/p><p><b><span data-contrast=\"auto\">Am\u00e9n.<\/span><\/b><\/p>\t\t\t\t\t\t\t\t<\/div>\n\t\t\t\t\t<\/div>\n\t\t\t\t<\/div>\n\t\t<div class=\"elementor-element elementor-element-5860ea5c e-flex e-con-boxed e-con e-parent\" data-id=\"5860ea5c\" data-element_type=\"container\" data-e-type=\"container\" data-settings=\"{&quot;jet_parallax_layout_list&quot;:[]}\">\n\t\t\t\t\t<div class=\"e-con-inner\">\n\t\t\t\t<div class=\"elementor-element elementor-element-3efe7828 elementor-widget elementor-widget-text-editor\" data-id=\"3efe7828\" data-element_type=\"widget\" data-e-type=\"widget\" data-widget_type=\"text-editor.default\">\n\t\t\t\t\t\t\t\t\t<h3><span style=\"color: #000000;\">Herramientas de administraci\u00f3n para parroquias<\/span><\/h3><p>El Comit\u00e9 Arquidiocesano de Administraci\u00f3n ha recopilado estos recursos para apoyar a su parroquia:\u00a0<\/p><ul><li><a href=\"https:\/\/archspmmainsite.s3.us-east-1.amazonaws.com\/Offices\/Stewardship+and+Development\/2025+Sewardship+Tool+Kit_100725.pdf\" target=\"_blank\" rel=\"noopener\">Kit de herramientas para la administraci\u00f3n responsable (actualizado en oto\u00f1o de 2025)<\/a><\/li><li><a href=\"https:\/\/archspmmainsite.s3.us-east-1.amazonaws.com\/Offices\/Stewardship+and+Development\/Stewardship+logos.zip\" target=\"_blank\" rel=\"noopener\">Logotipos de administraci\u00f3n<\/a><\/li><li><a href=\"https:\/\/archspmmainsite.s3.us-east-1.amazonaws.com\/Offices\/Mission+Advancement\/Letter+to+Parishioners+-+Gifts+of+stock+and+IRA+-+EXAMPLE.docx\" target=\"_blank\" rel=\"noopener\">Modelo de carta a los feligreses: Donaciones de acciones\/IRA<\/a><\/li><li><a href=\"https:\/\/archspmmainsite.s3.us-east-1.amazonaws.com\/Offices\/Mission+Advancement\/Letter+to+Parishioners+-+Year+End+Gifts+Template.docx\" target=\"_blank\" rel=\"noopener\">Modelo de carta a los feligreses: Donaciones de fin de a\u00f1o<\/a><\/li><li><a href=\"https:\/\/archspmmainsite.s3.us-east-1.amazonaws.com\/Offices\/Mission+Advancement\/Stewardship+Renewal-St.+Odilia.zip\" target=\"_blank\" rel=\"noopener\">Ejemplos de St. Odilia, Shoreview: Carta de renovaci\u00f3n de la administraci\u00f3n, tarjeta de compromiso y sobre.<\/a><\/li><\/ul><p>V\u00e9ase tambi\u00e9n estos <a href=\"https:\/\/www.usccb.org\/committees\/evangelization-catechesis\/stewardship\" target=\"_blank\" rel=\"noopener\">recursos de administraci\u00f3n<\/a> de la Conferencia de Obispos Cat\u00f3licos de los Estados Unidos.<\/p><p>En <strong>Comit\u00e9 Arquidiocesano de Administraci\u00f3n<\/strong> est\u00e1 compuesto por expertos en administraci\u00f3n que apoyan el trabajo de los comit\u00e9s de administraci\u00f3n de cada parroquia en toda la di\u00f3cesis. Los miembros est\u00e1n disponibles para ayudar a una parroquia a implementar un comit\u00e9 de administraci\u00f3n o revitalizar los esfuerzos de un comit\u00e9 actual con nuevas ideas y programas. Los miembros del comit\u00e9 tambi\u00e9n est\u00e1n disponibles para visitar las reuniones del comit\u00e9 parroquial. Para obtener m\u00e1s informaci\u00f3n o ponerse en contacto con el comit\u00e9, env\u00ede un correo electr\u00f3nico a <a href=\"mailto:stewardship@archspm.org\">stewardship@archspm.org<\/a>.<\/p><p>Miembros del comit\u00e9:<\/p><ul><li>Mary Kennedy, presidenta \u2013 St. Olaf, Minneapolis, <a href=\"mailto:mkennedy@saintolaf.org\">mkennedy@saintolaf.org<\/a> o 612-767-6204\u00a0<\/li><li>Nadine Friederichs \u2013 Todos los Santos, Lakeville, <a href=\"mailto:nfriederichs@allsaintschurch.com\">nfriederichs@allsaintschurch.com<\/a> o 952-469-6465<\/li><li>Adel Irwin \u2013 Santa Odilia, Shoreview, <a href=\"mailto:irwin@stodilia.org\">irwin@stodilia.org<\/a><\/li><li>Joe Langfeld \u2013 San Pablo, Ham Lake, <a href=\"mailto:joe.langfeld@churchofsaintpaul.com\">joe.langfeld@churchofsaintpaul.com<\/a> o 763-777-8603<\/li><li>Judy Logan \u2013 Emmaus Partners, <a href=\"mailto:jlogan@emmauspartners.org\">jlogan@emmauspartners.org<\/a> o 651-307-4013<\/li><li>Dean Rademacher \u2013 San Jos\u00e9, Nueva Esperanza, <a href=\"mailto:drademacher@stjosephparish.com\">drademacher@stjosephparish.com<\/a> o al 763-544-3352, extensi\u00f3n 110.\u00a0<\/li><li>Jeanne Schaaf \u2013 Fundaci\u00f3n de la Comunidad Cat\u00f3lica, <a href=\"mailto:schaafj@ccf-mn.org\">schaafj@ccf-mn.org<\/a> o 651-389-0867<\/li><\/ul><p><strong>Regalos y donaciones a la Arquidi\u00f3cesis<\/strong><\/p><p>Dar fortalece nuestra relaci\u00f3n con Dios, nuestra comunidad y las personas necesitadas de todo el mundo.<\/p><p>Al confiar su donaci\u00f3n a la Oficina de Promoci\u00f3n de la Misi\u00f3n, su apoyo se destina directamente a la misi\u00f3n de la Arquidi\u00f3cesis y a las oficinas que apoyan la visi\u00f3n del arzobispo Hebda. <a href=\"https:\/\/secure.myvanco.com\/L-Z94M\/campaign\/C-13FGK\" target=\"_blank\" rel=\"noopener\">Regala hoy<\/a>.<\/p>\t\t\t\t\t\t\t\t<\/div>\n\t\t\t\t\t<\/div>\n\t\t\t\t<\/div>\n\t\t\t\t<\/div>","protected":false},"excerpt":{"rendered":"<p>Stewardship is the way to live our lives by answering the call received in our Baptism and realizing that all we have is gift from God. Stewards are asked to accept these gifts with grateful hearts, develop these gifts, and with a spirit of generosity, share them with others. Stewardship is more than giving a [&hellip;]<\/p>\n","protected":false},"author":2,"featured_media":7667,"parent":0,"menu_order":0,"comment_status":"closed","ping_status":"closed","template":"","meta":{"footnotes":""},"class_list":["post-1004","page","type-page","status-publish","has-post-thumbnail","hentry"],"_links":{"self":[{"href":"https:\/\/www.archspm.org\/es\/wp-json\/wp\/v2\/pages\/1004","targetHints":{"allow":["GET"]}}],"collection":[{"href":"https:\/\/www.archspm.org\/es\/wp-json\/wp\/v2\/pages"}],"about":[{"href":"https:\/\/www.archspm.org\/es\/wp-json\/wp\/v2\/types\/page"}],"author":[{"embeddable":true,"href":"https:\/\/www.archspm.org\/es\/wp-json\/wp\/v2\/users\/2"}],"replies":[{"embeddable":true,"href":"https:\/\/www.archspm.org\/es\/wp-json\/wp\/v2\/comments?post=1004"}],"version-history":[{"count":5,"href":"https:\/\/www.archspm.org\/es\/wp-json\/wp\/v2\/pages\/1004\/revisions"}],"predecessor-version":[{"id":15329,"href":"https:\/\/www.archspm.org\/es\/wp-json\/wp\/v2\/pages\/1004\/revisions\/15329"}],"wp:featuredmedia":[{"embeddable":true,"href":"https:\/\/www.archspm.org\/es\/wp-json\/wp\/v2\/media\/7667"}],"wp:attachment":[{"href":"https:\/\/www.archspm.org\/es\/wp-json\/wp\/v2\/media?parent=1004"}],"curies":[{"name":"wp","href":"https:\/\/api.w.org\/{rel}","templated":true}]}}