{"id":1006,"date":"2019-01-03T12:58:11","date_gmt":"2019-01-03T17:58:11","guid":{"rendered":"https:\/\/www.archspm.org\/men\/"},"modified":"2026-01-13T16:32:08","modified_gmt":"2026-01-13T21:32:08","slug":"men","status":"publish","type":"page","link":"https:\/\/www.archspm.org\/es\/men\/","title":{"rendered":"Los vigilantes cat\u00f3licos"},"content":{"rendered":"<div data-elementor-type=\"wp-page\" data-elementor-id=\"1006\" class=\"elementor elementor-1006\" data-elementor-post-type=\"page\">\n\t\t\t\t<div class=\"elementor-element elementor-element-3d8d40d7 e-flex e-con-boxed e-con e-parent\" data-id=\"3d8d40d7\" data-element_type=\"container\" data-e-type=\"container\" data-settings=\"{&quot;jet_parallax_layout_list&quot;:[]}\">\n\t\t\t\t\t<div class=\"e-con-inner\">\n\t\t\t\t<div class=\"elementor-element elementor-element-45c8ea89 elementor-widget elementor-widget-text-editor\" data-id=\"45c8ea89\" data-element_type=\"widget\" data-e-type=\"widget\" data-widget_type=\"text-editor.default\">\n\t\t\t\t\t\t\t\t\t<p><img fetchpriority=\"high\" decoding=\"async\" class=\"alignright size-medium wp-image-8139\" src=\"https:\/\/www.archspm.org\/wp-content\/uploads\/2025\/02\/Catholic-Watchmen-featured-300x200.jpg\" alt=\"\" width=\"300\" height=\"200\" srcset=\"https:\/\/www.archspm.org\/wp-content\/uploads\/2025\/02\/Catholic-Watchmen-featured-300x200.jpg 300w, https:\/\/www.archspm.org\/wp-content\/uploads\/2025\/02\/Catholic-Watchmen-featured-18x12.jpg 18w, https:\/\/www.archspm.org\/wp-content\/uploads\/2025\/02\/Catholic-Watchmen-featured.jpg 400w\" sizes=\"(max-width: 300px) 100vw, 300px\" \/>Los Catholic Watchmen son hombres que animan a otros hombres, \u201ccomo el hierro afila al hierro\u201d (Prov. 27:17), a vivir seg\u00fan el <a href=\"https:\/\/s3.amazonaws.com\/rediscoverfaith\/Catholic+Watchmen\/Prayer+Card-7+Disciplines.pdf\" target=\"_blank\" rel=\"noopener\"><u>siete disciplinas<\/u><\/a><u>.<\/u>\u00a0No es un club exclusivo, sino un movimiento; no es un producto, sino un <a href=\"https:\/\/s3.amazonaws.com\/rediscoverfaith\/Catholic+Watchmen\/Prayer+Card-7+Disciplines.pdf\" target=\"_blank\" rel=\"noopener\"><u>oraci\u00f3n<\/u><\/a> que los hombres ofrecen juntos por la Iglesia. La iniciativa \u00abCatholic Watchmen\u00bb est\u00e1 dirigida por los obispos de nuestra Arquidi\u00f3cesis y l\u00edderes laicos, con el apoyo de la Arquidi\u00f3cesis de Saint Paul y Minneapolis.<\/p><p>La pr\u00f3xima conferencia para hombres es el s\u00e1bado 21 de marzo. Consulte el <a href=\"https:\/\/archspmmainsite.s3.us-east-1.amazonaws.com\/Events\/2026\/1049_ODE_2026_Watchmen_FLY_R8v1.pdf\" target=\"_blank\" rel=\"noopener\">folleto<\/a> para m\u00e1s informaci\u00f3n.<\/p><p><strong>\u00a1S\u00e9 un centinela cat\u00f3lico y comprom\u00e9tete con las disciplinas!<\/strong><\/p><p><a href=\"https:\/\/s3.amazonaws.com\/rediscoverfaith\/Catholic+Watchmen\/Prayer+Card-7+Disciplines.pdf\" target=\"_blank\" rel=\"noopener\"><u>Descargar<\/u><\/a>\u00a0las disciplinas imprimibles y la oraci\u00f3n diaria de los Vigilantes Cat\u00f3licos.<\/p>\t\t\t\t\t\t\t\t<\/div>\n\t\t\t\t\t<\/div>\n\t\t\t\t<\/div>\n\t\t\t\t<\/div>","protected":false},"excerpt":{"rendered":"<p>The Catholic Watchmen are men are challenging men, &#8220;as iron sharpens iron&#8221; (Pr. 27:17), to live out the seven disciplines.\u00a0It is not an exclusive club, but a movement; not a product, but a prayer men offer together for the Church. The Catholic Watchmen is led by the bishops of our Archdiocese and lay leaders with [&hellip;]<\/p>\n","protected":false},"author":2,"featured_media":8313,"parent":0,"menu_order":0,"comment_status":"closed","ping_status":"closed","template":"","meta":{"footnotes":""},"class_list":["post-1006","page","type-page","status-publish","has-post-thumbnail","hentry"],"_links":{"self":[{"href":"https:\/\/www.archspm.org\/es\/wp-json\/wp\/v2\/pages\/1006","targetHints":{"allow":["GET"]}}],"collection":[{"href":"https:\/\/www.archspm.org\/es\/wp-json\/wp\/v2\/pages"}],"about":[{"href":"https:\/\/www.archspm.org\/es\/wp-json\/wp\/v2\/types\/page"}],"author":[{"embeddable":true,"href":"https:\/\/www.archspm.org\/es\/wp-json\/wp\/v2\/users\/2"}],"replies":[{"embeddable":true,"href":"https:\/\/www.archspm.org\/es\/wp-json\/wp\/v2\/comments?post=1006"}],"version-history":[{"count":0,"href":"https:\/\/www.archspm.org\/es\/wp-json\/wp\/v2\/pages\/1006\/revisions"}],"wp:featuredmedia":[{"embeddable":true,"href":"https:\/\/www.archspm.org\/es\/wp-json\/wp\/v2\/media\/8313"}],"wp:attachment":[{"href":"https:\/\/www.archspm.org\/es\/wp-json\/wp\/v2\/media?parent=1006"}],"curies":[{"name":"wp","href":"https:\/\/api.w.org\/{rel}","templated":true}]}}