{"id":10077,"date":"2025-08-08T00:09:43","date_gmt":"2025-08-08T04:09:43","guid":{"rendered":"https:\/\/www.archspm.org\/?page_id=10077"},"modified":"2025-08-08T00:10:45","modified_gmt":"2025-08-08T04:10:45","slug":"leah-heselton","status":"publish","type":"page","link":"https:\/\/www.archspm.org\/es\/leah-heselton\/","title":{"rendered":"Leah Heselton"},"content":{"rendered":"<div data-elementor-type=\"wp-page\" data-elementor-id=\"10077\" class=\"elementor elementor-10077\" data-elementor-post-type=\"page\">\n\t\t\t\t<div class=\"elementor-element elementor-element-66a0aa72 e-flex e-con-boxed e-con e-parent\" data-id=\"66a0aa72\" data-element_type=\"container\" data-e-type=\"container\" data-settings=\"{&quot;jet_parallax_layout_list&quot;:[]}\">\n\t\t\t\t\t<div class=\"e-con-inner\">\n\t\t\t\t<div class=\"elementor-element elementor-element-6bdd6b8d elementor-widget elementor-widget-text-editor\" data-id=\"6bdd6b8d\" data-element_type=\"widget\" data-e-type=\"widget\" data-widget_type=\"text-editor.default\">\n\t\t\t\t\t\t\t\t\t<p><span data-teams=\"true\"><span class=\"ui-provider a b c d e f g h i j k l m n o p q r s t u v w x y z ab ac ae af ag ah ai aj ak\" dir=\"ltr\"><img fetchpriority=\"high\" decoding=\"async\" class=\"alignright wp-image-867 size-medium\" src=\"https:\/\/www.archspm.org\/wp-content\/uploads\/2024\/12\/Leah-Heselton-scaled-1-213x300.jpg\" alt=\"\" width=\"213\" height=\"300\" srcset=\"https:\/\/www.archspm.org\/wp-content\/uploads\/2024\/12\/Leah-Heselton-scaled-1-213x300.jpg 213w, https:\/\/www.archspm.org\/wp-content\/uploads\/2024\/12\/Leah-Heselton-scaled-1-726x1024.jpg 726w, https:\/\/www.archspm.org\/wp-content\/uploads\/2024\/12\/Leah-Heselton-scaled-1-768x1083.jpg 768w, https:\/\/www.archspm.org\/wp-content\/uploads\/2024\/12\/Leah-Heselton-scaled-1-1089x1536.jpg 1089w, https:\/\/www.archspm.org\/wp-content\/uploads\/2024\/12\/Leah-Heselton-scaled-1-1452x2048.jpg 1452w, https:\/\/www.archspm.org\/wp-content\/uploads\/2024\/12\/Leah-Heselton-scaled-1.jpg 1815w\" sizes=\"(max-width: 213px) 100vw, 213px\" \/>Leah Heselton es coordinadora de operaciones en la Oficina de Comunicaciones de la Arquidi\u00f3cesis de Saint Paul y Minneapolis. Leah se cri\u00f3 en el sur del \u00e1rea metropolitana, asisti\u00f3 a All Saints en Lakeville y luego a St. Nicholas en Elko New Market y a la Escuela Cat\u00f3lica Holy Cross. Leah tiene una licenciatura en ingl\u00e9s y una maestr\u00eda en Estudios Cat\u00f3licos de la Universidad de St. Thomas. Despu\u00e9s de completar el programa de Maestr\u00eda en Estudios Cat\u00f3licos, Leah se uni\u00f3 al equipo de comunicaciones, donde tuvo su primer contacto con el mundo del audio. Leah es una \u00e1vida lectora y cat\u00f3lica devota a la que le gusta hacer nuevos amigos, reunir a la gente y pasar tiempo con su familia. <br \/><\/span><\/span><\/p>\t\t\t\t\t\t\t\t<\/div>\n\t\t\t\t\t<\/div>\n\t\t\t\t<\/div>\n\t\t\t\t<\/div>","protected":false},"excerpt":{"rendered":"<p>Leah Heselton is the operations coordinator in the Office of Communications at the Archdiocese of Saint Paul and Minneapolis. Leah was raised in the south metro, attending All Saints in Lakeville and then St. Nicholas in Elko New Market and Holy Cross Catholic School. Leah holds a degree in English and master degree in Catholic [&hellip;]<\/p>\n","protected":false},"author":2,"featured_media":0,"parent":0,"menu_order":0,"comment_status":"closed","ping_status":"closed","template":"","meta":{"footnotes":""},"class_list":["post-10077","page","type-page","status-publish","hentry"],"_links":{"self":[{"href":"https:\/\/www.archspm.org\/es\/wp-json\/wp\/v2\/pages\/10077","targetHints":{"allow":["GET"]}}],"collection":[{"href":"https:\/\/www.archspm.org\/es\/wp-json\/wp\/v2\/pages"}],"about":[{"href":"https:\/\/www.archspm.org\/es\/wp-json\/wp\/v2\/types\/page"}],"author":[{"embeddable":true,"href":"https:\/\/www.archspm.org\/es\/wp-json\/wp\/v2\/users\/2"}],"replies":[{"embeddable":true,"href":"https:\/\/www.archspm.org\/es\/wp-json\/wp\/v2\/comments?post=10077"}],"version-history":[{"count":0,"href":"https:\/\/www.archspm.org\/es\/wp-json\/wp\/v2\/pages\/10077\/revisions"}],"wp:attachment":[{"href":"https:\/\/www.archspm.org\/es\/wp-json\/wp\/v2\/media?parent=10077"}],"curies":[{"name":"wp","href":"https:\/\/api.w.org\/{rel}","templated":true}]}}