{"id":1017,"date":"2019-01-04T09:37:59","date_gmt":"2019-01-04T14:37:59","guid":{"rendered":"https:\/\/www.archspm.org\/leo-c-byrne-residence\/"},"modified":"2025-04-10T00:02:07","modified_gmt":"2025-04-10T04:02:07","slug":"leo-c-byrne-residence","status":"publish","type":"page","link":"https:\/\/www.archspm.org\/es\/leo-c-byrne-residence\/","title":{"rendered":"Residencia Leo C. Byrne"},"content":{"rendered":"<div data-elementor-type=\"wp-page\" data-elementor-id=\"1017\" class=\"elementor elementor-1017\" data-elementor-post-type=\"page\">\n\t\t\t\t<div class=\"elementor-element elementor-element-7770dfc e-flex e-con-boxed e-con e-parent\" data-id=\"7770dfc\" data-element_type=\"container\" data-e-type=\"container\" data-settings=\"{&quot;jet_parallax_layout_list&quot;:[]}\">\n\t\t\t\t\t<div class=\"e-con-inner\">\n\t\t<div class=\"elementor-element elementor-element-f185ab8 e-con-full e-flex e-con e-child\" data-id=\"f185ab8\" data-element_type=\"container\" data-e-type=\"container\" data-settings=\"{&quot;jet_parallax_layout_list&quot;:[]}\">\n\t\t\t\t<div class=\"elementor-element elementor-element-169db52 elementor-widget elementor-widget-image\" data-id=\"169db52\" data-element_type=\"widget\" data-e-type=\"widget\" data-widget_type=\"image.default\">\n\t\t\t\t\t\t\t\t\t\t\t\t\t\t\t<img fetchpriority=\"high\" decoding=\"async\" width=\"640\" height=\"394\" src=\"https:\/\/www.archspm.org\/wp-content\/uploads\/2025\/04\/Byrne-Sign-web.jpg\" class=\"attachment-medium_large size-medium_large wp-image-7523\" alt=\"\" srcset=\"https:\/\/www.archspm.org\/wp-content\/uploads\/2025\/04\/Byrne-Sign-web.jpg 640w, https:\/\/www.archspm.org\/wp-content\/uploads\/2025\/04\/Byrne-Sign-web-300x185.jpg 300w\" sizes=\"(max-width: 640px) 100vw, 640px\" \/>\t\t\t\t\t\t\t\t\t\t\t\t\t\t\t<\/div>\n\t\t\t\t<\/div>\n\t\t<div class=\"elementor-element elementor-element-ac8b0c5 e-con-full e-flex e-con e-child\" data-id=\"ac8b0c5\" data-element_type=\"container\" data-e-type=\"container\" data-settings=\"{&quot;jet_parallax_layout_list&quot;:[]}\">\n\t\t\t\t<div class=\"elementor-element elementor-element-848a841 elementor-widget elementor-widget-text-editor\" data-id=\"848a841\" data-element_type=\"widget\" data-e-type=\"widget\" data-widget_type=\"text-editor.default\">\n\t\t\t\t\t\t\t\t\t<h2>Residencia Leo C. Byrne<\/h2><h5>Residencia independiente para sacerdotes jubilados<\/h5><h5><em>Qu\u00e9 bueno y qu\u00e9 agradable es que los hermanos vivan unidos. - Salmo 133:1<\/em><\/h5><h5>60 South Mississippi River Blvd<\/h5><h5>St Paul, MN 55105<\/h5>\t\t\t\t\t\t\t\t<\/div>\n\t\t\t\t<\/div>\n\t\t\t\t\t<\/div>\n\t\t\t\t<\/div>\n\t\t<div class=\"elementor-element elementor-element-a5f0da8 e-flex e-con-boxed e-con e-parent\" data-id=\"a5f0da8\" data-element_type=\"container\" data-e-type=\"container\" data-settings=\"{&quot;jet_parallax_layout_list&quot;:[],&quot;background_background&quot;:&quot;classic&quot;}\">\n\t\t\t\t\t<div class=\"e-con-inner\">\n\t\t<div class=\"elementor-element elementor-element-57cf4c2 e-con-full e-flex e-con e-child\" data-id=\"57cf4c2\" data-element_type=\"container\" data-e-type=\"container\" data-settings=\"{&quot;jet_parallax_layout_list&quot;:[]}\">\n\t\t\t\t<div class=\"elementor-element elementor-element-3240836 elementor-widget elementor-widget-text-editor\" data-id=\"3240836\" data-element_type=\"widget\" data-e-type=\"widget\" data-widget_type=\"text-editor.default\">\n\t\t\t\t\t\t\t\t\t<p>En<strong>\u00a0Residencia Leo C. Byrne<\/strong>\u00a0ofrece una oportunidad de vida \u00fanica a los sacerdotes jubilados. La residencia permite a los sacerdotes jubilados vivir en comunidad y seguir atendiendo las necesidades de parroquias y organizaciones.<\/p><p>Construida en 1995, la Residencia Leo C. Byrne est\u00e1 situada cerca de la Universidad de Santo Tom\u00e1s, junto al Seminario de San Pablo y la Escuela de Divinidad, a orillas del pintoresco r\u00edo Mississippi.<\/p><p>La residencia lleva el nombre del arzobispo Leo C. Byrne, que sirvi\u00f3 a la archidi\u00f3cesis de Saint Paul y Minneapolis de 1967 a 1974 y se ocup\u00f3 de las necesidades de los sacerdotes.<\/p>\t\t\t\t\t\t\t\t<\/div>\n\t\t\t\t<\/div>\n\t\t<div class=\"elementor-element elementor-element-f0b0b1a e-con-full e-flex e-con e-child\" data-id=\"f0b0b1a\" data-element_type=\"container\" data-e-type=\"container\" data-settings=\"{&quot;jet_parallax_layout_list&quot;:[]}\">\n\t\t\t\t<div class=\"elementor-element elementor-element-d873f96 elementor-widget elementor-widget-image\" data-id=\"d873f96\" data-element_type=\"widget\" data-e-type=\"widget\" data-widget_type=\"image.default\">\n\t\t\t\t\t\t\t\t\t\t\t\t\t\t\t<img decoding=\"async\" width=\"500\" height=\"252\" src=\"https:\/\/www.archspm.org\/wp-content\/uploads\/2025\/04\/ByrneResidence_web-1.jpg\" class=\"attachment-medium_large size-medium_large wp-image-7524\" alt=\"\" srcset=\"https:\/\/www.archspm.org\/wp-content\/uploads\/2025\/04\/ByrneResidence_web-1.jpg 500w, https:\/\/www.archspm.org\/wp-content\/uploads\/2025\/04\/ByrneResidence_web-1-300x151.jpg 300w\" sizes=\"(max-width: 500px) 100vw, 500px\" \/>\t\t\t\t\t\t\t\t\t\t\t\t\t\t\t<\/div>\n\t\t\t\t<\/div>\n\t\t\t\t\t<\/div>\n\t\t\t\t<\/div>\n\t\t<div class=\"elementor-element elementor-element-2df2fb5 e-flex e-con-boxed e-con e-parent\" data-id=\"2df2fb5\" data-element_type=\"container\" data-e-type=\"container\" data-settings=\"{&quot;jet_parallax_layout_list&quot;:[]}\">\n\t\t\t\t\t<div class=\"e-con-inner\">\n\t\t<div class=\"elementor-element elementor-element-e04b8fe e-con-full e-flex e-con e-child\" data-id=\"e04b8fe\" data-element_type=\"container\" data-e-type=\"container\" data-settings=\"{&quot;jet_parallax_layout_list&quot;:[]}\">\n\t\t\t\t<div class=\"elementor-element elementor-element-93c3dd4 elementor-widget elementor-widget-image\" data-id=\"93c3dd4\" data-element_type=\"widget\" data-e-type=\"widget\" data-widget_type=\"image.default\">\n\t\t\t\t\t\t\t\t\t\t\t\t\t\t\t<img decoding=\"async\" width=\"225\" height=\"300\" src=\"https:\/\/www.archspm.org\/wp-content\/uploads\/2025\/04\/Chapel_Web-500x667-1-225x300.jpg\" class=\"attachment-medium size-medium wp-image-7526\" alt=\"\" srcset=\"https:\/\/www.archspm.org\/wp-content\/uploads\/2025\/04\/Chapel_Web-500x667-1-225x300.jpg 225w, https:\/\/www.archspm.org\/wp-content\/uploads\/2025\/04\/Chapel_Web-500x667-1.jpg 500w\" sizes=\"(max-width: 225px) 100vw, 225px\" \/>\t\t\t\t\t\t\t\t\t\t\t\t\t\t\t<\/div>\n\t\t\t\t<\/div>\n\t\t<div class=\"elementor-element elementor-element-0731db9 e-con-full e-flex e-con e-child\" data-id=\"0731db9\" data-element_type=\"container\" data-e-type=\"container\" data-settings=\"{&quot;jet_parallax_layout_list&quot;:[]}\">\n\t\t\t\t<div class=\"elementor-element elementor-element-e3ff707 elementor-widget elementor-widget-heading\" data-id=\"e3ff707\" data-element_type=\"widget\" data-e-type=\"widget\" data-widget_type=\"heading.default\">\n\t\t\t\t\t<h2 class=\"elementor-heading-title elementor-size-default\">Servicios incluidos<\/h2>\t\t\t\t<\/div>\n\t\t\t\t<div class=\"elementor-element elementor-element-2c77e08 elementor-widget elementor-widget-text-editor\" data-id=\"2c77e08\" data-element_type=\"widget\" data-e-type=\"widget\" data-widget_type=\"text-editor.default\">\n\t\t\t\t\t\t\t\t\t<ul><li>Gran capilla con misa diaria y sacrist\u00eda con capilla privada<\/li><li>Comedor comunitario con 3 comidas preparadas al d\u00eda<\/li><li>Lavander\u00eda programada y ropa de cama limpia<\/li><li>Limpieza semanal<\/li><li>Vigilancia de seguridad 24 horas<\/li><li>Dispositivo de seguridad personal de primera intervenci\u00f3n de la Universidad de St.<\/li><li>Servicio de mantenimiento adicional disponible previa solicitud<\/li><\/ul>\t\t\t\t\t\t\t\t<\/div>\n\t\t\t\t<\/div>\n\t\t\t\t\t<\/div>\n\t\t\t\t<\/div>\n\t\t<div class=\"elementor-element elementor-element-8133b3a e-flex e-con-boxed e-con e-parent\" data-id=\"8133b3a\" data-element_type=\"container\" data-e-type=\"container\" data-settings=\"{&quot;jet_parallax_layout_list&quot;:[]}\">\n\t\t\t\t\t<div class=\"e-con-inner\">\n\t\t<div class=\"elementor-element elementor-element-9e3c6cc e-con-full e-flex e-con e-child\" data-id=\"9e3c6cc\" data-element_type=\"container\" data-e-type=\"container\" data-settings=\"{&quot;jet_parallax_layout_list&quot;:[]}\">\n\t\t\t\t<div class=\"elementor-element elementor-element-6ddb766 elementor-widget elementor-widget-heading\" data-id=\"6ddb766\" data-element_type=\"widget\" data-e-type=\"widget\" data-widget_type=\"heading.default\">\n\t\t\t\t\t<h2 class=\"elementor-heading-title elementor-size-default\">Servicios de bienestar<\/h2>\t\t\t\t<\/div>\n\t\t\t\t<div class=\"elementor-element elementor-element-c49a7d5 elementor-widget elementor-widget-text-editor\" data-id=\"c49a7d5\" data-element_type=\"widget\" data-e-type=\"widget\" data-widget_type=\"text-editor.default\">\n\t\t\t\t\t\t\t\t\t<ul><li>Sala comunitaria para socializar con residentes o invitados<\/li><li>Biblioteca con gran patio<\/li><li>Sala de ejercicios<\/li><li>Senderos para peatones y ciclistas a lo largo del pintoresco Mississippi River Boulevard<\/li><li>Visitas mensuales de una enfermera privada<\/li><li>Servicios sociales<\/li><li>Servicios de asistencia a domicilio<\/li><li>Servicios para el cuidado de los pies<\/li><li>Cortes de pelo<\/li><li>No fumadores y no mascotas<\/li><\/ul>\t\t\t\t\t\t\t\t<\/div>\n\t\t\t\t<\/div>\n\t\t<div class=\"elementor-element elementor-element-e2b229f e-con-full e-flex e-con e-child\" data-id=\"e2b229f\" data-element_type=\"container\" data-e-type=\"container\" data-settings=\"{&quot;jet_parallax_layout_list&quot;:[]}\">\n\t\t\t\t<div class=\"elementor-element elementor-element-83f313e elementor-widget elementor-widget-heading\" data-id=\"83f313e\" data-element_type=\"widget\" data-e-type=\"widget\" data-widget_type=\"heading.default\">\n\t\t\t\t\t<h2 class=\"elementor-heading-title elementor-size-default\">Servicios<\/h2>\t\t\t\t<\/div>\n\t\t\t\t<div class=\"elementor-element elementor-element-0b52ca1 elementor-widget elementor-widget-text-editor\" data-id=\"0b52ca1\" data-element_type=\"widget\" data-e-type=\"widget\" data-widget_type=\"text-editor.default\">\n\t\t\t\t\t\t\t\t\t<ul><li>Garaje subterr\u00e1neo climatizado<\/li><li>Armario de seguridad<\/li><li>Cable<\/li><li>Internet y Wi-Fi<\/li><li>Habitaci\u00f3n para invitados<\/li><\/ul>\t\t\t\t\t\t\t\t<\/div>\n\t\t\t\t<\/div>\n\t\t<div class=\"elementor-element elementor-element-e313713 e-con-full e-flex e-con e-child\" data-id=\"e313713\" data-element_type=\"container\" data-e-type=\"container\" data-settings=\"{&quot;jet_parallax_layout_list&quot;:[]}\">\n\t\t\t\t<div class=\"elementor-element elementor-element-b54edfb elementor-widget elementor-widget-heading\" data-id=\"b54edfb\" data-element_type=\"widget\" data-e-type=\"widget\" data-widget_type=\"heading.default\">\n\t\t\t\t\t<h2 class=\"elementor-heading-title elementor-size-default\">Servicios de personal<\/h2>\t\t\t\t<\/div>\n\t\t\t\t<div class=\"elementor-element elementor-element-7fe4afe elementor-widget elementor-widget-text-editor\" data-id=\"7fe4afe\" data-element_type=\"widget\" data-e-type=\"widget\" data-widget_type=\"text-editor.default\">\n\t\t\t\t\t\t\t\t\t<ul><li>Administrador<\/li><li>Asistente social<\/li><li>Personal de cocina<\/li><li>Amas de llaves<\/li><li>Mantenimiento<\/li><\/ul>\t\t\t\t\t\t\t\t<\/div>\n\t\t\t\t<\/div>\n\t\t\t\t\t<\/div>\n\t\t\t\t<\/div>\n\t\t<div class=\"elementor-element elementor-element-044118f e-flex e-con-boxed e-con e-parent\" data-id=\"044118f\" data-element_type=\"container\" data-e-type=\"container\" data-settings=\"{&quot;background_background&quot;:&quot;classic&quot;,&quot;jet_parallax_layout_list&quot;:[]}\">\n\t\t\t\t\t<div class=\"e-con-inner\">\n\t\t\t\t<div class=\"elementor-element elementor-element-4e9ca63 elementor-blockquote--skin-border elementor-widget elementor-widget-blockquote\" data-id=\"4e9ca63\" data-element_type=\"widget\" data-e-type=\"widget\" data-widget_type=\"blockquote.default\">\n\t\t\t\t\t\t\t<blockquote class=\"elementor-blockquote\">\n\t\t\t<p class=\"elementor-blockquote__content\">\n\t\t\t\tEsta residencia se construy\u00f3 para garantizar que los sacerdotes, independientemente de su situaci\u00f3n econ\u00f3mica, estuvieran atendidos. Estamos llevando a cabo el legado del arzobispo Byrne. Como j\u00f3venes seminaristas, estos sacerdotes vivieron en comunidad, luego salieron al mundo, y ahora vuelven a estar juntos para compartir lo que han aprendido.\t\t\t<\/p>\n\t\t\t\t\t\t\t<div class=\"e-q-footer\">\n\t\t\t\t\t\t\t\t\t\t\t<cite class=\"elementor-blockquote__author\">Administrador<\/cite>\n\t\t\t\t\t\t\t\t\t\t\t\t\t\t<\/div>\n\t\t\t\t\t<\/blockquote>\n\t\t\t\t\t\t<\/div>\n\t\t\t\t\t<\/div>\n\t\t\t\t<\/div>\n\t\t<div class=\"elementor-element elementor-element-e13ef2d e-flex e-con-boxed e-con e-parent\" data-id=\"e13ef2d\" data-element_type=\"container\" data-e-type=\"container\" data-settings=\"{&quot;jet_parallax_layout_list&quot;:[]}\">\n\t\t\t\t\t<div class=\"e-con-inner\">\n\t\t\t\t<div class=\"elementor-element elementor-element-02dc3f8 elementor-widget elementor-widget-heading\" data-id=\"02dc3f8\" data-element_type=\"widget\" data-e-type=\"widget\" data-widget_type=\"heading.default\">\n\t\t\t\t\t<h2 class=\"elementor-heading-title elementor-size-default\">Proyecto de renovaci\u00f3n de la Residencia Leo C. Byrne<\/h2>\t\t\t\t<\/div>\n\t\t\t\t<div class=\"elementor-element elementor-element-9ef497e elementor-widget elementor-widget-text-editor\" data-id=\"9ef497e\" data-element_type=\"widget\" data-e-type=\"widget\" data-widget_type=\"text-editor.default\">\n\t\t\t\t\t\t\t\t\t<header class=\"vc_cta3-content-header\"><h5>Compartir nuestra gratitud por quienes han fomentado nuestra fe<\/h5><\/header><p>El proyecto de renovaci\u00f3n de la campa\u00f1a de capital GRATITUDE financiar\u00e1 las obras necesarias para que toda la residencia alcance un nivel de seguridad y eficacia adecuado para la seguridad y el bienestar de cada sacerdote residente.\u00a0<strong><a href=\"https:\/\/www.ccf-mn.org\/byrneresidence\/\" target=\"_blank\" rel=\"noopener\">Regala hoy<\/a>!<\/strong><\/p>\t\t\t\t\t\t\t\t<\/div>\n\t\t\t\t\t<\/div>\n\t\t\t\t<\/div>\n\t\t\t\t<\/div>","protected":false},"excerpt":{"rendered":"<p>Leo C. Byrne Residence Independent living residence for retired priests How good and how pleasant it is, when brothers dwell together as one. \u2013 Psalm 133:1 60 South Mississippi River Blvd St Paul, MN 55105 The\u00a0Leo C. Byrne Residence\u00a0offers a unique living opportunity for retired priests. The residence allows retired priests to live in community [&hellip;]<\/p>\n","protected":false},"author":2,"featured_media":7521,"parent":0,"menu_order":0,"comment_status":"closed","ping_status":"closed","template":"","meta":{"footnotes":""},"class_list":["post-1017","page","type-page","status-publish","has-post-thumbnail","hentry"],"_links":{"self":[{"href":"https:\/\/www.archspm.org\/es\/wp-json\/wp\/v2\/pages\/1017","targetHints":{"allow":["GET"]}}],"collection":[{"href":"https:\/\/www.archspm.org\/es\/wp-json\/wp\/v2\/pages"}],"about":[{"href":"https:\/\/www.archspm.org\/es\/wp-json\/wp\/v2\/types\/page"}],"author":[{"embeddable":true,"href":"https:\/\/www.archspm.org\/es\/wp-json\/wp\/v2\/users\/2"}],"replies":[{"embeddable":true,"href":"https:\/\/www.archspm.org\/es\/wp-json\/wp\/v2\/comments?post=1017"}],"version-history":[{"count":0,"href":"https:\/\/www.archspm.org\/es\/wp-json\/wp\/v2\/pages\/1017\/revisions"}],"wp:featuredmedia":[{"embeddable":true,"href":"https:\/\/www.archspm.org\/es\/wp-json\/wp\/v2\/media\/7521"}],"wp:attachment":[{"href":"https:\/\/www.archspm.org\/es\/wp-json\/wp\/v2\/media?parent=1017"}],"curies":[{"name":"wp","href":"https:\/\/api.w.org\/{rel}","templated":true}]}}