{"id":10186,"date":"2025-08-18T13:47:45","date_gmt":"2025-08-18T17:47:45","guid":{"rendered":"https:\/\/www.archspm.org\/?page_id=10186"},"modified":"2025-08-18T13:49:24","modified_gmt":"2025-08-18T17:49:24","slug":"father-tom-margevicius","status":"publish","type":"page","link":"https:\/\/www.archspm.org\/es\/father-tom-margevicius\/","title":{"rendered":"Padre Tom Margevi\u010dius"},"content":{"rendered":"<div data-elementor-type=\"wp-page\" data-elementor-id=\"10186\" class=\"elementor elementor-10186\" data-elementor-post-type=\"page\">\n\t\t\t\t<div class=\"elementor-element elementor-element-66a0aa72 e-flex e-con-boxed e-con e-parent\" data-id=\"66a0aa72\" data-element_type=\"container\" data-e-type=\"container\" data-settings=\"{&quot;jet_parallax_layout_list&quot;:[]}\">\n\t\t\t\t\t<div class=\"e-con-inner\">\n\t\t\t\t<div class=\"elementor-element elementor-element-6bdd6b8d elementor-widget elementor-widget-text-editor\" data-id=\"6bdd6b8d\" data-element_type=\"widget\" data-e-type=\"widget\" data-widget_type=\"text-editor.default\">\n\t\t\t\t\t\t\t\t\t<p><span data-teams=\"true\"><span class=\"ui-provider a b c d e f g h i j k l m n o p q r s t u v w x y z ab ac ae af ag ah ai aj ak\" dir=\"ltr\"><img fetchpriority=\"high\" decoding=\"async\" class=\"alignright wp-image-613 size-medium\" src=\"https:\/\/www.archspm.org\/wp-content\/uploads\/2024\/12\/Father-Tom-Margevicius_web-206x300.jpg\" alt=\"\" width=\"206\" height=\"300\" srcset=\"https:\/\/www.archspm.org\/wp-content\/uploads\/2024\/12\/Father-Tom-Margevicius_web-206x300.jpg 206w, https:\/\/www.archspm.org\/wp-content\/uploads\/2024\/12\/Father-Tom-Margevicius_web-704x1024.jpg 704w, https:\/\/www.archspm.org\/wp-content\/uploads\/2024\/12\/Father-Tom-Margevicius_web-768x1117.jpg 768w, https:\/\/www.archspm.org\/wp-content\/uploads\/2024\/12\/Father-Tom-Margevicius_web.jpg 825w\" sizes=\"(max-width: 206px) 100vw, 206px\" \/>El padre Tom Margevi\u010dius lleg\u00f3 a Minnesota desde Cleveland, Ohio, en 1984 para trabajar con NET Ministries y St. Paul\u2019s Outreach, y se convirti\u00f3 en miembro fundador de Companions of Christ. Fue ordenado en 1999 y ha prestado servicio en varias parroquias de la Arquidi\u00f3cesis, adem\u00e1s de impartir clases de Liturgia y Homil\u00e9tica en el Seminario de San Pablo. Es director de la Oficina de Culto de la Arquidi\u00f3cesis y p\u00e1rroco de Holy Spirit en San Pablo. Le gusta el b\u00e9isbol y tocar la guitarra ac\u00fastica, y le encanta irse de vacaciones a lugares ex\u00f3ticos para observar aves. <br \/><\/span><\/span><\/p>\t\t\t\t\t\t\t\t<\/div>\n\t\t\t\t\t<\/div>\n\t\t\t\t<\/div>\n\t\t\t\t<\/div>","protected":false},"excerpt":{"rendered":"<p>Father Tom Margevi\u010dius came from Cleveland, Ohio to Minnesota in 1984 to serve with NET Ministries and St. Paul\u2019s Outreach, and became a founding member of the Companions of Christ. He was ordained 1999 and has served several parishes in the Archdiocese, in addition to teaching Liturgy and Homiletics at The Saint Paul Seminary. He [&hellip;]<\/p>\n","protected":false},"author":2,"featured_media":0,"parent":0,"menu_order":0,"comment_status":"closed","ping_status":"closed","template":"","meta":{"footnotes":""},"class_list":["post-10186","page","type-page","status-publish","hentry"],"_links":{"self":[{"href":"https:\/\/www.archspm.org\/es\/wp-json\/wp\/v2\/pages\/10186","targetHints":{"allow":["GET"]}}],"collection":[{"href":"https:\/\/www.archspm.org\/es\/wp-json\/wp\/v2\/pages"}],"about":[{"href":"https:\/\/www.archspm.org\/es\/wp-json\/wp\/v2\/types\/page"}],"author":[{"embeddable":true,"href":"https:\/\/www.archspm.org\/es\/wp-json\/wp\/v2\/users\/2"}],"replies":[{"embeddable":true,"href":"https:\/\/www.archspm.org\/es\/wp-json\/wp\/v2\/comments?post=10186"}],"version-history":[{"count":0,"href":"https:\/\/www.archspm.org\/es\/wp-json\/wp\/v2\/pages\/10186\/revisions"}],"wp:attachment":[{"href":"https:\/\/www.archspm.org\/es\/wp-json\/wp\/v2\/media?parent=10186"}],"curies":[{"name":"wp","href":"https:\/\/api.w.org\/{rel}","templated":true}]}}