{"id":1019,"date":"2019-01-04T13:01:55","date_gmt":"2019-01-04T18:01:55","guid":{"rendered":"https:\/\/www.archspm.org\/beginning-of-life-respect-life-outreach\/"},"modified":"2025-10-21T15:24:26","modified_gmt":"2025-10-21T19:24:26","slug":"beginning-of-life-respect-life-outreach","status":"publish","type":"page","link":"https:\/\/www.archspm.org\/es\/beginning-of-life-respect-life-outreach\/","title":{"rendered":"Comienzo de la vida \u2013 Respetar la vida"},"content":{"rendered":"<div data-elementor-type=\"wp-page\" data-elementor-id=\"1019\" class=\"elementor elementor-1019\" data-elementor-post-type=\"page\">\n\t\t\t\t<div class=\"elementor-element elementor-element-170ef3be e-flex e-con-boxed e-con e-parent\" data-id=\"170ef3be\" data-element_type=\"container\" data-e-type=\"container\" data-settings=\"{&quot;jet_parallax_layout_list&quot;:[]}\">\n\t\t\t\t\t<div class=\"e-con-inner\">\n\t\t\t\t<div class=\"elementor-element elementor-element-31df0eb9 elementor-widget elementor-widget-text-editor\" data-id=\"31df0eb9\" data-element_type=\"widget\" data-e-type=\"widget\" data-widget_type=\"text-editor.default\">\n\t\t\t\t\t\t\t\t\t<p>La iniciativa \u00abRespetemos la Vida\u00bb (Provida) tiene como objetivo promover el respeto por la vida humana desde la concepci\u00f3n hasta la muerte natural, con el fin de lograr una conversi\u00f3n del coraz\u00f3n y la mente que nos permita abrirnos al don especial de la vida que nos ofrece Dios. Una \u00e9tica coherente de la vida refleja la firme convicci\u00f3n de la Iglesia sobre la dignidad de todas y cada una de las personas. Creadas a imagen y semejanza de Dios, todas las personas son \u00fanicas y especiales. Cada uno de nosotros tiene la responsabilidad ante Dios, ante s\u00ed mismo y ante los dem\u00e1s de cuidar, proteger y sostener la vida en todas sus etapas.<\/p><p><strong>Reza\u00a0<\/strong>por la protecci\u00f3n de los no nacidos, por las madres y las parejas, y para que prevalezca una cultura de la vida en nuestro pa\u00eds y en el mundo.<\/p><ul><li><a href=\"https:\/\/www.walkingwithmoms.com\/prayer-for-pregnant-mothers\" target=\"_blank\" rel=\"noopener\">Oraci\u00f3n por las madres embarazadas<\/a> (incluye PDF y tarjetas de oraci\u00f3n disponibles para su pedido)<\/li><li><a href=\"https:\/\/www.usccb.org\/respect-life-novena\" target=\"_blank\" rel=\"noopener\">Novena \u00abRespeta la vida\u00bb (22-30 de octubre)<\/a><\/li><\/ul><p><strong>Ponte en acci\u00f3n<\/strong> por:<\/p><ul><li>Ayudar a su parroquia en iniciativas de divulgaci\u00f3n. Obtenga m\u00e1s informaci\u00f3n en esta p\u00e1gina, en la secci\u00f3n \u201cRecursos parroquiales\u201d.\u201d<\/li><li>Apoya a tu centro local de recursos para el embarazo. Encontrar\u00e1s una lista en la secci\u00f3n \u201cDescargas\u201d m\u00e1s abajo.<\/li><li>Unirse a la <a href=\"https:\/\/www.mncatholic.org\/actioncenter\" target=\"_blank\" rel=\"noopener\">Red Cat\u00f3lica de Defensa<\/a> para saber c\u00f3mo puedes ponerte en contacto con los legisladores y hacer o\u00edr tu voz.<\/li><li>Inscribirse en la Conferencia de Obispos Cat\u00f3licos de los Estados Unidos\u2019 <a href=\"https:\/\/www.respectlife.org\/prayer-and-action\" target=\"_blank\" rel=\"noopener\">Oraci\u00f3n y acci\u00f3n por el respeto a la vida<\/a> correos electr\u00f3nicos<\/li><\/ul><p><strong>Mantente informado<\/strong><\/p><ul><li>Leer <a href=\"https:\/\/www.thecatholicspirit.com\" target=\"_blank\" rel=\"noopener\">El esp\u00edritu cat\u00f3lico<\/a> para recibir novedades sobre el\u00a0<em>Dobbs\u00a0<\/em>este caso y otras cuestiones relacionadas con el movimiento pro-vida.<\/li><li>Escucha el <a href=\"http:\/\/www.practicingcatholicshow.com\" target=\"_blank\" rel=\"noopener\">Programa sobre el catolicismo practicante<\/a> para entrevistas con quienes se dedican a la misi\u00f3n pro-vida.<\/li><\/ul>\t\t\t\t\t\t\t\t<\/div>\n\t\t\t\t\t<\/div>\n\t\t\t\t<\/div>\n\t\t<div class=\"elementor-element elementor-element-6f304fe e-flex e-con-boxed e-con e-parent\" data-id=\"6f304fe\" data-element_type=\"container\" data-e-type=\"container\" data-settings=\"{&quot;jet_parallax_layout_list&quot;:[]}\">\n\t\t\t\t\t<div class=\"e-con-inner\">\n\t\t<div class=\"elementor-element elementor-element-76fa93b e-con-full e-flex e-con e-child\" data-id=\"76fa93b\" data-element_type=\"container\" data-e-type=\"container\" data-settings=\"{&quot;jet_parallax_layout_list&quot;:[]}\">\n\t\t\t\t<div class=\"elementor-element elementor-element-f61cf00 elementor-widget elementor-widget-text-editor\" data-id=\"f61cf00\" data-element_type=\"widget\" data-e-type=\"widget\" data-widget_type=\"text-editor.default\">\n\t\t\t\t\t\t\t\t\t<p><strong>Fondo Arquidiocesano para la Vida: Apoyo a madres e hijos necesitados<\/strong><\/p><p>El Fondo Life es una iniciativa destinada a ayudar a las mujeres a llevar a t\u00e9rmino su embarazo o a cuidar de su beb\u00e9 reci\u00e9n nacido con la dignidad que ambos merecen. El Fondo Life ofrece ayuda econ\u00f3mica de emergencia, como \u00faltimo recurso y de car\u00e1cter \u00fanico, a madres en situaci\u00f3n de necesidad durante el embarazo y el primer a\u00f1o de vida de su hijo. El 100 % de su donaci\u00f3n, deducible de impuestos, se destinar\u00e1 a apoyar a madres y beb\u00e9s necesitados. Este fondo no destina ning\u00fan gasto a costos administrativos.<\/p><p><strong>Para hacer una donaci\u00f3n en l\u00ednea, <\/strong><a href=\"https:\/\/secure.acceptiva.com\/?cst=bhmGDn\" target=\"_blank\" rel=\"noopener\"><strong>pulse aqu\u00ed<\/strong><\/a> o env\u00ede su cheque por correo a: Arquidi\u00f3cesis de Saint Paul y Minneapolis | A la atenci\u00f3n de: Life Fund | 777 Forest Street, St. Paul, MN 55106. Para obtener m\u00e1s informaci\u00f3n, llame al 651-291-4515.<\/p><blockquote><p>Me gustar\u00eda agradecer al Life Fund por haber aprobado mi solicitud. Es reconfortante saber que hay personas que comprenden y se preocupan por los dem\u00e1s. Todos ustedes han contribuido a evitar que mi hija de 14 semanas y yo acab\u00e1ramos en la calle. \u00daltimamente parece que a los dem\u00e1s realmente no les importa y que prefieren verte sin hogar antes de ofrecerte ayuda. Es muy estresante tratar de buscar ayuda en un momento tan dif\u00edcil. Ha sido una lucha desde que sal\u00ed del hospital despu\u00e9s de dar a luz a mi hija. Durante todo el tiempo que estuve sin trabajar, mi mente se centr\u00f3 en que mi hija mejorara con su respiraci\u00f3n, la ictericia y la par\u00e1lisis de Erb \u2014un trauma causado durante el parto\u2014, llev\u00e1ndola a fisioterapia y a citas m\u00e9dicas. Pero el hecho de que me hayan ayudado a pagar el alquiler atrasado ha contribuido a aliviar parte del estr\u00e9s. Me gustar\u00eda agradecerles mucho a todos por mostrarme que no debo rendirme porque hay personas que realmente se preocupan.<\/p><p>\u2013 Beneficiario del LIFE FUND<\/p><\/blockquote>\t\t\t\t\t\t\t\t<\/div>\n\t\t\t\t<\/div>\n\t\t<div class=\"elementor-element elementor-element-0c5cec2 e-con-full e-flex e-con e-child\" data-id=\"0c5cec2\" data-element_type=\"container\" data-e-type=\"container\" data-settings=\"{&quot;jet_parallax_layout_list&quot;:[]}\">\n\t\t\t\t<div class=\"elementor-element elementor-element-2d58de2 elementor-widget elementor-widget-video\" data-id=\"2d58de2\" data-element_type=\"widget\" data-e-type=\"widget\" data-settings=\"{&quot;youtube_url&quot;:&quot;https:\\\/\\\/youtu.be\\\/8K2MatKqWgQ&quot;,&quot;video_type&quot;:&quot;youtube&quot;,&quot;controls&quot;:&quot;yes&quot;}\" data-widget_type=\"video.default\">\n\t\t\t\t\t\t\t<div class=\"elementor-wrapper elementor-open-inline\">\n\t\t\t<div class=\"elementor-video\"><\/div>\t\t<\/div>\n\t\t\t\t\t\t<\/div>\n\t\t\t\t<\/div>\n\t\t\t\t\t<\/div>\n\t\t\t\t<\/div>\n\t\t<div class=\"elementor-element elementor-element-c1f4714 e-flex e-con-boxed e-con e-parent\" data-id=\"c1f4714\" data-element_type=\"container\" data-e-type=\"container\" data-settings=\"{&quot;jet_parallax_layout_list&quot;:[]}\">\n\t\t\t\t\t<div class=\"e-con-inner\">\n\t\t<div class=\"elementor-element elementor-element-87b6c41 e-con-full e-flex e-con e-child\" data-id=\"87b6c41\" data-element_type=\"container\" data-e-type=\"container\" data-settings=\"{&quot;jet_parallax_layout_list&quot;:[]}\">\n\t\t\t\t<div class=\"elementor-element elementor-element-7ffdf91 elementor-widget elementor-widget-heading\" data-id=\"7ffdf91\" data-element_type=\"widget\" data-e-type=\"widget\" data-widget_type=\"heading.default\">\n\t\t\t\t\t<h2 class=\"elementor-heading-title elementor-size-default\">Recursos parroquiales \/ Enlaces<\/h2>\t\t\t\t<\/div>\n\t\t\t\t<div class=\"elementor-element elementor-element-2efc4e4 elementor-widget elementor-widget-text-editor\" data-id=\"2efc4e4\" data-element_type=\"widget\" data-e-type=\"widget\" data-widget_type=\"text-editor.default\">\n\t\t\t\t\t\t\t\t\t<p>Se anima a cada parroquia a designar a una persona de enlace con la iniciativa \u00abRespetemos la Vida\u00bb para ayudar a llevar a cabo esta importante misi\u00f3n. Para obtener m\u00e1s informaci\u00f3n o para inscribirse en nuestra lista de personas de enlace de \u00abRespetemos la Vida\u00bb, p\u00f3ngase en contacto con <a href=\"mailto:flomos@archspm.org\">Sonya Flomo<\/a>.<\/p>\t\t\t\t\t\t\t\t<\/div>\n\t\t\t\t<div class=\"elementor-element elementor-element-3247f26 elementor-widget elementor-widget-n-accordion\" data-id=\"3247f26\" data-element_type=\"widget\" data-e-type=\"widget\" data-settings=\"{&quot;default_state&quot;:&quot;expanded&quot;,&quot;max_items_expended&quot;:&quot;one&quot;,&quot;n_accordion_animation_duration&quot;:{&quot;unit&quot;:&quot;ms&quot;,&quot;size&quot;:400,&quot;sizes&quot;:[]}}\" data-widget_type=\"nested-accordion.default\">\n\t\t\t\t\t\t\t<div class=\"e-n-accordion\" aria-label=\"Acorde\u00f3n. Abra los enlaces con Intro o Espacio, ci\u00e9rrelos con Escape y navegue con las teclas de flecha.\">\n\t\t\t\t\t\t<details id=\"e-n-accordion-item-5270\" class=\"e-n-accordion-item\" open>\n\t\t\t\t<summary class=\"e-n-accordion-item-title\" data-accordion-index=\"1\" tabindex=\"0\" aria-expanded=\"true\" aria-controls=\"e-n-accordion-item-5270\" >\n\t\t\t\t\t<span class='e-n-accordion-item-title-header'><div class=\"e-n-accordion-item-title-text\"> Recursos parroquiales <\/div><\/span>\n\t\t\t\t\t\t\t<span class='e-n-accordion-item-title-icon'>\n\t\t\t<span class='e-opened' ><i aria-hidden=\"true\" class=\"fas fa-minus\"><\/i><\/span>\n\t\t\t<span class='e-closed'><i aria-hidden=\"true\" class=\"fas fa-plus\"><\/i><\/span>\n\t\t<\/span>\n\n\t\t\t\t\t\t<\/summary>\n\t\t\t\t<div role=\"region\" aria-labelledby=\"e-n-accordion-item-5270\" class=\"elementor-element elementor-element-f546c62 e-con-full e-flex e-con e-child\" data-id=\"f546c62\" data-element_type=\"container\" data-e-type=\"container\" data-settings=\"{&quot;jet_parallax_layout_list&quot;:[]}\">\n\t\t\t\t<div class=\"elementor-element elementor-element-3fcc567 elementor-widget elementor-widget-text-editor\" data-id=\"3fcc567\" data-element_type=\"widget\" data-e-type=\"widget\" data-widget_type=\"text-editor.default\">\n\t\t\t\t\t\t\t\t\t<ul><li><a href=\"https:\/\/www.usccb.org\/resources\/word-life-special-edition\" target=\"_blank\" rel=\"noopener\"><em>Dobbs\u00a0<\/em>Kit de liderazgo parroquial<\/a><\/li><li><a href=\"https:\/\/www.usccb.org\/resources\/dobbs-clergy-resources\" target=\"_blank\" rel=\"noopener\"><em>Dobbs\u00a0<\/em>Recursos para el clero<\/a><\/li><li><a href=\"https:\/\/www.walkingwithmoms.com\/\" target=\"_blank\" rel=\"noopener\">Walkingwithmoms.com<\/a><\/li><li>Escuche una presentaci\u00f3n del taller de coordinadores de \u00abRespetemos la Vida\u00bb sobre <a href=\"https:\/\/www.archspm.org\/es\/respect-life-2020-spring-workshop\/\">De San Juan Pablo II <em>Evangelium Vitae \u2013 \u201cEl Evangelio de la Vida\u201d.\u201d<\/em><\/a><\/li><li><a href=\"https:\/\/www.canva.com\/design\/DAFB0xNnXnk\/heNF-pgxHAkEpRUwBnmEyQ\/view?utm_content=DAFB0xNnXnk&amp;utm_campaign=designshare&amp;utm_medium=link&amp;utm_source=publishsharelink&amp;mode=preview\" target=\"_blank\" rel=\"noopener\">Im\u00e1genes editables para redes sociales a favor de la vida<\/a> (Canva: requiere una cuenta gratuita o de pago)<\/li><\/ul><p>Muchas parroquias ofrecen asistencia especial a las mujeres y familias que necesitan ayuda. Visite nuestro directorio de parroquias para <a href=\"https:\/\/www.archspm.org\/es\/locations\/\" target=\"_blank\" rel=\"noopener noreferrer\">Encuentra una parroquia cerca de ti<\/a>.<\/p>\t\t\t\t\t\t\t\t<\/div>\n\t\t\t\t<\/div>\n\t\t\t\t\t<\/details>\n\t\t\t\t\t\t<details id=\"e-n-accordion-item-5271\" class=\"e-n-accordion-item\" >\n\t\t\t\t<summary class=\"e-n-accordion-item-title\" data-accordion-index=\"2\" tabindex=\"-1\" aria-expanded=\"false\" aria-controls=\"e-n-accordion-item-5271\" >\n\t\t\t\t\t<span class='e-n-accordion-item-title-header'><div class=\"e-n-accordion-item-title-text\"> Recursos <\/div><\/span>\n\t\t\t\t\t\t\t<span class='e-n-accordion-item-title-icon'>\n\t\t\t<span class='e-opened' ><i aria-hidden=\"true\" class=\"fas fa-minus\"><\/i><\/span>\n\t\t\t<span class='e-closed'><i aria-hidden=\"true\" class=\"fas fa-plus\"><\/i><\/span>\n\t\t<\/span>\n\n\t\t\t\t\t\t<\/summary>\n\t\t\t\t<div role=\"region\" aria-labelledby=\"e-n-accordion-item-5271\" class=\"elementor-element elementor-element-eed1945 e-con-full e-flex e-con e-child\" data-id=\"eed1945\" data-element_type=\"container\" data-e-type=\"container\" data-settings=\"{&quot;jet_parallax_layout_list&quot;:[]}\">\n\t\t\t\t<div class=\"elementor-element elementor-element-6f53f75 elementor-widget elementor-widget-text-editor\" data-id=\"6f53f75\" data-element_type=\"widget\" data-e-type=\"widget\" data-widget_type=\"text-editor.default\">\n\t\t\t\t\t\t\t\t\t<ul><li class=\"resources_wrapper\"><a href=\"http:\/\/www.usccb.org\/issues-and-action\/human-life-and-dignity\/abortion\/index.cfm\" target=\"_blank\" rel=\"noopener\">Conferencia Episcopal de Estados Unidos: Aborto<\/a><\/li><li class=\"resources_wrapper\"><a href=\"http:\/\/www.usccb.org\/about\/pro-life-activities\/respect-life-program\/\" target=\"_blank\" rel=\"noopener\">USCCB \u2013 Programa \u00abRespetemos la Vida\u00bb<\/a><\/li><li class=\"resources_wrapper\"><a href=\"https:\/\/40daysforlife.com\/\" target=\"_blank\" rel=\"noopener\">40 D\u00edas por la Vida<\/a><\/li><li class=\"resources_wrapper\"><a href=\"http:\/\/www.usccb.org\/about\/pro-life-activities\/pastoral-plan-prolife-activities.cfm\" target=\"_blank\" rel=\"noopener\">USCCB \u2013 Plan pastoral para las actividades en favor de la vida<\/a><\/li><li class=\"resources_wrapper\"><a href=\"http:\/\/www.vatican.va\/roman_curia\/congregations\/cfaith\/documents\/rc_con_cfaith_doc_19870222_respect-for-human-life_en.html\" target=\"_blank\" rel=\"noopener\">Vaticano \u2013 Respeto por la vida humana<\/a><\/li><li class=\"resources_wrapper\"><a href=\"https:\/\/elevatelifeusa.org\/\" target=\"_blank\" rel=\"noopener\">Mejora tu vida<\/a><\/li><li class=\"resources_wrapper\"><a href=\"http:\/\/www.birthright.org\/\" target=\"_blank\" rel=\"noopener\">Derecho de nacimiento<\/a><\/li><li class=\"resources_wrapper\"><a href=\"http:\/\/www.prenatalpartnersforlife.org\/\" target=\"_blank\" rel=\"noopener\">Compa\u00f1eros prenatales para toda la vida<\/a><\/li><li class=\"resources_wrapper\"><a href=\"https:\/\/plam.org\/\" target=\"_blank\" rel=\"noopener\">Ministerios de Acci\u00f3n Pro-Vida<\/a><\/li><li class=\"resources_wrapper\"><a href=\"https:\/\/www.mccl.org\/\" target=\"_blank\" rel=\"noopener\">Ciudadanos de Minnesota Preocupados por la Vida<\/a><\/li><li class=\"resources_wrapper\"><a href=\"http:\/\/w2.vatican.va\/content\/john-paul-ii\/en\/encyclicals\/documents\/hf_jp-ii_enc_25031995_evangelium-vitae.html\" target=\"_blank\" rel=\"noopener\">Evangelium Vitae (El Evangelio de la Vida) del papa Juan Pablo II<\/a><\/li><li class=\"resources_wrapper\"><a href=\"http:\/\/www.usccb.org\/about\/pro-life-activities\/index.cfm\" target=\"_blank\" rel=\"noopener\">Actividades provida de la USCCB<\/a><\/li><\/ul>\t\t\t\t\t\t\t\t<\/div>\n\t\t\t\t<\/div>\n\t\t\t\t\t<\/details>\n\t\t\t\t\t\t<details id=\"e-n-accordion-item-5272\" class=\"e-n-accordion-item\" >\n\t\t\t\t<summary class=\"e-n-accordion-item-title\" data-accordion-index=\"3\" tabindex=\"-1\" aria-expanded=\"false\" aria-controls=\"e-n-accordion-item-5272\" >\n\t\t\t\t\t<span class='e-n-accordion-item-title-header'><div class=\"e-n-accordion-item-title-text\"> Contenido adicional <\/div><\/span>\n\t\t\t\t\t\t\t<span class='e-n-accordion-item-title-icon'>\n\t\t\t<span class='e-opened' ><i aria-hidden=\"true\" class=\"fas fa-minus\"><\/i><\/span>\n\t\t\t<span class='e-closed'><i aria-hidden=\"true\" class=\"fas fa-plus\"><\/i><\/span>\n\t\t<\/span>\n\n\t\t\t\t\t\t<\/summary>\n\t\t\t\t<div role=\"region\" aria-labelledby=\"e-n-accordion-item-5272\" class=\"elementor-element elementor-element-11eeb81 e-con-full e-flex e-con e-child\" data-id=\"11eeb81\" data-element_type=\"container\" data-e-type=\"container\" data-settings=\"{&quot;jet_parallax_layout_list&quot;:[]}\">\n\t\t\t\t<div class=\"elementor-element elementor-element-de2d586 elementor-widget elementor-widget-text-editor\" data-id=\"de2d586\" data-element_type=\"widget\" data-e-type=\"widget\" data-widget_type=\"text-editor.default\">\n\t\t\t\t\t\t\t\t\t<ul><li><a href=\"\/es\/post-abortive-healing\/\">Sanaci\u00f3n tras un aborto<\/a><\/li><li><a href=\"\/es\/infertility-adoption\/\">Infertilidad y adopci\u00f3n<\/a><\/li><li><a href=\"\/es\/marriage\/natural-family-planning-nfp\/\">Planificaci\u00f3n familiar natural (PFN)<\/a><\/li><\/ul>\t\t\t\t\t\t\t\t<\/div>\n\t\t\t\t<\/div>\n\t\t\t\t\t<\/details>\n\t\t\t\t\t<\/div>\n\t\t\t\t\t\t<\/div>\n\t\t\t\t<\/div>\n\t\t\t\t\t<\/div>\n\t\t\t\t<\/div>\n\t\t\t\t<\/div>","protected":false},"excerpt":{"rendered":"<p>Respect Life (Pro-life) Outreach aims to promote respect for human life from conception to natural death, to bring about a conversion of heart and mind to be open to God&#8217;s special gift of life. A consistent ethic of life reflects the Church&#8217;s firm conviction of the dignity of each and every person. Created in the [&hellip;]<\/p>\n","protected":false},"author":2,"featured_media":8199,"parent":0,"menu_order":0,"comment_status":"closed","ping_status":"closed","template":"","meta":{"footnotes":""},"class_list":["post-1019","page","type-page","status-publish","has-post-thumbnail","hentry"],"_links":{"self":[{"href":"https:\/\/www.archspm.org\/es\/wp-json\/wp\/v2\/pages\/1019","targetHints":{"allow":["GET"]}}],"collection":[{"href":"https:\/\/www.archspm.org\/es\/wp-json\/wp\/v2\/pages"}],"about":[{"href":"https:\/\/www.archspm.org\/es\/wp-json\/wp\/v2\/types\/page"}],"author":[{"embeddable":true,"href":"https:\/\/www.archspm.org\/es\/wp-json\/wp\/v2\/users\/2"}],"replies":[{"embeddable":true,"href":"https:\/\/www.archspm.org\/es\/wp-json\/wp\/v2\/comments?post=1019"}],"version-history":[{"count":0,"href":"https:\/\/www.archspm.org\/es\/wp-json\/wp\/v2\/pages\/1019\/revisions"}],"wp:featuredmedia":[{"embeddable":true,"href":"https:\/\/www.archspm.org\/es\/wp-json\/wp\/v2\/media\/8199"}],"wp:attachment":[{"href":"https:\/\/www.archspm.org\/es\/wp-json\/wp\/v2\/media?parent=1019"}],"curies":[{"name":"wp","href":"https:\/\/api.w.org\/{rel}","templated":true}]}}