{"id":1023,"date":"2019-01-04T13:37:51","date_gmt":"2019-01-04T18:37:51","guid":{"rendered":"https:\/\/www.archspm.org\/post-abortive-healing\/"},"modified":"2025-04-30T11:54:16","modified_gmt":"2025-04-30T15:54:16","slug":"post-abortive-healing","status":"publish","type":"page","link":"https:\/\/www.archspm.org\/es\/post-abortive-healing\/","title":{"rendered":"Sanaci\u00f3n tras un aborto"},"content":{"rendered":"<p>El Proyecto Raquel es una iniciativa de la Iglesia Cat\u00f3lica que ofrece un acompa\u00f1amiento confidencial a cualquier persona que desee sanar tras haber vivido un aborto. Esto incluye a madres y padres de ni\u00f1os que han fallecido a causa de un aborto, abuelos y otros familiares, profesionales de la salud y muchas otras personas. El aborto traspasa todas las fronteras de raza, edad y situaci\u00f3n socioecon\u00f3mica.<\/p>\n<p>La misi\u00f3n del Proyecto Raquel es ofrecer servicios de orientaci\u00f3n confidenciales y compasivos, as\u00ed como actividades de sensibilizaci\u00f3n. Se ponen a disposici\u00f3n recursos para la sanaci\u00f3n espiritual, emocional y psicol\u00f3gica de cualquier persona que se haya visto afectada por un aborto.<\/p>\n<p><a href=\"https:\/\/www.archspm.org\/es\/contact-form-life-human-dignity-beginning-of-life-respect-life-outreach-post-abortion-outreach\/\"><strong>Formulario de contacto<\/strong><\/a><\/p>","protected":false},"excerpt":{"rendered":"<p>Project Rachel is the Catholic Church\u2019s outreach for confidential ministry for anyone who desires healing after an abortion. This includes mothers and fathers of children lost to abortion, grandparents and other relatives, health care providers, and many others. Abortion crosses all boundaries of race, age and socio-economic position. Project Rachel\u2019s mission is to provide confidential [&hellip;]<\/p>\n","protected":false},"author":2,"featured_media":8205,"parent":0,"menu_order":0,"comment_status":"closed","ping_status":"closed","template":"","meta":{"footnotes":""},"class_list":["post-1023","page","type-page","status-publish","has-post-thumbnail","hentry"],"_links":{"self":[{"href":"https:\/\/www.archspm.org\/es\/wp-json\/wp\/v2\/pages\/1023","targetHints":{"allow":["GET"]}}],"collection":[{"href":"https:\/\/www.archspm.org\/es\/wp-json\/wp\/v2\/pages"}],"about":[{"href":"https:\/\/www.archspm.org\/es\/wp-json\/wp\/v2\/types\/page"}],"author":[{"embeddable":true,"href":"https:\/\/www.archspm.org\/es\/wp-json\/wp\/v2\/users\/2"}],"replies":[{"embeddable":true,"href":"https:\/\/www.archspm.org\/es\/wp-json\/wp\/v2\/comments?post=1023"}],"version-history":[{"count":0,"href":"https:\/\/www.archspm.org\/es\/wp-json\/wp\/v2\/pages\/1023\/revisions"}],"wp:featuredmedia":[{"embeddable":true,"href":"https:\/\/www.archspm.org\/es\/wp-json\/wp\/v2\/media\/8205"}],"wp:attachment":[{"href":"https:\/\/www.archspm.org\/es\/wp-json\/wp\/v2\/media?parent=1023"}],"curies":[{"name":"wp","href":"https:\/\/api.w.org\/{rel}","templated":true}]}}