{"id":1024,"date":"2019-01-04T13:23:55","date_gmt":"2019-01-04T18:23:55","guid":{"rendered":"https:\/\/www.archspm.org\/promoteyourevent\/"},"modified":"2025-03-26T23:18:02","modified_gmt":"2025-03-27T03:18:02","slug":"promoteyourevent","status":"publish","type":"page","link":"https:\/\/www.archspm.org\/es\/promoteyourevent\/","title":{"rendered":"Consejos para promocionar su acto"},"content":{"rendered":"<p>\u00bfTiene un evento* que le gustar\u00eda promocionar entre los cat\u00f3licos de nuestra Iglesia local? Aqu\u00ed tiene algunas formas de \"correr la voz\" sobre su evento.<\/p>\n<p>&nbsp;<\/p>\n<h5>Calendario de actos en el sitio web de la Archidi\u00f3cesis<\/h5>\n<p>Una forma de compartir su evento con otros cat\u00f3licos de nuestra Iglesia local es en el <a href=\"https:\/\/www.archspm.org\/es\/events\/\">Calendario de actos<\/a>\u00a0nuestra\u00a0<a href=\"https:\/\/www.archspm.org\/es\/\">Sitio web de la Archidi\u00f3cesis<\/a>. Actos con conocidos\u00a0<a href=\"https:\/\/safe-environment.archspm.org\/200-administration\/205-qualifications-for-selecting-speakers-recipients-of-award-honors-or-designations-and-exhibitors-and-vendors\/\" target=\"_blank\" rel=\"noopener\">Oradores cat\u00f3licos<\/a><strong>,<\/strong> retiros y otros eventos ministeriales de amplio atractivo, junto con eventos arquidiocesanos. (Nota: Los eventos que son comunes a la mayor\u00eda de las parroquias -como los estudios b\u00edblicos- no se incluyen en esta lista). Para sugerir un evento, por favor <a href=\"https:\/\/www.archspm.org\/es\/suggest-an-event\/\">rellene nuestro formulario en l\u00ednea<\/a>.<\/p>\n<p>&nbsp;<\/p>\n<h5>Lista de eventos y anuncios a las parroquias<\/h5>\n<p><span data-contrast=\"auto\">Cada semana se env\u00eda un correo electr\u00f3nico llamado \"Esta semana en las comunicaciones\" a los contactos de comunicaci\u00f3n de las parroquias y a otros miembros del personal parroquial de nuestra Iglesia local. Entre otras cosas, la comunicaci\u00f3n contiene una lista de eventos de la archidi\u00f3cesis. El correo electr\u00f3nico se env\u00eda los lunes.\u00a0<\/span><span data-ccp-props=\"{&quot;201341983&quot;:0,&quot;335551550&quot;:1,&quot;335551620&quot;:1,&quot;335559739&quot;:160,&quot;335559740&quot;:259}\">\u00a0<\/span><\/p>\n<p><span data-contrast=\"auto\">Pueden incluirse actos que promuevan el compa\u00f1erismo\/actos comunitarios (reuniones sociales, bazares navide\u00f1os, etc.). Otros actos, como los protagonizados por conocidos\u00a0<\/span><a href=\"https:\/\/safe-environment.archspm.org\/200-administration\/205-qualifications-for-selecting-speakers-recipients-of-award-honors-or-designations-and-exhibitors-and-vendors\/\" target=\"_blank\" rel=\"noopener\"><span data-contrast=\"none\">Oradores cat\u00f3licos<\/span><\/a><b><span data-contrast=\"auto\">,<\/span><\/b><span data-contrast=\"auto\">\u00a0Tambi\u00e9n se incluyen retiros y otros eventos ministeriales de amplio atractivo, junto con los eventos arquidiocesanos. (Nota: Los actos que son comunes a la mayor\u00eda de las parroquias -como los estudios b\u00edblicos- no se incluyen en esta lista).\u00a0<\/span><span data-ccp-props=\"{&quot;201341983&quot;:0,&quot;335559739&quot;:160,&quot;335559740&quot;:259}\">\u00a0<\/span><\/p>\n<p><span data-contrast=\"auto\">Por favor, env\u00ede su evento antes del final del d\u00eda del mi\u00e9rcoles anterior al primer lunes en el que desea que se incluya su evento. Los eventos enviados se promocionan a partir de dos meses antes de la fecha del evento o del plazo de inscripci\u00f3n. Para enviar un evento para su consideraci\u00f3n, por favor <\/span><a href=\"https:\/\/www.archspm.org\/es\/suggest-an-event\/\"><span data-contrast=\"none\">rellene nuestro formulario en l\u00ednea<\/span><\/a><span data-contrast=\"auto\">.<\/span><span data-ccp-props=\"{&quot;201341983&quot;:0,&quot;335559739&quot;:160,&quot;335559740&quot;:259}\">\u00a0<\/span><\/p>\n<p>&nbsp;<\/p>\n<h5>Calendario de actos del Esp\u00edritu Cat\u00f3lico<\/h5>\n<p>Si su parroquia u organizaci\u00f3n est\u00e1 organizando un gran evento que le gustar\u00eda compartir con otros cat\u00f3licos de nuestra archidi\u00f3cesis*, env\u00ede su evento a trav\u00e9s de\u00a0<a href=\"http:\/\/thecatholicspirit.com\/calendarsubmissions\/\" target=\"_blank\" rel=\"noopener noreferrer\">Calendario del Esp\u00edritu Cat\u00f3lico Formulario de env\u00edo<\/a>. Los eventos se publican en\u00a0<a href=\"http:\/\/www.thecatholicspirit.com\/\" target=\"_blank\" rel=\"noopener noreferrer\">P\u00e1gina web del Esp\u00edritu Cat\u00f3lico<\/a>\u00a0en\u00a0<a href=\"http:\/\/thecatholicspirit.com\/calendar\/\" target=\"_blank\" rel=\"noopener noreferrer\">Eventos locales<\/a>Tambi\u00e9n pueden aparecer en la edici\u00f3n impresa eventos de car\u00e1cter \u00fanico o de gran atractivo.\u00a0<strong><br \/>\n<\/strong><\/p>\n<p>&nbsp;<\/p>\n<h5>El esp\u00edritu cat\u00f3lico Publicidad<\/h5>\n<p>Es f\u00e1cil anunciar su evento en The Catholic Spirit, en nuestra edici\u00f3n impresa quincenal o en\u00a0<a href=\"http:\/\/www.thecatholicspirit.com\/\" target=\"_blank\" rel=\"noopener noreferrer\">P\u00e1gina web del Esp\u00edritu Cat\u00f3lico<\/a>. Para obtener m\u00e1s informaci\u00f3n sobre la publicidad en The Catholic Spirit, p\u00f3ngase en contacto con nuestro Departamento de Publicidad llamando al (651) 291-4444 (pida hablar con un representante de publicidad), o visite nuestro\u00a0<a href=\"http:\/\/thecatholicspirit.com\/advertise\/\" target=\"_blank\" rel=\"noopener noreferrer\">P\u00e1gina de publicidad<\/a>\u00a0en el sitio web The Catholic Spirit.<\/p>\n<p>&nbsp;<\/p>\n<h5>Cobertura editorial de The Catholic Spirit<\/h5>\n<p>\u00bfSu acontecimiento es \u00fanico y excepcionalmente noticiable? Puede que lo consideremos para un reportaje en\u00a0<a href=\"http:\/\/www.thecatholicspirit.com\/\" target=\"_blank\" rel=\"noopener\">El esp\u00edritu cat\u00f3lico<\/a>la publicaci\u00f3n oficial de nuestra Iglesia local. Si desea que su evento sea considerado para su cobertura, env\u00ede un correo electr\u00f3nico a <a href=\"mailto:stories@archspm.org\">stories@archspm.org<\/a>.<\/p>\n<p>&nbsp;<\/p>\n<h5>Redes sociales<\/h5>\n<p>\u00bfTiene un evento*, anuncio u otro contenido en las redes sociales que le gustar\u00eda compartir con otros cat\u00f3licos de nuestra Iglesia local? Etiqu\u00e9tenos en <a href=\"https:\/\/www.facebook.com\/ArchdioceseSPM\" target=\"_blank\" rel=\"noopener\">Facebook<\/a> y <a href=\"https:\/\/www.instagram.com\/archdiocesespm\/\" target=\"_blank\" rel=\"noopener\">Instagram<\/a>\u00a1! Tambi\u00e9n puede enviar por correo electr\u00f3nico un enlace a su publicaci\u00f3n en las redes sociales a <a href=\"mailto:socialmedia@archspm.org\">socialmedia@archspm.org<\/a>.<\/p>\n<h5>Eventos para el clero o el personal de la parroquia<\/h5>\n<p>Si usted es un miembro del personal de la parroquia o representante de una asociaci\u00f3n ministerial y desea compartir un evento con el clero o el personal de la parroquia a trav\u00e9s de las comunicaciones arquidiocesanas (como Archdiocesan Update), usted puede <a href=\"https:\/\/www.archspm.org\/es\/suggest-an-event\/\">rellene este formulario<\/a>. Por favor, anote la audiencia de su evento (por ejemplo, ministros de la juventud, directores de liturgia, etc.) en \"Audiencia del evento\".<\/p>\n<p>&nbsp;<\/p>\n<p><em>*Nota: Todos los actos deben <a href=\"https:\/\/safe-environment.archspm.org\/200-administration\/205-qualifications-for-selecting-speakers-recipients-of-award-honors-or-designations-and-exhibitors-and-vendors\/\" target=\"_blank\" rel=\"noopener\">promover y defender los valores y ense\u00f1anzas de la Iglesia Cat\u00f3lica<\/a>. Los actos deben estar relacionados con una parroquia o escuela de la archidi\u00f3cesis de San Pablo y Minneapolis o con una organizaci\u00f3n cat\u00f3lica local. Los eventos tambi\u00e9n deben atraer a una amplia audiencia de cat\u00f3licos, m\u00e1s all\u00e1 de una parroquia individual. Los eventos de organizaciones nacionales s\u00f3lo se publican con un permiso especial. Por favor, aseg\u00farese de que todas las partes implicadas -organizador del evento, lugar, patrocinadores, etc. - conozcan y aprueben la promoci\u00f3n de su evento antes de enviarlo.<\/em><\/p>","protected":false},"excerpt":{"rendered":"<p>Do you have an event* that you\u2019d like to promote to Catholics throughout our local Church? Here are some ways you can \u201cget the word out\u201d about your event! &nbsp; Calendar of Events on the Archdiocesan Website One way to share your event with other Catholics in our local Church is on the Events Calendar\u00a0our\u00a0Archdiocesan [&hellip;]<\/p>\n","protected":false},"author":2,"featured_media":6949,"parent":0,"menu_order":0,"comment_status":"closed","ping_status":"closed","template":"","meta":{"footnotes":""},"class_list":["post-1024","page","type-page","status-publish","has-post-thumbnail","hentry"],"_links":{"self":[{"href":"https:\/\/www.archspm.org\/es\/wp-json\/wp\/v2\/pages\/1024","targetHints":{"allow":["GET"]}}],"collection":[{"href":"https:\/\/www.archspm.org\/es\/wp-json\/wp\/v2\/pages"}],"about":[{"href":"https:\/\/www.archspm.org\/es\/wp-json\/wp\/v2\/types\/page"}],"author":[{"embeddable":true,"href":"https:\/\/www.archspm.org\/es\/wp-json\/wp\/v2\/users\/2"}],"replies":[{"embeddable":true,"href":"https:\/\/www.archspm.org\/es\/wp-json\/wp\/v2\/comments?post=1024"}],"version-history":[{"count":0,"href":"https:\/\/www.archspm.org\/es\/wp-json\/wp\/v2\/pages\/1024\/revisions"}],"wp:featuredmedia":[{"embeddable":true,"href":"https:\/\/www.archspm.org\/es\/wp-json\/wp\/v2\/media\/6949"}],"wp:attachment":[{"href":"https:\/\/www.archspm.org\/es\/wp-json\/wp\/v2\/media?parent=1024"}],"curies":[{"name":"wp","href":"https:\/\/api.w.org\/{rel}","templated":true}]}}