{"id":1038,"date":"2019-01-08T03:17:44","date_gmt":"2019-01-08T08:17:44","guid":{"rendered":"https:\/\/www.archspm.org\/understanding-infertility\/"},"modified":"2024-12-19T22:24:21","modified_gmt":"2024-12-20T03:24:21","slug":"understanding-infertility","status":"publish","type":"page","link":"https:\/\/www.archspm.org\/es\/understanding-infertility\/","title":{"rendered":"Comprender la infertilidad"},"content":{"rendered":"<p><iframe src=\"https:\/\/www.youtube.com\/embed\/EF4uxk7MJi4\" width=\"729\" height=\"410\" frameborder=\"0\" allowfullscreen=\"allowfullscreen\"><\/iframe>El 8 de octubre de 2014 se celebr\u00f3 una conferencia titulada \u201cComprender la infertilidad\u201d, en la que un grupo de expertos comprometidos abord\u00f3 los aspectos teol\u00f3gicos, biol\u00f3gicos, emocionales y espirituales de la infertilidad.<\/p>\n<p>&nbsp;<\/p>\n<p>Asistieron parejas y seres queridos que deseaban conocer estrategias para afrontar la infertilidad, informarse mejor sobre la doctrina de la Iglesia al respecto y aprender formas de brindar apoyo a otras personas que viven con la infertilidad.<\/p>\n<p>&nbsp;<\/p>\n<p>Vea aqu\u00ed un v\u00eddeo de la conferencia y consulte a continuaci\u00f3n los recursos disponibles sobre este tema. Tambi\u00e9n puede ponerse en contacto con los miembros del panel a trav\u00e9s de los siguientes medios:<\/p>\n<p>&nbsp;<\/p>\n<p><strong>Dra. April M. Lind<\/strong><\/p>\n<p>&nbsp;<\/p>\n<p>Cl\u00ednica Park Nicollet<\/p>\n<p>&nbsp;<\/p>\n<p>15800 95th Ave.<\/p>\n<p>&nbsp;<\/p>\n<p>Maple Grove, MN 55369<\/p>\n<p>&nbsp;<\/p>\n<p>952-993-1440<\/p>\n<p>&nbsp;<\/p>\n<p>&nbsp;<\/p>\n<p><strong>Reverendo John P. Floeder<\/strong><\/p>\n<p>&nbsp;<\/p>\n<p>Universidad de Santo Tom\u00e1s<\/p>\n<p>&nbsp;<\/p>\n<p>2115 Summit Ave.<\/p>\n<p>&nbsp;<\/p>\n<p>St. Paul, MN 55105<\/p>\n<p>&nbsp;<\/p>\n<p><a href=\"mailto:jpfloeder@stthomas.edu\">jpfloeder@stthomas.edu<\/a><\/p>\n<p>&nbsp;<\/p>\n<p>651-962-5029<\/p>\n<p>&nbsp;<\/p>\n<p>&nbsp;<\/p>\n<p><strong>Kris Hennelly<\/strong><\/p>\n<p>&nbsp;<\/p>\n<p>Caridades Cat\u00f3licas<\/p>\n<p>&nbsp;<\/p>\n<p><a href=\"mailto:kris.Hennelly@cctwincities.org\">kris.Hennelly@cctwincities.org<\/a><\/p>\n<p>&nbsp;<\/p>\n<p>&nbsp;<\/p>\n<p><strong>Joseph Pribyl, M\u00e1ster en Artes, Terapeuta Matrimonial y Familiar Licenciado<\/strong><\/p>\n<p>&nbsp;<\/p>\n<p>Centro Terap\u00e9utico Qou Vadis, S.L.<\/p>\n<p>&nbsp;<\/p>\n<p>1599 Selby Ave., #105LL<\/p>\n<p>&nbsp;<\/p>\n<p>St. Paul, MN 55104<\/p>\n<p>&nbsp;<\/p>\n<p>651-398-5847<\/p>\n<p>&nbsp;<\/p>\n<p><a href=\"mailto:jpribyl@qvtherapy.com\">jpribyl@qvtherapy.com<\/a><\/p>\n<p>&nbsp;<\/p>\n<p>&nbsp;<\/p>\n<p><strong>El di\u00e1cono Darrel Branch y su esposa Chris<\/strong><\/p>\n<p>&nbsp;<\/p>\n<p><a href=\"https:\/\/www.archspm.org\/wp-admin\/post.php?post=1933&amp;action=edit\">A su debido tiempo<\/a>\u00a0\u2013 Grupo de apoyo para la infertilidad<\/p>\n<p>&nbsp;<\/p>\n<p>952-929-8695<\/p>\n<p>&nbsp;<\/p>\n<p><a href=\"mailto:sweetbranc@aol.com\">sweetbranc@aol.com<\/a><\/p>","protected":false},"excerpt":{"rendered":"<p>A conference entitled, &#8220;Understanding Infertility&#8221; was held October 8, 2014, and featuring a caring panel of experts will present the theological, biological, emotional and spiritual aspects of infertility. &nbsp; Couples and loved ones attended who sought to learn strategies for coping with infertility, know more about the Church&#8217;s teaching on this topic and learn ways [&hellip;]<\/p>\n","protected":false},"author":2,"featured_media":0,"parent":0,"menu_order":0,"comment_status":"closed","ping_status":"closed","template":"","meta":{"footnotes":""},"class_list":["post-1038","page","type-page","status-publish","hentry"],"_links":{"self":[{"href":"https:\/\/www.archspm.org\/es\/wp-json\/wp\/v2\/pages\/1038","targetHints":{"allow":["GET"]}}],"collection":[{"href":"https:\/\/www.archspm.org\/es\/wp-json\/wp\/v2\/pages"}],"about":[{"href":"https:\/\/www.archspm.org\/es\/wp-json\/wp\/v2\/types\/page"}],"author":[{"embeddable":true,"href":"https:\/\/www.archspm.org\/es\/wp-json\/wp\/v2\/users\/2"}],"replies":[{"embeddable":true,"href":"https:\/\/www.archspm.org\/es\/wp-json\/wp\/v2\/comments?post=1038"}],"version-history":[{"count":0,"href":"https:\/\/www.archspm.org\/es\/wp-json\/wp\/v2\/pages\/1038\/revisions"}],"wp:attachment":[{"href":"https:\/\/www.archspm.org\/es\/wp-json\/wp\/v2\/media?parent=1038"}],"curies":[{"name":"wp","href":"https:\/\/api.w.org\/{rel}","templated":true}]}}