{"id":1039,"date":"2019-01-08T05:26:08","date_gmt":"2019-01-08T10:26:08","guid":{"rendered":"https:\/\/www.archspm.org\/faithful-citizenship\/"},"modified":"2025-04-30T13:25:31","modified_gmt":"2025-04-30T17:25:31","slug":"faithful-citizenship","status":"publish","type":"page","link":"https:\/\/www.archspm.org\/es\/faithful-citizenship\/","title":{"rendered":"Ciudadan\u00eda fiel"},"content":{"rendered":"<div data-elementor-type=\"wp-page\" data-elementor-id=\"1039\" class=\"elementor elementor-1039\" data-elementor-post-type=\"page\">\n\t\t\t\t<div class=\"elementor-element elementor-element-4efe11ac e-flex e-con-boxed e-con e-parent\" data-id=\"4efe11ac\" data-element_type=\"container\" data-e-type=\"container\" data-settings=\"{&quot;jet_parallax_layout_list&quot;:[]}\">\n\t\t\t\t\t<div class=\"e-con-inner\">\n\t\t\t\t<div class=\"elementor-element elementor-element-45845d5 elementor-widget elementor-widget-text-editor\" data-id=\"45845d5\" data-element_type=\"widget\" data-e-type=\"widget\" data-widget_type=\"text-editor.default\">\n\t\t\t\t\t\t\t\t\t<p>En <a href=\"https:\/\/www.mncatholic.org\/\" target=\"_blank\" rel=\"noopener noreferrer\">Conferencia Cat\u00f3lica de Minnesota<\/a> es el portavoz pol\u00edtico de la Iglesia Cat\u00f3lica en Minnesota (MCC). Apoya el ministerio de los obispos cat\u00f3licos de nuestro estado mediante:<\/p><ul><li>Colaborar con l\u00edderes pol\u00edticos y comunitarios para elaborar leyes que respeten la dignidad humana y promuevan el bien com\u00fan<\/li><li>Sensibilizar a los cat\u00f3licos y al p\u00fablico en general sobre el marco \u00e9tico y moral que debe aplicarse a las decisiones en materia de pol\u00edticas p\u00fablicas<\/li><li>Movilizar a la comunidad cat\u00f3lica para que haga o\u00edr su voz en la esfera p\u00fablica<\/li><\/ul><p>Los propios obispos de Minnesota constituyen los miembros de la Conferencia y cuentan actualmente con el apoyo de un equipo de seis laicos con sede en la sede central de la MCC en St. Paul, Minnesota, adem\u00e1s de tres comit\u00e9s formados por cat\u00f3licos laicos y religiosos que representan a las seis di\u00f3cesis de Minnesota: Arquidi\u00f3cesis de St. Paul y Minneapolis, Di\u00f3cesis de Crookston, Di\u00f3cesis de Duluth, Di\u00f3cesis de New Ulm, Di\u00f3cesis de St. Cloud y la Di\u00f3cesis de Winona-Rochester.<strong>Red Cat\u00f3lica de Defensa<\/strong><\/p><p>Se anima a los cat\u00f3licos de todo Minnesota a <a href=\"https:\/\/www.mncatholic.org\/actioncenter\/?vvsrc=%2fRegister%3fuser%3dFMHj2CgN-3k1SiGjGZfaMw\" target=\"_blank\" rel=\"noopener noreferrer\">\u00danete a la Red de Defensa Cat\u00f3lica<\/a> para recibir alertas de acci\u00f3n que le permitan ponerse r\u00e1pidamente en contacto con sus representantes legislativos sobre temas que afectan a la vida y la dignidad humana, adem\u00e1s de recursos para vivir una ciudadan\u00eda fiel, novedades sobre eventos y noticias de Minnesota, Estados Unidos y mucho m\u00e1s.<\/p><p>Las personas interesadas en asumir un papel de liderazgo m\u00e1s destacado en su comunidad o parroquia para ayudar a sus vecinos a vivir una ciudadan\u00eda fiel y defender la vida y la dignidad humana pueden ponerse en contacto con <a href=\"http:\/\/www.mncatholic.org\" target=\"_blank\" rel=\"noopener noreferrer\">Conferencia Cat\u00f3lica de Minnesota<\/a><a href=\"mailto:rherbeck@mncatholic.org\" target=\"_blank\" rel=\"noopener noreferrer\">\u00a0<\/a>para obtener informaci\u00f3n sobre c\u00f3mo convertirse en l\u00edder de distrito o embajador parroquial.<\/p><blockquote><p style=\"text-align: center;\">La pol\u00edtica, seg\u00fan la Doctrina Social de la Iglesia, es una de las formas m\u00e1s elevadas de caridad, porque est\u00e1 al servicio del bien com\u00fan\u2026 Debemos participar por el bien com\u00fan. A veces se oye decir: \u00abUn buen cat\u00f3lico no se interesa por la pol\u00edtica\u00bb. Esto no es cierto: los buenos cat\u00f3licos se involucran en la pol\u00edtica ofreciendo lo mejor de s\u00ed mismos para que el gobernante pueda gobernar. \u2013 Papa Francisco, 16 de septiembre de 2013<\/p><\/blockquote><main><div class=\"container content_container\"><div class=\"row\"><div class=\"col s12 m12 l12\"><div id=\"primary\"><h2>Recursos<\/h2><ul><li class=\"resources_wrapper\"><a href=\"https:\/\/www.mncatholic.org\/\" target=\"_blank\" rel=\"noopener\">Conferencia Cat\u00f3lica de Minnesota<\/a><\/li><li class=\"resources_wrapper\"><a href=\"https:\/\/www.mncatholic.org\/advocacy-areas\/\" target=\"_blank\" rel=\"noopener\">\u00c1reas de defensa<\/a><\/li><li class=\"resources_wrapper\"><a href=\"http:\/\/www.catholicsatthecapitol.org\/\" target=\"_blank\" rel=\"noopener\">Cat\u00f3licos en el Capitolio<\/a><\/li><li class=\"resources_wrapper\"><a href=\"https:\/\/www.youtube.com\/playlist?list=PLiLIkHfUgokkx1UoLpwRitxtEVTPsoez8\" target=\"_blank\" rel=\"noopener\">Dentro del Capitolio<\/a><\/li><li class=\"resources_wrapper\"><a href=\"https:\/\/soundcloud.com\/user-98494476\" target=\"_blank\" rel=\"noopener\">Podcast \u00abBridge Builder\u00bb<\/a><\/li><li class=\"resources_wrapper\"><a href=\"https:\/\/www.mncatholic.org\/advocacyarea\/catholic-social-teaching\/\" target=\"_blank\" rel=\"noopener\">Doctrina social de la Iglesia<\/a><\/li><li class=\"resources_wrapper\"><a href=\"https:\/\/www.mncatholic.org\/ourcommonhome\/\" target=\"_blank\" rel=\"noopener\">Minnesota, nuestra casa com\u00fan (ecolog\u00eda integral)<\/a><\/li><li class=\"resources_wrapper\"><a href=\"http:\/\/www.usccb.org\/issues-and-action\/faithful-citizenship\/index.cfm\" target=\"_blank\" rel=\"noopener\">USCCB \u2013 Ciudadan\u00eda fiel<\/a><\/li><li class=\"resources_wrapper\"><a href=\"https:\/\/www.usccb.org\/civilizeit\" target=\"_blank\" rel=\"noopener\">USCCB \u2013 \u00abCivilic\u00e9monos\u00bb: una pol\u00edtica mejor<\/a><\/li><\/ul><\/div><\/div><\/div><\/div><\/main><footer><div class=\"cta\"><div class=\"container\"><div class=\"row\">\u00a0<\/div><\/div><\/div><\/footer>\t\t\t\t\t\t\t\t<\/div>\n\t\t\t\t\t<\/div>\n\t\t\t\t<\/div>\n\t\t\t\t<\/div>","protected":false},"excerpt":{"rendered":"<p>The Minnesota Catholic Conference is the policy voice of the Catholic Church in Minnesota (MCC). It supports the ministry of our state\u2019s Catholic bishops by: Working with political and community leaders to shape legislation that serves human dignity and the common good Educating Catholics and the public about the ethical and moral framework that should [&hellip;]<\/p>\n","protected":false},"author":2,"featured_media":8271,"parent":0,"menu_order":0,"comment_status":"closed","ping_status":"closed","template":"","meta":{"footnotes":""},"class_list":["post-1039","page","type-page","status-publish","has-post-thumbnail","hentry"],"_links":{"self":[{"href":"https:\/\/www.archspm.org\/es\/wp-json\/wp\/v2\/pages\/1039","targetHints":{"allow":["GET"]}}],"collection":[{"href":"https:\/\/www.archspm.org\/es\/wp-json\/wp\/v2\/pages"}],"about":[{"href":"https:\/\/www.archspm.org\/es\/wp-json\/wp\/v2\/types\/page"}],"author":[{"embeddable":true,"href":"https:\/\/www.archspm.org\/es\/wp-json\/wp\/v2\/users\/2"}],"replies":[{"embeddable":true,"href":"https:\/\/www.archspm.org\/es\/wp-json\/wp\/v2\/comments?post=1039"}],"version-history":[{"count":0,"href":"https:\/\/www.archspm.org\/es\/wp-json\/wp\/v2\/pages\/1039\/revisions"}],"wp:featuredmedia":[{"embeddable":true,"href":"https:\/\/www.archspm.org\/es\/wp-json\/wp\/v2\/media\/8271"}],"wp:attachment":[{"href":"https:\/\/www.archspm.org\/es\/wp-json\/wp\/v2\/media?parent=1039"}],"curies":[{"name":"wp","href":"https:\/\/api.w.org\/{rel}","templated":true}]}}