{"id":1043,"date":"2019-01-09T03:57:27","date_gmt":"2019-01-09T08:57:27","guid":{"rendered":"https:\/\/www.archspm.org\/?page_id=1043"},"modified":"2025-04-29T17:18:26","modified_gmt":"2025-04-29T21:18:26","slug":"protecting-vulnerable-adults","status":"publish","type":"page","link":"https:\/\/www.archspm.org\/es\/protecting-vulnerable-adults\/","title":{"rendered":"Protecci\u00f3n de adultos vulnerables"},"content":{"rendered":"<div data-elementor-type=\"wp-page\" data-elementor-id=\"1043\" class=\"elementor elementor-1043\" data-elementor-post-type=\"page\">\n\t\t\t\t<div class=\"elementor-element elementor-element-1ae59dc e-flex e-con-boxed e-con e-parent\" data-id=\"1ae59dc\" data-element_type=\"container\" data-e-type=\"container\" data-settings=\"{&quot;jet_parallax_layout_list&quot;:[]}\">\n\t\t\t\t\t<div class=\"e-con-inner\">\n\t\t\t\t<div class=\"elementor-element elementor-element-529b9aeb elementor-widget elementor-widget-text-editor\" data-id=\"529b9aeb\" data-element_type=\"widget\" data-e-type=\"widget\" data-widget_type=\"text-editor.default\">\n\t\t\t\t\t\t\t\t\t<p><img decoding=\"async\" class=\"wp-image-4719 alignright\" src=\"https:\/\/www.archspm.org\/wp-content\/uploads\/2025\/03\/VulnerableAdults.jpg\" alt=\"VulnerableAdults\" \/>Muchas personas dedican su tiempo y talento al ministerio parroquial para ayudar a nuestros hermanos y hermanas mayores, enfermos o con discapacidades. Con el fin de garantizar una comprensi\u00f3n clara de las funciones y los l\u00edmites, una selecci\u00f3n adecuada y un buen apoyo a quienes se dedican al ministerio con adultos vulnerables, la arquidi\u00f3cesis ha establecido el\u00a0<strong>Esencial 3 (E3)<\/strong>\u00a0Requisitos:<\/p><ul><li>Verificaci\u00f3n de antecedentes<\/li><li>C\u00f3digo de conducta<\/li><li>Capacitaci\u00f3n sobre entornos seguros<\/li><\/ul><p>\u00bfPreguntas? Comun\u00edquese con el coordinador de entorno seguro de su parroquia.<\/p><div class=\"callout\"><p>Un adulto vulnerable es una persona con una enfermedad u otra condici\u00f3n f\u00edsica, mental o emocional que le impide defenderse o protegerse a s\u00ed misma, o pedir ayuda si sufre abusos.<\/p><\/div><p>\u00a0<\/p>\t\t\t\t\t\t\t\t<\/div>\n\t\t\t\t\t<\/div>\n\t\t\t\t<\/div>\n\t\t\t\t<\/div>","protected":false},"excerpt":{"rendered":"<p>Many people give of their time and talent in parish ministry to our brothers and sisters who are elderly, suffering from illness or living with disability. In order to ensure clear understanding of roles and boundaries, proper screening, and good support for those engaging in ministry with vulnerable adults, the archdiocese has established the\u00a0Essential 3 [&hellip;]<\/p>\n","protected":false},"author":2,"featured_media":0,"parent":0,"menu_order":0,"comment_status":"closed","ping_status":"closed","template":"","meta":{"footnotes":""},"class_list":["post-1043","page","type-page","status-publish","hentry"],"_links":{"self":[{"href":"https:\/\/www.archspm.org\/es\/wp-json\/wp\/v2\/pages\/1043","targetHints":{"allow":["GET"]}}],"collection":[{"href":"https:\/\/www.archspm.org\/es\/wp-json\/wp\/v2\/pages"}],"about":[{"href":"https:\/\/www.archspm.org\/es\/wp-json\/wp\/v2\/types\/page"}],"author":[{"embeddable":true,"href":"https:\/\/www.archspm.org\/es\/wp-json\/wp\/v2\/users\/2"}],"replies":[{"embeddable":true,"href":"https:\/\/www.archspm.org\/es\/wp-json\/wp\/v2\/comments?post=1043"}],"version-history":[{"count":0,"href":"https:\/\/www.archspm.org\/es\/wp-json\/wp\/v2\/pages\/1043\/revisions"}],"wp:attachment":[{"href":"https:\/\/www.archspm.org\/es\/wp-json\/wp\/v2\/media?parent=1043"}],"curies":[{"name":"wp","href":"https:\/\/api.w.org\/{rel}","templated":true}]}}