{"id":1048,"date":"2019-01-09T07:50:18","date_gmt":"2019-01-09T12:50:18","guid":{"rendered":"https:\/\/www.archspm.org\/locations\/"},"modified":"2024-12-19T22:24:21","modified_gmt":"2024-12-20T03:24:21","slug":"locations","status":"publish","type":"page","link":"https:\/\/www.archspm.org\/es\/locations\/","title":{"rendered":"Ubicaciones"},"content":{"rendered":"<p>Encuentre una parroquia en la regi\u00f3n de 12 condados de la Archidi\u00f3cesis de Saint Paul y Minneapolis utilizando el mapa y las herramientas de b\u00fasqueda que aparecen a continuaci\u00f3n.<\/p>\n<p>NUEVO: <a href=\"https:\/\/spmcatholicschools.org\/find-a-school\/\" target=\"_blank\" rel=\"noopener\">Encontrar una escuela cat\u00f3lica<\/a> sobre el nuevo <a href=\"https:\/\/spmcatholicschools.org\/\" target=\"_blank\" rel=\"noopener\">P\u00e1gina web de las escuelas cat\u00f3licas<\/a>.<\/p>\n<p>Utilice <strong>B\u00fasqueda avanzada<\/strong> para encontrar horarios e idiomas de misas, as\u00ed como horarios de reconciliaci\u00f3n y adoraci\u00f3n, retransmisiones en directo y mucho m\u00e1s. Tambi\u00e9n puede consultar <a href=\"https:\/\/archspmmainsite.s3.amazonaws.com\/Misc\/Copy+of+Chapel+Address+New_2024.pdf\" target=\"_blank\" rel=\"noopener\">este listado de capillas de adoraci\u00f3n perpetua<\/a> en la archidi\u00f3cesis (actualizado en enero de 2024).<\/p>\n<p><strong>Si busca una misa para las fiestas<\/strong> <strong>(como la Navidad, el Triduo y la Pascua)<\/strong> o un D\u00eda Santo de Obligaci\u00f3n, por favor seleccione una parroquia y luego visite el sitio web de la parroquia, que se incluye en los listados de abajo, para ver los horarios especiales de Misa.<\/p>\n<p><strong>\u00bfDesea saber m\u00e1s sobre la Misa?<\/strong> Escuchar <a href=\"https:\/\/open.spotify.com\/playlist\/0ma0N5Y4nGiTUx0nUVDHXE?si=ac4745ebac514cff&amp;nd=1\" target=\"_blank\" rel=\"noopener\">Clase Masa<\/a> en el podcast Practicing Catholic.<\/p>\n<p><strong>Actualizaciones de ubicaci\u00f3n:<\/strong> \u00bfConoce alg\u00fan lugar que no est\u00e9 aqu\u00ed o tiene alguna actualizaci\u00f3n de un lugar que ya est\u00e9 en la lista? <a href=\"https:\/\/www.archspm.org\/es\/locations\/new-location-location-details\/\">P\u00f3ngase en contacto con nosotros.<\/a><\/p>\n<h4>V\u00eddeo: C\u00f3mo encontrar una hora de misa<\/h4>\n<p>Aprenda a utilizar la herramienta de b\u00fasqueda avanzada de esta p\u00e1gina para encontrar una hora de misa.<\/p>\n<p><iframe title=\"Archdiocese Locations Search 101: C\u00f3mo encontrar una misa\" width=\"800\" height=\"450\" src=\"https:\/\/www.youtube.com\/embed\/obJTeCAaKFU?list=PLlQsTJh9Td9l1Of7SW7Ta4X_ARvqgQO1N\" frameborder=\"0\" allow=\"accelerometer; autoplay; clipboard-write; encrypted-media; gyroscope; picture-in-picture; web-share\" referrerpolicy=\"strict-origin-when-cross-origin\" allowfullscreen><\/iframe><\/p>\n<p><em>Para obtener m\u00e1s informaci\u00f3n sobre el uso de la herramienta de b\u00fasqueda avanzada, consulte <a href=\"https:\/\/www.youtube.com\/watch?v=IBTuZ40psaU&amp;list=PLlQsTJh9Td9l1Of7SW7Ta4X_ARvqgQO1N&amp;index=2\" target=\"_blank\" rel=\"noopener\">este v\u00eddeo<\/a>.<\/em><a name=\"advanced\"><\/a><\/p>\n<h4>Consejos de b\u00fasqueda avanzada<\/h4>\n<p><strong>Si busca por nombre de localidad:<\/strong> Introduzca el t\u00e9rmino m\u00e1s exclusivo en la casilla \"Palabra clave o c\u00f3digo postal\" y, a continuaci\u00f3n, haga clic en la flecha de la derecha para buscar por ese t\u00e9rmino. (Ejemplo: Para \"St Mary Catholic Church, Waverly\", busque por \"Waverly\" en lugar de \"St\" o \"Mary\").<\/p>\n<p><strong>Si busca por c\u00f3digo postal:<\/strong> Introduzca el c\u00f3digo postal en la casilla \"Palabra clave o c\u00f3digo postal\" y, a continuaci\u00f3n, seleccione \"Radio de b\u00fasqueda\" en el men\u00fa desplegable para buscar dentro de ese radio.<\/p>\n<p><strong>Si busca una hora de Misa, Reconciliaci\u00f3n o Adoraci\u00f3n:<\/strong> En primer lugar <strong>B\u00fasqueda avanzada<\/strong>seleccione \"Desmarcar todo\". A continuaci\u00f3n, seleccione Parroquias, seguido del d\u00eda y hora de la Misa, Reconciliaci\u00f3n o Adoraci\u00f3n. (Tenga en cuenta que la selecci\u00f3n \"A cualquier hora\" no funciona actualmente. Rogamos disculpen las molestias).<\/p>\n<p><a href=\"https:\/\/archspmmainsite.s3.amazonaws.com\/Misc\/Chapel%2BAddress%2B2019_rev.pdf\" target=\"_blank\" rel=\"noopener\">Ver una lista de Capillas de Adoraci\u00f3n Perpetua<\/a>. (Es posible que se hayan producido cambios durante la pandemia. Por favor, verif\u00edquelo directamente con la parroquia).<\/p>\n<p><a href=\"https:\/\/s3.amazonaws.com\/archspmmainsite\/Resources\/ArchMap--Parishes-Deaneries-COLORRamped_061516.pdf\" target=\"_blank\" rel=\"noopener\">Ver el mapa de l\u00edmites parroquiales y decanatos<\/a>.<\/p>\n<h4 class=\"post-title\">Vuelve la obligaci\u00f3n dominical en Minnesota<\/h4>\n<p><span data-contrast=\"auto\">Los obispos y administradores diocesanos de la Conferencia Cat\u00f3lica de Minnesota restablecieron la obligaci\u00f3n de asistir a misa los domingos y d\u00edas de precepto el fin de semana del 3 y 4 de julio de 2021.<\/span><span data-ccp-props=\"{&quot;201341983&quot;:0,&quot;335551550&quot;:1,&quot;335551620&quot;:1,&quot;335559739&quot;:160,&quot;335559740&quot;:259}\">\u00a0<\/span><\/p>\n<p><span data-contrast=\"none\">Sigue habiendo razones por las que un cat\u00f3lico tiene dispensa de la obligaci\u00f3n dominical, como cuando est\u00e1 enfermo o cuidando a alguien que no puede asistir a Misa. Se pide a los fieles que no asisten a Misa en persona que busquen una Misa en la televisi\u00f3n, la radio o en l\u00ednea (busque las opciones de retransmisi\u00f3n en directo utilizando la B\u00fasqueda avanzada en esta p\u00e1gina) y hagan una <a href=\"https:\/\/www.archspm.org\/es\/faith-and-discipleship\/prayer\/catholic-prayers\/act-of-spiritual-communion\/\">Comuni\u00f3n espiritual<\/a>. Cuando esto no sea posible, convendr\u00eda rezar el\u00a0<a href=\"https:\/\/apps.apple.com\/us\/app\/ibreviary-pro-terra-sancta\/id422601705\" target=\"_blank\" rel=\"noopener\">Liturgia de las Horas<\/a>\u00a0o el\u00a0<a href=\"https:\/\/www.archspm.org\/es\/faith-and-discipleship\/prayer\/catholic-prayers\/holy-rosary\/\">Rosario<\/a>.\u00a0<\/span><\/p>\n<p><span data-contrast=\"auto\">R<\/span><span data-contrast=\"none\">nt\u00e9rese de esta decisi\u00f3n y encuentre ejemplos de circunstancias especiales en las que a\u00fan se aplicar\u00eda una dispensa, en cartas de\u00a0<\/span><a href=\"\/es\/archbishopmassletter\/\"><span data-contrast=\"none\">Arzobispo Hebda<\/span><\/a><span data-contrast=\"none\">\u00a0y el\u00a0<\/span><a href=\"https:\/\/www.archspm.org\/es\/mccmassletter\/\"><span data-contrast=\"none\">Obispos de Minnesota<\/span><\/a><span data-contrast=\"none\">.<\/span><span data-ccp-props=\"{&quot;201341983&quot;:0,&quot;335551550&quot;:1,&quot;335551620&quot;:1,&quot;335559739&quot;:160,&quot;335559740&quot;:259}\">\u00a0<\/span><\/p>","protected":false},"excerpt":{"rendered":"<p>Find a parish within the 12-county region of the\u00a0\u00a0Archdiocese of Saint Paul and Minneapolis using the map and search tools below. NEW: Find a Catholic school on the new Catholic schools website. Use Advanced Search to find Mass times and languages, as well as Reconciliation and Adoration Times, livestreams and more. You may also see [&hellip;]<\/p>\n","protected":false},"author":2,"featured_media":0,"parent":0,"menu_order":0,"comment_status":"closed","ping_status":"closed","template":"","meta":{"footnotes":""},"class_list":["post-1048","page","type-page","status-publish","hentry"],"_links":{"self":[{"href":"https:\/\/www.archspm.org\/es\/wp-json\/wp\/v2\/pages\/1048","targetHints":{"allow":["GET"]}}],"collection":[{"href":"https:\/\/www.archspm.org\/es\/wp-json\/wp\/v2\/pages"}],"about":[{"href":"https:\/\/www.archspm.org\/es\/wp-json\/wp\/v2\/types\/page"}],"author":[{"embeddable":true,"href":"https:\/\/www.archspm.org\/es\/wp-json\/wp\/v2\/users\/2"}],"replies":[{"embeddable":true,"href":"https:\/\/www.archspm.org\/es\/wp-json\/wp\/v2\/comments?post=1048"}],"version-history":[{"count":0,"href":"https:\/\/www.archspm.org\/es\/wp-json\/wp\/v2\/pages\/1048\/revisions"}],"wp:attachment":[{"href":"https:\/\/www.archspm.org\/es\/wp-json\/wp\/v2\/media?parent=1048"}],"curies":[{"name":"wp","href":"https:\/\/api.w.org\/{rel}","templated":true}]}}