{"id":1050,"date":"2019-01-09T08:28:20","date_gmt":"2019-01-09T13:28:20","guid":{"rendered":"https:\/\/www.archspm.org\/privacy\/"},"modified":"2025-07-25T12:02:55","modified_gmt":"2025-07-25T16:02:55","slug":"privacy","status":"publish","type":"page","link":"https:\/\/www.archspm.org\/es\/privacy\/","title":{"rendered":"Privacidad"},"content":{"rendered":"<div data-elementor-type=\"wp-page\" data-elementor-id=\"1050\" class=\"elementor elementor-1050\" data-elementor-post-type=\"page\">\n\t\t\t\t<div class=\"elementor-element elementor-element-4260a226 e-flex e-con-boxed e-con e-parent\" data-id=\"4260a226\" data-element_type=\"container\" data-e-type=\"container\" data-settings=\"{&quot;jet_parallax_layout_list&quot;:[]}\">\n\t\t\t\t\t<div class=\"e-con-inner\">\n\t\t\t\t<div class=\"elementor-element elementor-element-21eb9f75 elementor-widget elementor-widget-text-editor\" data-id=\"21eb9f75\" data-element_type=\"widget\" data-e-type=\"widget\" data-widget_type=\"text-editor.default\">\n\t\t\t\t\t\t\t\t\t<p><b>Pol\u00edtica de privacidad de Archspm.org<\/b><b><br \/><\/b> <b>Fecha de entrada en vigor:<\/b><span style=\"font-weight: 400;\"> 29 de mayo de 2025<\/span><\/p><p><span style=\"font-weight: 400;\">La Arquidi\u00f3cesis de Saint Paul y Minneapolis (\u201cnosotros\u201d, \u201cnuestro\u201d o \u201cnos\u201d) respeta su privacidad y se compromete a proteger la informaci\u00f3n personal que comparte con nosotros a trav\u00e9s de nuestro sitio web, archspm.org, y sitios web relacionados (careers.archspm.org y missionsupport.archspm.org).<\/span><\/p><p><span style=\"font-weight: 400;\">Esta Pol\u00edtica de Privacidad explica c\u00f3mo recopilamos, utilizamos y protegemos su informaci\u00f3n personal, as\u00ed como sus derechos y opciones con respecto a dicha informaci\u00f3n.<\/span><\/p><h3><b>1. Informaci\u00f3n que recopilamos<\/b><\/h3><p><span style=\"font-weight: 400;\">Podemos recopilar los siguientes tipos de informaci\u00f3n personal cuando interact\u00faa con nuestro sitio web:<\/span><\/p><ul><li style=\"font-weight: 400;\" aria-level=\"1\"><span style=\"font-weight: 400;\">Nombre, direcci\u00f3n de correo electr\u00f3nico, n\u00famero de tel\u00e9fono y direcci\u00f3n postal (por ejemplo, cuando rellenas un formulario de contacto, te suscribes a un bolet\u00edn informativo o te registras en un evento).<\/span><\/li><li style=\"font-weight: 400;\" aria-level=\"1\"><span style=\"font-weight: 400;\">Informaci\u00f3n sobre la donaci\u00f3n (importe, m\u00e9todo de pago, datos de la transacci\u00f3n)<\/span><\/li><li style=\"font-weight: 400;\" aria-level=\"1\"><span style=\"font-weight: 400;\">Datos t\u00e9cnicos como la direcci\u00f3n IP, el tipo de navegador y la informaci\u00f3n del dispositivo (a trav\u00e9s de cookies o herramientas de an\u00e1lisis).<\/span><\/li><li style=\"font-weight: 400;\" aria-level=\"1\"><span style=\"font-weight: 400;\">Cualquier otra informaci\u00f3n que env\u00ede voluntariamente a trav\u00e9s de formularios o comunicaciones.<\/span><\/li><\/ul><h3><b>2. C\u00f3mo utilizamos su informaci\u00f3n<\/b><\/h3><p><span style=\"font-weight: 400;\">Utilizamos su informaci\u00f3n para:<\/span><\/p><ul><li style=\"font-weight: 400;\" aria-level=\"1\"><span style=\"font-weight: 400;\">Comunicarnos con usted sobre noticias, eventos, ministerios y otra informaci\u00f3n de inter\u00e9s.<\/span><\/li><li style=\"font-weight: 400;\" aria-level=\"1\"><span style=\"font-weight: 400;\">Procesar donaciones y confirmar transacciones.<\/span><\/li><li style=\"font-weight: 400;\" aria-level=\"1\"><span style=\"font-weight: 400;\">Responder a sus consultas y solicitudes.<\/span><\/li><li style=\"font-weight: 400;\" aria-level=\"1\"><span style=\"font-weight: 400;\">Mejorar nuestro sitio web, nuestros servicios y nuestro alcance.<\/span><\/li><li style=\"font-weight: 400;\" aria-level=\"1\"><span style=\"font-weight: 400;\">Cumplir con las obligaciones legales.<\/span><\/li><\/ul><h3><b>3. Cookies y tecnolog\u00edas de seguimiento<\/b><\/h3><p><span style=\"font-weight: 400;\">Utilizamos cookies y tecnolog\u00edas similares para:<\/span><\/p><ul><li style=\"font-weight: 400;\" aria-level=\"1\"><span style=\"font-weight: 400;\">Comprender c\u00f3mo interact\u00faan los visitantes con nuestro sitio web.<\/span><\/li><li style=\"font-weight: 400;\" aria-level=\"1\"><span style=\"font-weight: 400;\">Mejorar la experiencia del usuario<\/span><\/li><li style=\"font-weight: 400;\" aria-level=\"1\"><span style=\"font-weight: 400;\">Habilita funciones como el inicio de sesi\u00f3n, los formularios y la reproducci\u00f3n de medios.<\/span><\/li><\/ul><p><b>Tambi\u00e9n utilizamos herramientas de seguimiento de terceros, como Google Analytics y Facebook Pixel.,<\/b><span style=\"font-weight: 400;\"> para ayudarnos a medir el tr\u00e1fico, supervisar la eficacia de nuestras comunicaciones y ofrecer contenido relevante a los usuarios. Estos servicios pueden recopilar informaci\u00f3n como su direcci\u00f3n IP, tipo de navegador y patrones de uso. Puede obtener m\u00e1s informaci\u00f3n y gestionar sus preferencias a trav\u00e9s de la configuraci\u00f3n de su navegador o de las herramientas de exclusi\u00f3n voluntaria proporcionadas por Google y Facebook.<\/span><\/p><p><b>Nota:<\/b><span style=\"font-weight: 400;\"> En algunos casos, podemos utilizar herramientas de inteligencia artificial como ChatGPT para ayudar en la edici\u00f3n o el resumen de contenidos. En este proceso no se comparte ninguna informaci\u00f3n de identificaci\u00f3n personal con las herramientas de inteligencia artificial.<\/span><\/p><p><span style=\"font-weight: 400;\">Puede desactivar las cookies a trav\u00e9s de la configuraci\u00f3n de su navegador. Tenga en cuenta que algunas funciones del sitio pueden no funcionar correctamente si se desactivan las cookies.<\/span><\/p><h3><b>4. Intercambio de informaci\u00f3n<\/b><\/h3><p><span style=\"font-weight: 400;\">No vendemos, intercambiamos ni alquilamos sus datos personales. Podemos compartir su informaci\u00f3n con:<\/span><\/p><ul><li style=\"font-weight: 400;\" aria-level=\"1\"><span style=\"font-weight: 400;\">Proveedores de servicios externos de confianza (por ejemplo, procesadores de donaciones, plataformas de correo electr\u00f3nico); estos incluyen, entre otros, Mailchimp (ver pol\u00edticas legales). <a href=\"https:\/\/mailchimp.com\/legal\/\" target=\"_blank\" rel=\"noopener\">aqu\u00ed<\/a>) y Flocknote (ver pol\u00edtica de privacidad y seguridad <a href=\"https:\/\/flocknote.com\/privacy\/\" target=\"_blank\" rel=\"noopener\">aqu\u00ed<\/a>)<\/span><\/li><li style=\"font-weight: 400;\" aria-level=\"1\"><span style=\"font-weight: 400;\">Autoridades legales, si as\u00ed lo exige la ley o para proteger nuestros derechos.<\/span><\/li><\/ul><p><span style=\"font-weight: 400;\">Todos los terceros est\u00e1n obligados a mantener la confidencialidad y seguridad de su informaci\u00f3n.<\/span><\/p><h3><b>5. Seguridad de los datos<\/b><\/h3><p><span style=\"font-weight: 400;\">Implementamos medidas de seguridad administrativas, t\u00e9cnicas y f\u00edsicas para proteger su informaci\u00f3n personal contra el acceso o la divulgaci\u00f3n no autorizados.<\/span><\/p><h3><b>6. Sus derechos<\/b><\/h3><p><span style=\"font-weight: 400;\">Dependiendo de su jurisdicci\u00f3n, usted puede tener derecho a:<\/span><\/p><ul><li style=\"font-weight: 400;\" aria-level=\"1\"><span style=\"font-weight: 400;\">Acceda a los datos personales que tenemos sobre usted.<\/span><\/li><li style=\"font-weight: 400;\" aria-level=\"1\"><span style=\"font-weight: 400;\">Corrija o actualice su informaci\u00f3n.<\/span><\/li><li style=\"font-weight: 400;\" aria-level=\"1\"><span style=\"font-weight: 400;\">Solicite la eliminaci\u00f3n de sus datos personales.<\/span><\/li><li style=\"font-weight: 400;\" aria-level=\"1\"><span style=\"font-weight: 400;\">Retirar el consentimiento para determinados usos<\/span><\/li><\/ul><p><span style=\"font-weight: 400;\">Para realizar dicha solicitud, cont\u00e1ctenos utilizando la informaci\u00f3n que se indica a continuaci\u00f3n.<\/span><\/p><h3><b>7. Privacidad de los ni\u00f1os<\/b><\/h3><p><span style=\"font-weight: 400;\">Nuestro sitio web no est\u00e1 dirigido a ni\u00f1os menores de 13 a\u00f1os y no recopilamos deliberadamente informaci\u00f3n personal sobre ellos. Si tenemos conocimiento de que se ha recopilado dicha informaci\u00f3n, la eliminaremos de inmediato.<\/span><\/p><h3><b>8. Enlaces a otros sitios web<\/b><\/h3><p><span style=\"font-weight: 400;\">Nuestro sitio puede contener enlaces a otros sitios web. No nos hacemos responsables de las pr\u00e1cticas de privacidad ni del contenido de dichos sitios de terceros.<\/span><\/p><h3><b>9. Actualizaciones de esta pol\u00edtica<\/b><\/h3><p><span style=\"font-weight: 400;\">Podemos actualizar esta Pol\u00edtica de Privacidad peri\u00f3dicamente. Los cambios se publicar\u00e1n en esta p\u00e1gina con la fecha de entrada en vigor actualizada.<\/span><\/p><h3><b>10. Cont\u00e1ctenos<\/b><\/h3><p><span style=\"font-weight: 400;\">Si tiene alguna pregunta o duda sobre esta Pol\u00edtica de privacidad, p\u00f3ngase en contacto con:<\/span><\/p><p><b>Archidi\u00f3cesis de Saint Paul y Minneapolis<\/b><b><br \/><\/b><span style=\"font-weight: 400;\"> Sitio web: <\/span><a href=\"https:\/\/www.archspm.org\/es\/\"><span style=\"font-weight: 400;\">https:\/\/www.archspm.org<\/span><span style=\"font-weight: 400;\"><br \/><\/span><\/a><span style=\"font-weight: 400;\"> Correo electr\u00f3nico: <a href=\"mailto:hello@archspm.org\">hello@archspm.org<\/a><\/span><span style=\"font-weight: 400;\"><br \/><\/span><span style=\"font-weight: 400;\"> Tel: 651-291-4400<\/span><span style=\"font-weight: 400;\"><br \/><\/span><span style=\"font-weight: 400;\"> Direcci\u00f3n: 777 Forest Street, Saint Paul, MN 55106-3857<\/span><\/p><p>\u00a0<\/p>\t\t\t\t\t\t\t\t<\/div>\n\t\t\t\t\t<\/div>\n\t\t\t\t<\/div>\n\t\t\t\t<\/div>","protected":false},"excerpt":{"rendered":"<p>Esta Pol\u00edtica de Privacidad explica c\u00f3mo recopilamos, utilizamos y protegemos su informaci\u00f3n personal, as\u00ed como sus derechos y opciones con respecto a dicha informaci\u00f3n.<\/p>","protected":false},"author":2,"featured_media":0,"parent":0,"menu_order":0,"comment_status":"closed","ping_status":"closed","template":"","meta":{"footnotes":""},"class_list":["post-1050","page","type-page","status-publish","hentry"],"_links":{"self":[{"href":"https:\/\/www.archspm.org\/es\/wp-json\/wp\/v2\/pages\/1050","targetHints":{"allow":["GET"]}}],"collection":[{"href":"https:\/\/www.archspm.org\/es\/wp-json\/wp\/v2\/pages"}],"about":[{"href":"https:\/\/www.archspm.org\/es\/wp-json\/wp\/v2\/types\/page"}],"author":[{"embeddable":true,"href":"https:\/\/www.archspm.org\/es\/wp-json\/wp\/v2\/users\/2"}],"replies":[{"embeddable":true,"href":"https:\/\/www.archspm.org\/es\/wp-json\/wp\/v2\/comments?post=1050"}],"version-history":[{"count":0,"href":"https:\/\/www.archspm.org\/es\/wp-json\/wp\/v2\/pages\/1050\/revisions"}],"wp:attachment":[{"href":"https:\/\/www.archspm.org\/es\/wp-json\/wp\/v2\/media?parent=1050"}],"curies":[{"name":"wp","href":"https:\/\/api.w.org\/{rel}","templated":true}]}}