{"id":1056,"date":"2019-01-10T09:28:41","date_gmt":"2019-01-10T14:28:41","guid":{"rendered":"https:\/\/www.archspm.org\/bishopsrequest\/"},"modified":"2026-04-08T11:39:10","modified_gmt":"2026-04-08T15:39:10","slug":"bishopsrequest","status":"publish","type":"page","link":"https:\/\/www.archspm.org\/es\/bishopsrequest\/","title":{"rendered":"Formulario de solicitud de participaci\u00f3n del arzobispo"},"content":{"rendered":"<div data-elementor-type=\"wp-page\" data-elementor-id=\"1056\" class=\"elementor elementor-1056\" data-elementor-post-type=\"page\">\n\t\t\t\t<div class=\"elementor-element elementor-element-5d484abf e-flex e-con-boxed e-con e-parent\" data-id=\"5d484abf\" data-element_type=\"container\" data-e-type=\"container\" data-settings=\"{&quot;jet_parallax_layout_list&quot;:[]}\">\n\t\t\t\t\t<div class=\"e-con-inner\">\n\t\t\t\t<div class=\"elementor-element elementor-element-391c3c44 elementor-widget elementor-widget-text-editor\" data-id=\"391c3c44\" data-element_type=\"widget\" data-e-type=\"widget\" data-widget_type=\"text-editor.default\">\n\t\t\t\t\t\t\t\t\t<h3><strong>Formulario de solicitud de participaci\u00f3n del arzobispo<\/strong><\/h3><ul><li>Para eventos que se celebren a partir del<strong> Del 1 de julio de 2026 al 30 de junio de 2027.,\u00a0<\/strong>por favor, haga clic\u00a0<strong><a href=\"https:\/\/www.archspm.org\/es\/archbishop-bishop-participation-request-form-2026-2027\/\">aqu\u00ed<\/a><\/strong> para completar y enviar su formulario de solicitud. Las solicitudes se revisar\u00e1n por orden de recepci\u00f3n tras la Revisi\u00f3n Anual de los Obispos, a partir de mayo de 2026.<\/li><li>Para eventos que se celebren <em>antes del 30 de junio de 2026<\/em>, haga clic aqu\u00ed.\u00a0<a href=\"https:\/\/www.archspm.org\/es\/archbishop-bishop-participation-request-form-2025-2026\/\"><strong>aqu\u00ed<\/strong><\/a> para completar y enviar su formulario de solicitud. Las solicitudes se revisar\u00e1n por orden de recepci\u00f3n.<\/li><\/ul><p><strong>Env\u00ede un formulario por cada solicitud de evento.<\/strong>\u00a0y aseg\u00farese de completar todos los campos obligatorios del formulario.<\/p><p>Una vez que la solicitud se haya enviado correctamente, recibir\u00e1s un correo electr\u00f3nico de confirmaci\u00f3n. <strong>(Si no recibe un correo electr\u00f3nico de confirmaci\u00f3n, es posible que su solicitud no haya sido recibida).<\/strong><\/p><p><strong>Si su solicitud es una misa y ha sido confirmada por el arzobispo o la oficina del obispo, complete el documento de planificaci\u00f3n de misa correspondiente a continuaci\u00f3n:<\/strong><\/p><ul><li><strong>Arzobispo Hebda:<\/strong><strong>\u202f<\/strong>Por favor, rellene este formulario.<a href=\"https:\/\/archspmmainsite.s3.amazonaws.com\/Offices\/Archbishop\/Mass%2BPlanning%2BDocument%2BArchbishop%2BHebda%2B2020_rev.pdf\" target=\"_blank\" rel=\"noopener\">Documento de planificaci\u00f3n masiva<\/a>\u202f(PDF, se requiere Adobe Reader o Acrobat) y env\u00edelo a la Oficina del Arzobispo a\u202f<a href=\"mailto:zangsp@archspm.org\">zangsp@archspm.org<\/a>\u00a0o\u00a0<a href=\"mailto:stevekenj@archspm.org\">stevekenj@archspm.org<\/a>.\u00a0<\/li><li><strong>Obispo Izen:<\/strong><strong>\u202f<\/strong>Por favor, rellene este formulario.\u00a0<a href=\"https:\/\/archspmmainsite.s3.amazonaws.com\/Offices\/Auxiliary+Bishop\/Mass-Planning-Document_Bishop%2BIzen.pdf\" target=\"_blank\" rel=\"noopener\">Documento de planificaci\u00f3n masiva<\/a>\u00a0(PDF, se requiere Adobe Reader o Acrobat) y env\u00edelo a la oficina del obispo Izen a\u00a0<a href=\"mailto:kaardala@archspm.org\">kaardala@archspm.org<\/a>.<\/li><li><strong>Obispo Kenney:\u00a0<\/strong>Por favor, rellene este formulario.\u00a0<a href=\"https:\/\/archspmmainsite.s3.us-east-1.amazonaws.com\/Offices\/Auxiliary+Bishop\/Mass+Planning+Form+-+Bishop+Kevin+Kenney.pdf\" target=\"_blank\" rel=\"noopener\">Documento de planificaci\u00f3n masiva<\/a>\u00a0(PDF, se requiere Adobe Reader o Acrobat) y env\u00edelo a la oficina del obispo Kenney a\u00a0<a href=\"mailto:portillam@archspm.org\">portillam@archspm.org<\/a>.<\/li><\/ul><p>Los documentos de planificaci\u00f3n de misas completados deben enviarse por correo electr\u00f3nico a a\u202f<strong>como m\u00ednimo dos semanas antes de la fecha de la misa.<\/strong><em>.<\/em><\/p>\t\t\t\t\t\t\t\t<\/div>\n\t\t\t\t\t<\/div>\n\t\t\t\t<\/div>\n\t\t<div class=\"elementor-element elementor-element-d995ce0 e-flex e-con-boxed e-con e-parent\" data-id=\"d995ce0\" data-element_type=\"container\" data-e-type=\"container\" data-settings=\"{&quot;jet_parallax_layout_list&quot;:[]}\">\n\t\t\t\t\t<div class=\"e-con-inner\">\n\t\t\t\t\t<\/div>\n\t\t\t\t<\/div>\n\t\t\t\t<\/div>","protected":false},"excerpt":{"rendered":"<p>Archbishop Participation Request Form For events taking place from July\u00a01, 2026, through June\u00a030, 2027,\u00a0please click\u00a0here to complete and submit your request form. Requests will be reviewed in the order received following the Annual Bishops\u2019 Review, beginning in May 2026. For events taking place prior to June 30, 2026, please click\u00a0here to complete and submit your [&hellip;]<\/p>\n","protected":false},"author":2,"featured_media":0,"parent":0,"menu_order":0,"comment_status":"closed","ping_status":"closed","template":"","meta":{"footnotes":""},"class_list":["post-1056","page","type-page","status-publish","hentry"],"_links":{"self":[{"href":"https:\/\/www.archspm.org\/es\/wp-json\/wp\/v2\/pages\/1056","targetHints":{"allow":["GET"]}}],"collection":[{"href":"https:\/\/www.archspm.org\/es\/wp-json\/wp\/v2\/pages"}],"about":[{"href":"https:\/\/www.archspm.org\/es\/wp-json\/wp\/v2\/types\/page"}],"author":[{"embeddable":true,"href":"https:\/\/www.archspm.org\/es\/wp-json\/wp\/v2\/users\/2"}],"replies":[{"embeddable":true,"href":"https:\/\/www.archspm.org\/es\/wp-json\/wp\/v2\/comments?post=1056"}],"version-history":[{"count":5,"href":"https:\/\/www.archspm.org\/es\/wp-json\/wp\/v2\/pages\/1056\/revisions"}],"predecessor-version":[{"id":14938,"href":"https:\/\/www.archspm.org\/es\/wp-json\/wp\/v2\/pages\/1056\/revisions\/14938"}],"wp:attachment":[{"href":"https:\/\/www.archspm.org\/es\/wp-json\/wp\/v2\/media?parent=1056"}],"curies":[{"name":"wp","href":"https:\/\/api.w.org\/{rel}","templated":true}]}}