{"id":1061,"date":"2019-01-10T17:01:03","date_gmt":"2019-01-10T22:01:03","guid":{"rendered":"https:\/\/www.archspm.org\/letter-to-the-faithful-from-archbishop-designate-hebda\/"},"modified":"2019-01-10T17:01:03","modified_gmt":"2019-01-10T22:01:03","slug":"letter-to-the-faithful-from-archbishop-designate-hebda","status":"publish","type":"page","link":"https:\/\/www.archspm.org\/es\/letter-to-the-faithful-from-archbishop-designate-hebda\/","title":{"rendered":"Carta a los fieles del arzobispo designado Hebda"},"content":{"rendered":"<p style=\"text-align: center;\">Fecha: jueves, 24 de marzo de 2016<\/p>\n<p style=\"text-align: center;\">Fuente: <a href=\"https:\/\/www.archspm.org\/es\/newabp\/\" target=\"_blank\" rel=\"noopener\">Arzobispo Bernard Hebda, arzobispo designado<\/a><\/p>\n<p>&nbsp;<\/p>\n<p>Queridos hermanos y hermanas en Cristo<\/p>\n<p>&nbsp;<\/p>\n<p><a href=\"https:\/\/www.archspm.org\/wp-content\/uploads\/2019\/01\/AbpHebda_200web.jpg\"><img decoding=\"async\" class=\"alignright size-full wp-image-8692\" src=\"https:\/\/www.archspm.org\/wp-content\/uploads\/2019\/01\/AbpHebda_200web.jpg\" alt=\"\" width=\"200\" height=\"200\" \/><\/a>Cuando llegu\u00e9 a Minnesota por primera vez el pasado mes de junio, no era m\u00e1s que un visitante: me hab\u00edan designado administrador apost\u00f3lico para ayudar en el funcionamiento de la Arquidi\u00f3cesis hasta que el papa Francisco nombrara a un nuevo arzobispo. En los nueve meses transcurridos desde entonces, he tenido la suerte de ser testigo de vuestra profunda fe y de vuestro compromiso con la Iglesia de Cristo, con su pueblo y con la Eucarist\u00eda. A muchos de vosotros os considero amigos.<\/p>\n<p>&nbsp;<\/p>\n<p>Por eso es con gran alegr\u00eda que les comunico la decisi\u00f3n del papa Francisco de nombrarme pr\u00f3ximo arzobispo de la Arquidi\u00f3cesis de Saint Paul y Minneapolis. Es evidente que el Papa y el Esp\u00edritu Santo ten\u00edan para m\u00ed otros planes distintos a los que yo hab\u00eda previsto, y me siento honrado y agradecido por haber sido designado su pastor.<\/p>\n<p>&nbsp;<\/p>\n<p>S\u00e9, por los nueve meses que he pasado en la Arquidi\u00f3cesis, que a\u00fan queda mucho por hacer para superar los importantes desaf\u00edos a los que seguimos enfrent\u00e1ndonos, pero estoy firmemente convencido de que el Se\u00f1or est\u00e1 verdaderamente presente aqu\u00ed, incluso en nuestras dificultades. El excepcional personal y el equipo directivo de la Arquidi\u00f3cesis, junto con nuestros valientes sacerdotes, religiosos comprometidos y din\u00e1micos l\u00edderes laicos, son motivo de gran esperanza. Todos ustedes parecen trabajar incansablemente para servir a Cristo y a su pueblo, sin importar d\u00f3nde se encuentren, y por eso les estoy muy agradecido.<\/p>\n<p>&nbsp;<\/p>\n<p>Ha sido un honor servirles hasta ahora, y espero con gran entusiasmo seguir prest\u00e1ndoles mis servicios a ustedes y a esta comunidad tan din\u00e1mica durante todo el tiempo que el Se\u00f1or lo considere oportuno.<\/p>\n<p>&nbsp;<\/p>\n<p>Ahora m\u00e1s que nunca, contar\u00e9 con sus oraciones y su apoyo. Tengan la seguridad de que rezo por ustedes, por sus familias y por esta Iglesia local.<\/p>\n<p>&nbsp;<\/p>\n<p>Sinceramente en Cristo,<\/p>\n<p>&nbsp;<\/p>\n<p>Reverend\u00edsimo Bernard A. Hebda<br \/>\nAdministrador apost\u00f3lico y arzobispo designado<br \/>\nArchidi\u00f3cesis de Saint Paul y Minneapolis<\/p>","protected":false},"excerpt":{"rendered":"<p>Date: Thursday, March 24, 2016 Source: Archbishop Bernard Hebda, Archbishop-Designate &nbsp; Dear Brothers and Sisters in Christ, &nbsp; When I arrived in Minnesota for the first time last June, I was but a visitor &#8212; assigned as Apostolic Administrator to help with the operations of the Archdiocese until Pope Francis named a new Archbishop. In [&hellip;]<\/p>\n","protected":false},"author":2,"featured_media":0,"parent":0,"menu_order":0,"comment_status":"closed","ping_status":"closed","template":"","meta":{"footnotes":""},"class_list":["post-1061","page","type-page","status-publish","hentry"],"_links":{"self":[{"href":"https:\/\/www.archspm.org\/es\/wp-json\/wp\/v2\/pages\/1061","targetHints":{"allow":["GET"]}}],"collection":[{"href":"https:\/\/www.archspm.org\/es\/wp-json\/wp\/v2\/pages"}],"about":[{"href":"https:\/\/www.archspm.org\/es\/wp-json\/wp\/v2\/types\/page"}],"author":[{"embeddable":true,"href":"https:\/\/www.archspm.org\/es\/wp-json\/wp\/v2\/users\/2"}],"replies":[{"embeddable":true,"href":"https:\/\/www.archspm.org\/es\/wp-json\/wp\/v2\/comments?post=1061"}],"version-history":[{"count":0,"href":"https:\/\/www.archspm.org\/es\/wp-json\/wp\/v2\/pages\/1061\/revisions"}],"wp:attachment":[{"href":"https:\/\/www.archspm.org\/es\/wp-json\/wp\/v2\/media?parent=1061"}],"curies":[{"name":"wp","href":"https:\/\/api.w.org\/{rel}","templated":true}]}}