{"id":1062,"date":"2019-01-10T17:33:15","date_gmt":"2019-01-10T22:33:15","guid":{"rendered":"https:\/\/www.archspm.org\/pope-francis-names-archbishop-bernard-hebda-archbishop-of-the-archdiocese-of-saint-paul-and-minneapolis\/"},"modified":"2019-01-10T17:33:15","modified_gmt":"2019-01-10T22:33:15","slug":"pope-francis-names-archbishop-bernard-hebda-archbishop-of-the-archdiocese-of-saint-paul-and-minneapolis","status":"publish","type":"page","link":"https:\/\/www.archspm.org\/es\/pope-francis-names-archbishop-bernard-hebda-archbishop-of-the-archdiocese-of-saint-paul-and-minneapolis\/","title":{"rendered":"El papa Francisco nombra al arzobispo Bernard Hebda arzobispo de la Arquidi\u00f3cesis de Saint Paul y Minneapolis."},"content":{"rendered":"<p style=\"text-align: center;\"><em>Mira el <a href=\"https:\/\/www.archspm.org\/es\/archbishop-designate-bernard-hebda-news-conference\/\">conferencia de prensa<\/a> junto al arzobispo designado Hebda.<\/em><\/p>\n<p>Hoy a las 6:00 a. m., hora local, el papa Francisco anunci\u00f3 oficialmente el nombramiento del arzobispo Bernard A. Hebda como arzobispo de la Arquidi\u00f3cesis de Saint Paul y Minneapolis. El arzobispo Hebda ha desempe\u00f1ado el cargo de administrador apost\u00f3lico de la Arquidi\u00f3cesis desde el 15 de junio de 2015. Durante ese tiempo, tambi\u00e9n ha prestado servicio en la Arquidi\u00f3cesis de Newark, Nueva Jersey, como arzobispo coadjutor, y estaba previsto que sustituyera al arzobispo John J. Myers cuando este se jubile, previsiblemente en julio.<\/p>\n<p>Al ser informado de su nombramiento, el arzobispo Hebda afirm\u00f3 sentirse \u201cconmovido por esta muestra de confianza del papa Francisco y honrado de servir a esta archidi\u00f3cesis, con su rica historia y su larga tradici\u00f3n de sacerdotes extraordinarios, religiosos celosos y laicos comprometidos, todos ellos dedicados a poner su fe en pr\u00e1ctica\u201d.\u201d<\/p>\n<p>Adem\u00e1s de haber prestado servicio en las archidi\u00f3cesis de Newark y de Saint Paul y Minneapolis, el arzobispo Hebda fue obispo de la di\u00f3cesis de Gaylord (M\u00edchigan) y ha ejercido su ministerio en el Vaticano y en parroquias de su ciudad natal, Pittsburgh (Pensilvania).<\/p>\n<p>La misa de toma de posesi\u00f3n del arzobispo Hebda est\u00e1 programada para las 2:00 p. m. del viernes 13 de mayo, fiesta de Nuestra Se\u00f1ora de F\u00e1tima, en la catedral de San Pablo.<\/p>\n<p>Dado que hoy da inicio el tiempo solemne del Triduo en la Iglesia cat\u00f3lica, el arzobispo Hebda ofrecer\u00e1 una breve rueda de prensa a las 9:00 a. m. en la Catedral de San Pablo, ubicada en el 239 de la avenida Selby.<\/p>\n<p>Para obtener m\u00e1s informaci\u00f3n sobre el nombramiento y los antecedentes del arzobispo Hebda, visite <a href=\"https:\/\/www.archspm.org\/es\/archbishop-bernard-hebda\/\">www.archspm.org\/newabp<\/a> y <a href=\"http:\/\/www.thecatholicspirit.com\" target=\"_blank\" rel=\"noopener\">www.thecatholicspirit.com<\/a>.<\/p>\n<p>Leer el <a href=\"https:\/\/s3.amazonaws.com\/archspmmainsite\/News\/2016\/NEW+ARCHBISHOP+%2BMYERS+STATEMENT+TO+NEWARK.doc\" target=\"_blank\" rel=\"noopener\">Declaraci\u00f3n<\/a> Declaraci\u00f3n de Su Excelencia Reverend\u00edsima John J. Myers, arzobispo de Newark, con motivo del nombramiento de Su Excelencia Reverend\u00edsima Bernard A. Hebda como noveno arzobispo de Saint Paul y Minneapolis<\/p>\n<p>Leer el <a href=\"https:\/\/www.archspm.org\/wp-content\/uploads\/2019\/01\/NEW-ARCHBISHOP-DIOCESE-OF-GAYLORD-STATEMENT.pdf\">Declaraci\u00f3n<\/a> del obispo Steven J. Raica sobre el nombramiento del arzobispo Hebda como arzobispo de Saint Paul y Minneapolis<\/p>","protected":false},"excerpt":{"rendered":"<p>Watch the news conference with Archbishop-Designate Hebda. Today at 6:00 a.m. local time, Pope Francis formally announced Archbishop Bernard A. Hebda\u2019s appointment as Archbishop of the Archdiocese of Saint Paul and Minneapolis. Archbishop Hebda has been serving as Apostolic Administrator of the Archdiocese since June 15, 2015. During that time, he has also been serving [&hellip;]<\/p>\n","protected":false},"author":2,"featured_media":0,"parent":0,"menu_order":0,"comment_status":"closed","ping_status":"closed","template":"","meta":{"footnotes":""},"class_list":["post-1062","page","type-page","status-publish","hentry"],"_links":{"self":[{"href":"https:\/\/www.archspm.org\/es\/wp-json\/wp\/v2\/pages\/1062","targetHints":{"allow":["GET"]}}],"collection":[{"href":"https:\/\/www.archspm.org\/es\/wp-json\/wp\/v2\/pages"}],"about":[{"href":"https:\/\/www.archspm.org\/es\/wp-json\/wp\/v2\/types\/page"}],"author":[{"embeddable":true,"href":"https:\/\/www.archspm.org\/es\/wp-json\/wp\/v2\/users\/2"}],"replies":[{"embeddable":true,"href":"https:\/\/www.archspm.org\/es\/wp-json\/wp\/v2\/comments?post=1062"}],"version-history":[{"count":0,"href":"https:\/\/www.archspm.org\/es\/wp-json\/wp\/v2\/pages\/1062\/revisions"}],"wp:attachment":[{"href":"https:\/\/www.archspm.org\/es\/wp-json\/wp\/v2\/media?parent=1062"}],"curies":[{"name":"wp","href":"https:\/\/api.w.org\/{rel}","templated":true}]}}