{"id":1063,"date":"2019-01-11T12:27:50","date_gmt":"2019-01-11T17:27:50","guid":{"rendered":"https:\/\/www.archspm.org\/ministerio-latino\/"},"modified":"2025-07-16T14:47:28","modified_gmt":"2025-07-16T18:47:28","slug":"ministerio-latino","status":"publish","type":"page","link":"https:\/\/www.archspm.org\/es\/ministerio-latino\/","title":{"rendered":"Ministerio Latino"},"content":{"rendered":"\t\t<div data-elementor-type=\"wp-page\" data-elementor-id=\"1063\" class=\"elementor elementor-1063\" data-elementor-post-type=\"page\">\n\t\t\t\t<div class=\"elementor-element elementor-element-3163479c e-flex e-con-boxed e-con e-parent\" data-id=\"3163479c\" data-element_type=\"container\" data-e-type=\"container\" data-settings=\"{&quot;jet_parallax_layout_list&quot;:[]}\">\n\t\t\t\t\t<div class=\"e-con-inner\">\n\t\t\t\t<div class=\"elementor-element elementor-element-642dcc43 elementor-widget elementor-widget-text-editor\" data-id=\"642dcc43\" data-element_type=\"widget\" data-e-type=\"widget\" data-widget_type=\"text-editor.default\">\n\t\t\t\t\t\t\t\t\t<h3>Nuestra Misi\u00f3n<\/h3><p>Nosotros, la comunidad Latina, proclamaremos la Buena Nueva de Jesucristo dedic\u00e1ndonos a desarrollar estructuras y redes de ministros y ministerios que enriquezcan al Ministerio Latino. Crearrelaciones colaborativas y ser participantes activos y comprometidos en la vida de la Iglesia y la sociedad para crear comunidades interculturales vivientes.<\/p><p>Por intercultural nos referimos a las comunidades de diferentesculturas y razas,se re\u00fanen en un esp\u00edritu de respeto y apreciaci\u00f3n mutua por quienes son yporlos dones que cada uno trae a la comunidad. A ning\u00fan grupo se le pide que abandone su cultura o que se asimile a la cultura dominante, en vez, se espera que cada uno se acerque al otro con apertura yesp\u00edritu de compartir.<\/p><p><a href=\"\/contact-form-ministerio-latino\/\"><strong>Formulario: Solicitar Ayuda<\/strong><\/a><\/p><h3>[English] Our Mission<\/h3><p>We, the Catholic Latino community, will proclaim the Good News of Jesus Christ by dedicating ourselves to developing ministry structures and networks that enhance Latino Ministry. Through relationship building and collaboration, and by being full, active and prophetic participants in the life of the Church and society so as to create vibrant intercultural communities.<\/p><p>By \u201cintercultural,\u201d we are referring to communities of different cultures and races, who come together in a spirit of mutual respect and appreciation for who they are and the gifts they bring. No group is asked to give up its culture or assimilate to the dominant culture, but rather, approach each other with openness to share with and learn from one another.<\/p><p>Sobre la licencia de<strong> Conducir\u00a0para Todos<\/strong>, el cual DMV (El departamento de transporte) empezar\u00e1 a procesar a partir de Octubre, 2023. Muy informativo nos comparte esta informaci\u00f3n, por si surgen preguntas de la comunidad: <a href=\"https:\/\/youtu.be\/vB16yfH8wOE\" target=\"_blank\" rel=\"noopener\">https:\/\/youtu.be\/vB16yfH8wOE<\/a><\/p><p>Cabe mencionar que : Ya hay instructores Hispanos para dar la prueba de manejo\/el pr\u00e1ctico en Espa\u00f1ol y el DMV tiene la prueba por escrito en diferente idiomas, incluyendo en Espa\u00f1ol.<\/p><p>Como nota, si la licencia tiene un a\u00f1o o m\u00e1s caducada\/vencida\/expirada se tendr\u00e1 que tomar la prueba por escrito\/prueba de conocimiento. En caso de que ya hayan pasando 5 a\u00f1os o m\u00e1s se requiere se vuelvan a tomar las dos pruebas: escrito y practico (de manejo).\u00a0 Las personas sin estado migratorio tendr\u00e1n que esperar hasta Octubre 1ro, 2023 para empezar este tr\u00e1mite.<\/p>\t\t\t\t\t\t\t\t<\/div>\n\t\t\t\t\t<\/div>\n\t\t\t\t<\/div>\n\t\t\t\t<\/div>\n\t\t","protected":false},"excerpt":{"rendered":"<p>Nuestra Misi\u00f3n Nosotros, la comunidad Latina, proclamaremos la Buena Nueva de Jesucristo dedic\u00e1ndonos a desarrollar estructuras y redes de ministros y ministerios que enriquezcan al Ministerio Latino. Crearrelaciones colaborativas y ser participantes activos y comprometidos en la vida de la Iglesia y la sociedad para crear comunidades interculturales vivientes. Por intercultural nos referimos a las [&hellip;]<\/p>\n","protected":false},"author":2,"featured_media":0,"parent":0,"menu_order":0,"comment_status":"closed","ping_status":"closed","template":"","meta":{"footnotes":""},"class_list":["post-1063","page","type-page","status-publish","hentry"],"_links":{"self":[{"href":"https:\/\/www.archspm.org\/es\/wp-json\/wp\/v2\/pages\/1063","targetHints":{"allow":["GET"]}}],"collection":[{"href":"https:\/\/www.archspm.org\/es\/wp-json\/wp\/v2\/pages"}],"about":[{"href":"https:\/\/www.archspm.org\/es\/wp-json\/wp\/v2\/types\/page"}],"author":[{"embeddable":true,"href":"https:\/\/www.archspm.org\/es\/wp-json\/wp\/v2\/users\/2"}],"replies":[{"embeddable":true,"href":"https:\/\/www.archspm.org\/es\/wp-json\/wp\/v2\/comments?post=1063"}],"version-history":[{"count":0,"href":"https:\/\/www.archspm.org\/es\/wp-json\/wp\/v2\/pages\/1063\/revisions"}],"wp:attachment":[{"href":"https:\/\/www.archspm.org\/es\/wp-json\/wp\/v2\/media?parent=1063"}],"curies":[{"name":"wp","href":"https:\/\/api.w.org\/{rel}","templated":true}]}}