{"id":1067,"date":"2019-01-11T15:40:07","date_gmt":"2019-01-11T20:40:07","guid":{"rendered":"https:\/\/www.archspm.org\/evangelizacion\/"},"modified":"2025-12-05T12:07:14","modified_gmt":"2025-12-05T17:07:14","slug":"evangelizacion","status":"publish","type":"page","link":"https:\/\/www.archspm.org\/es\/evangelizacion\/","title":{"rendered":"Evangelizaci\u00f3n"},"content":{"rendered":"<div data-elementor-type=\"wp-page\" data-elementor-id=\"1067\" class=\"elementor elementor-1067\" data-elementor-post-type=\"page\">\n\t\t\t\t<div class=\"elementor-element elementor-element-5e8dfefc e-flex e-con-boxed e-con e-parent\" data-id=\"5e8dfefc\" data-element_type=\"container\" data-e-type=\"container\" data-settings=\"{&quot;jet_parallax_layout_list&quot;:[]}\">\n\t\t\t\t\t<div class=\"e-con-inner\">\n\t\t\t\t<div class=\"elementor-element elementor-element-7f4f09b8 elementor-widget elementor-widget-text-editor\" data-id=\"7f4f09b8\" data-element_type=\"widget\" data-e-type=\"widget\" data-widget_type=\"text-editor.default\">\n\t\t\t\t\t\t\t\t\t<p>El departamento de Evangelizaci\u00f3n de la Oficina del Ministerio Latino tiene como objetivo la impulsar y promover la evangelizaci\u00f3n para llevar a cabo la misi\u00f3n de llevar el evangelio respondiendo a las necesidades de lacomunidad hispana\/latina dentro de la Arquidi\u00f3cesis de St. Paul y Minneapolis.<\/p><p>El \u00e1rea de evangelizaci\u00f3n est\u00e1 constituida por un equipo de trabajo y colaboradores\/ras pertenecientes a las diferentes parroquias alrededor de la Arquidi\u00f3cesis.<\/p><p>Los programas que se llevan a cabo son:<\/p><p><strong>Noche de Hombres Cat\u00f3licos<\/strong><\/p><p>El prop\u00f3sito de la Noche de Hombres Cat\u00f3licos Latinos es crear un espacio para satisfacer la necesidad que tienen los hombres de aprender a interactuar con ellos mismos, con los dem\u00e1s y con los sacramentos, estableciendo una relaci\u00f3n con Jesucristo.<\/p><p><strong>Noche de Mujeres Cat\u00f3licas<\/strong><\/p><p>El prop\u00f3sito de la Noche de Mujeres Cat\u00f3licas Latinas es fomentar en las mujeres un mayor deseo de conocer, amar y servir a Jesucristo y su Iglesia y ofrecer oportunidades para la formaci\u00f3n espiritual, la reconciliaci\u00f3n, la formaci\u00f3n b\u00edblica (conocera las grandes mujeres de la Biblia y su relaci\u00f3ncon Jes\u00fas)y eventos sociales,que re\u00fanen a las mujeresa trav\u00e9s de nuestra arquidi\u00f3cesis para construir una comunidad.<\/p><p><strong>Formaci\u00f3n de l\u00edderes de los grupos de oraci\u00f3n de la Renovaci\u00f3n Carism\u00e1tica<\/strong><\/p><p>El objetivo de esta formaci\u00f3n es ofrecer una s\u00f3lida instrucci\u00f3n a los grupos de oraci\u00f3n carism\u00e1ticos acerca de la renovaci\u00f3n carism\u00e1tica a trav\u00e9s de una breve historia del movimiento y el desarrollo de momentos de formaci\u00f3n para los servidores.<\/p><p><strong>Movimientos Eclesiales - Cursillos de Cristiandad<\/strong><\/p><p>Brindar apoyo a los movimientos eclesiales a trav\u00e9s de retiros y reuniones de seguimiento.<\/p>\t\t\t\t\t\t\t\t<\/div>\n\t\t\t\t\t<\/div>\n\t\t\t\t<\/div>\n\t\t\t\t<\/div>","protected":false},"excerpt":{"rendered":"<p>El departamento de Evangelizaci\u00f3n de la Oficina del Ministerio Latino tiene como objetivo la impulsar y promover la evangelizaci\u00f3n para llevar a cabo la misi\u00f3n de llevar el evangelio respondiendo a las necesidades de lacomunidad hispana\/latina dentro de la Arquidi\u00f3cesis de St. Paul y Minneapolis. El \u00e1rea de evangelizaci\u00f3n est\u00e1 constituida por un equipo de [&hellip;]<\/p>\n","protected":false},"author":2,"featured_media":8652,"parent":0,"menu_order":0,"comment_status":"closed","ping_status":"closed","template":"","meta":{"footnotes":""},"class_list":["post-1067","page","type-page","status-publish","has-post-thumbnail","hentry"],"_links":{"self":[{"href":"https:\/\/www.archspm.org\/es\/wp-json\/wp\/v2\/pages\/1067","targetHints":{"allow":["GET"]}}],"collection":[{"href":"https:\/\/www.archspm.org\/es\/wp-json\/wp\/v2\/pages"}],"about":[{"href":"https:\/\/www.archspm.org\/es\/wp-json\/wp\/v2\/types\/page"}],"author":[{"embeddable":true,"href":"https:\/\/www.archspm.org\/es\/wp-json\/wp\/v2\/users\/2"}],"replies":[{"embeddable":true,"href":"https:\/\/www.archspm.org\/es\/wp-json\/wp\/v2\/comments?post=1067"}],"version-history":[{"count":0,"href":"https:\/\/www.archspm.org\/es\/wp-json\/wp\/v2\/pages\/1067\/revisions"}],"wp:featuredmedia":[{"embeddable":true,"href":"https:\/\/www.archspm.org\/es\/wp-json\/wp\/v2\/media\/8652"}],"wp:attachment":[{"href":"https:\/\/www.archspm.org\/es\/wp-json\/wp\/v2\/media?parent=1067"}],"curies":[{"name":"wp","href":"https:\/\/api.w.org\/{rel}","templated":true}]}}