{"id":1072,"date":"2019-01-12T06:07:55","date_gmt":"2019-01-12T11:07:55","guid":{"rendered":"https:\/\/www.archspm.org\/pastoral-familiar\/"},"modified":"2025-12-05T11:56:25","modified_gmt":"2025-12-05T16:56:25","slug":"pastoral-familiar","status":"publish","type":"page","link":"https:\/\/www.archspm.org\/es\/pastoral-familiar\/","title":{"rendered":"Pastoral Familiar"},"content":{"rendered":"<div data-elementor-type=\"wp-page\" data-elementor-id=\"1072\" class=\"elementor elementor-1072\" data-elementor-post-type=\"page\">\n\t\t\t\t<div class=\"elementor-element elementor-element-7157386c e-flex e-con-boxed e-con e-parent\" data-id=\"7157386c\" data-element_type=\"container\" data-e-type=\"container\" data-settings=\"{&quot;jet_parallax_layout_list&quot;:[]}\">\n\t\t\t\t\t<div class=\"e-con-inner\">\n\t\t\t\t<div class=\"elementor-element elementor-element-7a3a985b elementor-widget elementor-widget-text-editor\" data-id=\"7a3a985b\" data-element_type=\"widget\" data-e-type=\"widget\" data-widget_type=\"text-editor.default\">\n\t\t\t\t\t\t\t\t\t<p><strong>Encuentro Matrimonial Mundial Am\u00e9rica Latina (es-419) Espa\u00f1ol<\/strong><\/p><p>Encuentro para parejas y para el clero, en el que se proclama el valor del sacramento del matrimonio y de las \u00f3rdenes sagradas en la Iglesia y en el mundo. Enriquecimiento para los matrimonios. Dirigido a todas las parejas que deseen mejorar su relaci\u00f3n a trav\u00e9s de la comunicaci\u00f3n. Es una experiencia que ayuda a la pareja a fortalecer su amor y a profundizar en su relaci\u00f3n. <em><a href=\"https:\/\/s3.amazonaws.com\/archspmmainsite\/Offices\/Ministerio+Latino\/Encuentro+Matrimonial+Mundial+2019+.pdf\" target=\"_blank\" rel=\"noopener\">Informes: Ver bolet\u00edn<\/a><\/em><\/p><p><strong>Preparaci\u00f3n prematrimonial<\/strong><\/p><p>\u201cAl haberlos creado Dios hombre y mujer, el amor mutuo entre ellos se convierte en imagen del amor absoluto e indefectible con el que Dios ama al hombre\u201d CIC 1604<\/p><p>Retiros prematrimoniales programados anualmente en diferentes parroquias de la Arquidi\u00f3cesis.<\/p><p><strong>Planificaci\u00f3n familiar natural<\/strong><\/p><p><em>\u201cEn el deber de transmitir la vida humana y educarla, que deben considerar como su propia misi\u00f3n, los c\u00f3nyuges saben que son cooperadores del amor de Dios Creador y, en cierto modo, sus int\u00e9rpretes. Por ello, cumplir\u00e1n su tarea con responsabilidad humana y cristiana\u201d CIC 2367<\/em><\/p><p>Clases para parejas, durante todo el a\u00f1o en diferentes parroquias de la Arquidi\u00f3cesis.<\/p><ul><li><a href=\"https:\/\/archspmmainsite.s3.amazonaws.com\/Offices\/Ministerio+Latino\/Flyer+-+TODAS+las+clases+2019.pdf\" target=\"_blank\" rel=\"noopener\">Planificaci\u00f3n familiar natural \u2013 2019<\/a><\/li><\/ul><p><a href=\"https:\/\/ccli.org\/\" target=\"_blank\" rel=\"noopener\"><strong>Liga de Pareja a Pareja<\/strong><\/a>: 1-800-745-8252<\/p><ul><li>Xavier y Alejandra Balderas, 612-709-8875, <a href=\"mailto:juniodel68@hotmail.com\">juniodel68@hotmail.com<\/a><\/li><li>Max y Mar\u00eda Basurto, 612-806-4248, <a href=\"mailto:basurto.maria@slpschools.org\">basurto.maria@slpschools.org<\/a><\/li><li>Jos\u00e9 y Ver\u00f3nica C\u00f3ndor, 651-251-7723, <a href=\"mailto:ariasv@archspm.org\">ariasv@archspm.org<\/a><\/li><li>Jonathan y Ang\u00e9lica Clemente, 763-291-3092, <a href=\"mailto:angelicacrdc@gmail.com\">angelicacrdc@gmail.com<\/a><\/li><li>Teresa y Jos\u00e9 Lara, 651-808-7068, <a href=\"mailto:tmendez2013@gmail.com\">tmendez2013@gmail.com<\/a><\/li><li>Ciro y Karina S\u00e1nchez, 952-356-7295, <a href=\"mailto:ciros115@gmail.com\">ciros115@gmail.com<\/a><\/li><li>Marcelino y Angelina Sosa, 651-702-3150, <a href=\"mailto:santaangelica31@yahoo.com\">santaangelica31@yahoo.com<\/a><\/li><li>Jos\u00e9 Alfredo y Noemi Vivaz, 612-707-4496, <a href=\"mailto:fredmimz_vivas@outlook.com\">fredmimz_vivas@outlook.com<\/a><\/li><\/ul><p><strong>El Vi\u00f1edo de Raquel<\/strong><\/p><p>Es un lugar seguro donde pueden renovar, reconstruir y sanar sus corazones destrozados por el aborto. Los retiros de fin de semana les ofrecen un ambiente de apoyo y confidencialidad, donde no se les juzga; tanto las mujeres como los hombres pueden expresar, liberar y reconciliar sus dolorosas emociones tras el aborto, y comenzar el proceso de restauraci\u00f3n, renovaci\u00f3n y sanaci\u00f3n.<\/p>\t\t\t\t\t\t\t\t<\/div>\n\t\t\t\t\t<\/div>\n\t\t\t\t<\/div>\n\t\t\t\t<\/div>","protected":false},"excerpt":{"rendered":"<p>Encuentro Matrimonial Mundial Encuentro para Parejas y para el Clero, donde se proclama el valor del Sacramento del Matrimonio y las \u00d3rdenes Sagradas en la iglesia y el mundo. Enriquecimiento para los matrimonios. Dirigido a todas las parejas que deseen mejorar su relaci\u00f3n por medio de la comunicaci\u00f3n. Es una experiencia que contribuye a la [&hellip;]<\/p>\n","protected":false},"author":2,"featured_media":8654,"parent":0,"menu_order":0,"comment_status":"closed","ping_status":"closed","template":"","meta":{"footnotes":""},"class_list":["post-1072","page","type-page","status-publish","has-post-thumbnail","hentry"],"_links":{"self":[{"href":"https:\/\/www.archspm.org\/es\/wp-json\/wp\/v2\/pages\/1072","targetHints":{"allow":["GET"]}}],"collection":[{"href":"https:\/\/www.archspm.org\/es\/wp-json\/wp\/v2\/pages"}],"about":[{"href":"https:\/\/www.archspm.org\/es\/wp-json\/wp\/v2\/types\/page"}],"author":[{"embeddable":true,"href":"https:\/\/www.archspm.org\/es\/wp-json\/wp\/v2\/users\/2"}],"replies":[{"embeddable":true,"href":"https:\/\/www.archspm.org\/es\/wp-json\/wp\/v2\/comments?post=1072"}],"version-history":[{"count":0,"href":"https:\/\/www.archspm.org\/es\/wp-json\/wp\/v2\/pages\/1072\/revisions"}],"wp:featuredmedia":[{"embeddable":true,"href":"https:\/\/www.archspm.org\/es\/wp-json\/wp\/v2\/media\/8654"}],"wp:attachment":[{"href":"https:\/\/www.archspm.org\/es\/wp-json\/wp\/v2\/media?parent=1072"}],"curies":[{"name":"wp","href":"https:\/\/api.w.org\/{rel}","templated":true}]}}