{"id":1076,"date":"2019-01-15T06:28:56","date_gmt":"2019-01-15T11:28:56","guid":{"rendered":"https:\/\/www.archspm.org\/parish-assessments-billings-reporting\/"},"modified":"2025-04-03T08:04:30","modified_gmt":"2025-04-03T12:04:30","slug":"parish-assessments-billings-reporting","status":"publish","type":"page","link":"https:\/\/www.archspm.org\/es\/parish-assessments-billings-reporting\/","title":{"rendered":"Cuotas parroquiales, facturaci\u00f3n e informes"},"content":{"rendered":"<p>Hay dos formas principales en que las parroquias participan en el flujo de fondos a la Archidi\u00f3cesis: a trav\u00e9s de las cuotas parroquiales y a trav\u00e9s de los pagos de seguros y prestaciones.<\/p>\n<p><strong><a href=\"https:\/\/www.archspm.org\/wp-content\/uploads\/2024\/04\/FY-2023-Actual-Chart-web.png\"><img fetchpriority=\"high\" decoding=\"async\" class=\"alignright wp-image-62278 size-medium\" src=\"https:\/\/www.archspm.org\/wp-content\/uploads\/2024\/04\/FY-2023-Actual-Chart-web-300x211.png\" alt=\"how assessment dollars are used\" width=\"300\" height=\"211\" \/><\/a>Evaluaciones parroquiales<\/strong> son esenciales para prestar los servicios, programas y ministerios del Arzobispo. En la Archidi\u00f3cesis de Saint Paul y Minneapolis, los ingresos por cuotas sostienen la Corporaci\u00f3n Arquidiocesana, as\u00ed como los salarios y beneficios de sus empleados. En general, la tasa de evaluaci\u00f3n es del 8% de todos los ingresos imponibles para las parroquias con escuela - que incluyen aquellas que apoyan a una escuela consolidada o regional mediante la contribuci\u00f3n de al menos el 15% de sus colectas de platos y sobres - o del 10% para las parroquias sin escuela. Consulte el gr\u00e1fico para obtener m\u00e1s informaci\u00f3n sobre c\u00f3mo se utiliza el dinero de las cuotas.<\/p>\n<p>Plataforma com\u00fan <strong>seguros y prestaciones<\/strong> est\u00e1n supervisados por personal de la archidi\u00f3cesis y regidos por comit\u00e9s y consejos de administraci\u00f3n con funciones espec\u00edficas. Entre ellos se incluyen:<\/p>\n<ul>\n<li>Fideicomiso irrevocable<\/li>\n<li>Planes de pensiones para laicos y sacerdotes<\/li>\n<li>Plan de prestaciones m\u00e9dicas para laicos y sacerdotes de la archidi\u00f3cesis de Saint Paul y Minneapolis (AMBP)<\/li>\n<li>Plan 403(b)<\/li>\n<\/ul>\n<p><strong>Informaci\u00f3n adicional para el personal de la parroquia<\/strong>: Encuentre informaci\u00f3n sobre el Informe Financiero Parroquial, la Carta Anual de Representaci\u00f3n Parroquial, los poderes, la planificaci\u00f3n presupuestaria, los requisitos del procedimiento acordado (AUP) y mucho m\u00e1s en <a href=\"https:\/\/missionsupport.archspm.org\" target=\"_blank\" rel=\"noopener\">Apoyo a las misiones<\/a>.<\/p>","protected":false},"excerpt":{"rendered":"<p>There are two primary ways parishes are involved in a flow of funds to the Archdiocese: through parish assessment and through insurance and benefits payments. Parish assessments are essential to deliver the services, programs and ministries of the Archbishop. In the Archdiocese of Saint Paul and Minneapolis, assessment revenue supports the Archdiocesan Corporation, as well [&hellip;]<\/p>\n","protected":false},"author":2,"featured_media":7394,"parent":0,"menu_order":0,"comment_status":"closed","ping_status":"closed","template":"","meta":{"footnotes":""},"class_list":["post-1076","page","type-page","status-publish","has-post-thumbnail","hentry"],"_links":{"self":[{"href":"https:\/\/www.archspm.org\/es\/wp-json\/wp\/v2\/pages\/1076","targetHints":{"allow":["GET"]}}],"collection":[{"href":"https:\/\/www.archspm.org\/es\/wp-json\/wp\/v2\/pages"}],"about":[{"href":"https:\/\/www.archspm.org\/es\/wp-json\/wp\/v2\/types\/page"}],"author":[{"embeddable":true,"href":"https:\/\/www.archspm.org\/es\/wp-json\/wp\/v2\/users\/2"}],"replies":[{"embeddable":true,"href":"https:\/\/www.archspm.org\/es\/wp-json\/wp\/v2\/comments?post=1076"}],"version-history":[{"count":0,"href":"https:\/\/www.archspm.org\/es\/wp-json\/wp\/v2\/pages\/1076\/revisions"}],"wp:featuredmedia":[{"embeddable":true,"href":"https:\/\/www.archspm.org\/es\/wp-json\/wp\/v2\/media\/7394"}],"wp:attachment":[{"href":"https:\/\/www.archspm.org\/es\/wp-json\/wp\/v2\/media?parent=1076"}],"curies":[{"name":"wp","href":"https:\/\/api.w.org\/{rel}","templated":true}]}}