{"id":1078,"date":"2019-01-15T13:18:50","date_gmt":"2019-01-15T18:18:50","guid":{"rendered":"https:\/\/www.archspm.org\/consultative-bodies\/"},"modified":"2026-02-20T15:44:02","modified_gmt":"2026-02-20T20:44:02","slug":"consultative-bodies","status":"publish","type":"page","link":"https:\/\/www.archspm.org\/es\/consultative-bodies\/","title":{"rendered":"\u00d3rganos consultivos"},"content":{"rendered":"<div data-elementor-type=\"wp-page\" data-elementor-id=\"1078\" class=\"elementor elementor-1078\" data-elementor-post-type=\"page\">\n\t\t\t\t<div class=\"elementor-element elementor-element-79c65b09 e-flex e-con-boxed e-con e-parent\" data-id=\"79c65b09\" data-element_type=\"container\" data-e-type=\"container\" data-settings=\"{&quot;jet_parallax_layout_list&quot;:[]}\">\n\t\t\t\t\t<div class=\"e-con-inner\">\n\t\t\t\t<div class=\"elementor-element elementor-element-352f7505 elementor-widget elementor-widget-text-editor\" data-id=\"352f7505\" data-element_type=\"widget\" data-e-type=\"widget\" data-widget_type=\"text-editor.default\">\n\t\t\t\t\t\t\t\t\t<p>El Arzobispo se apoya en \u00f3rganos consultivos -formados por cl\u00e9rigos y laicos cat\u00f3licos- para que le ayuden en el gobierno de la Archidi\u00f3cesis. Estas mujeres y hombres ofrecen generosamente su tiempo y comparten su experiencia en muchas \u00e1reas.<\/p><h3>Junta Directiva de la Archidi\u00f3cesis y Consejo Financiero de la Archidi\u00f3cesis<\/h3><p>La junta directiva arquidiocesana es seleccionada por los cinco miembros de la corporaci\u00f3n arquidiocesana (arzobispo, vicario general, canciller y dos miembros laicos). El consejo de administraci\u00f3n tiene la autoridad y la responsabilidad de tramitar todos los asuntos de la corporaci\u00f3n civil, lo que incluye la gesti\u00f3n de todos los asuntos temporales de la Archidi\u00f3cesis como corporaci\u00f3n diocesana de Minnesota. El consejo de administraci\u00f3n tambi\u00e9n asesora y consulta al arzobispo y a los dirigentes de la archidi\u00f3cesis sobre asuntos que afectan a la Iglesia local.<\/p><p>El Consejo Arquidiocesano de Finanzas es un \u00f3rgano diocesano establecido por el derecho can\u00f3nico que se encarga de preparar el presupuesto diocesano anual y de revisar anualmente los gastos e ingresos diocesanos. El Consejo de Finanzas debe ser consultado para las transacciones financieras de un determinado nivel de d\u00f3lares realizadas por la di\u00f3cesis o las parroquias y debe dar su consentimiento a las transacciones de otro umbral de d\u00f3lares. Los umbrales son fijados por la Conferencia Episcopal de Estados Unidos y est\u00e1n sujetos a la aprobaci\u00f3n de la Santa Sede.<\/p><p><strong>Reverend\u00edsimo Bernard A. Hebda<\/strong><br \/>Arzobispo de la Archidi\u00f3cesis<br \/>Calle Forest, 777<br \/>St. Paul, MN 55106<\/p><p><strong>Obispo Michael Izen<\/strong><br \/>Vicario General<\/p><p><strong>Obispo Kevin Kenney<\/strong><br \/>Vicario General<\/p><p><strong>Paul Chestovich<\/strong><\/p><p><strong>Honorable Christopher Dietzen<\/strong><\/p><p><strong>Angela Dosedel<\/strong><\/p><p><strong>Barbara Haley, vicepresidenta<\/strong><\/p><p><strong>Julie Hurley<\/strong><\/p><p><strong>Susan V. Kleven, Abogada<\/strong><\/p><p><strong>Peter Scherer<\/strong><\/p><p><strong>Chris Schneeman<\/strong><\/p><p><strong>Kelene Skrypek, presidenta<\/strong><\/p><p><strong>Di\u00e1cono Phillip Stewart<\/strong><\/p><p><strong>Reverendo John L. Ubel<\/strong><\/p><p><strong>Steven Willems<\/strong><\/p><h3>Colegio de Consultores<\/h3><p>El Colegio de Consultores es un \u00f3rgano diocesano de sacerdotes exigido por el derecho can\u00f3nico. Sirve para asesorar al Arzobispo en las decisiones importantes y debe dar su consentimiento en las transacciones financieras importantes. El Colegio de Consultores desempe\u00f1a un papel especial en el gobierno de la di\u00f3cesis durante una sede vacante o cuando no se nombra arzobispo.<\/p><h3>Junta de Asignaci\u00f3n Integral<\/h3><p>La Junta de Asignaci\u00f3n sirve al Arzobispo en la formulaci\u00f3n de recomendaciones para diversas funciones del clero que incluye pastores, sacerdotes, di\u00e1conos, pastores temporales, capellanes en las escuelas secundarias, prisiones, organizaciones, mentores para los reci\u00e9n ordenados y varias otras funciones de liderazgo.<\/p><p>Para facilitar las recomendaciones sobre el personal del clero, las necesidades de la parroquia o instituci\u00f3n son de suma importancia. Este proceso implica la mayor consulta posible con una variedad de personas en funci\u00f3n de las diversas necesidades de la parroquia o instituci\u00f3n.<\/p><p>Las recomendaciones de asignaci\u00f3n se presentan al Arzobispo para su discernimiento y decisi\u00f3n. S\u00f3lo el Arzobispo puede asignar o retirar cl\u00e9rigos de sus destinos.<\/p><h3>Decanatos \/ Decanos<\/h3><p>Las parroquias de la archidi\u00f3cesis de Saint Paul y Minneapolis se agrupan en decanatos, generalmente determinados por regiones. Hay 15 decanatos geogr\u00e1ficos en la archidi\u00f3cesis. Los sacerdotes de los decanatos se re\u00fanen peri\u00f3dicamente entre s\u00ed para discutir las necesidades generales o las tendencias dentro del decanato, as\u00ed como las preocupaciones pastorales o parroquiales espec\u00edficas que puedan requerir la atenci\u00f3n del liderazgo arquidiocesano. Dentro de cada decanato, un sacerdote es elegido por el decanato para servir como decano y representa los intereses y preocupaciones de todas las parroquias dentro de su decanato en el Consejo Presbiteral.<\/p><h3>Consejo Presbiteral<\/h3><p>Los decanos que representan a cada uno de los decanatos de la archidi\u00f3cesis, as\u00ed como algunos sacerdotes nombrados por el Arzobispo, componen el Consejo Presbiteral, que es un \u00f3rgano de sacerdotes requerido por el derecho can\u00f3nico. El Consejo Presbiteral se describe en el derecho can\u00f3nico como \"un grupo de sacerdotes que, en representaci\u00f3n del presbiterio, debe ser como un senado del obispo y que asiste al obispo en el gobierno de la di\u00f3cesis seg\u00fan la norma del derecho para promover tanto como sea posible el bien pastoral de la porci\u00f3n del pueblo de Dios que se le ha confiado\" (c. 495 \u00a71).<\/p><p>El Consejo Presbiteral se re\u00fane con el Arzobispo mensualmente de septiembre a mayo para ayudarle en el gobierno de la archidi\u00f3cesis, as\u00ed como para tratar asuntos de inter\u00e9s entre las parroquias.<\/p><h3>Vicarios \/ Vicariatos<\/h3><p>La palabra \"vicario\" procede del lat\u00edn \"vicarius\", que significa \"sustituto\" o \"adjunto\". Dentro de una di\u00f3cesis, el obispo puede nombrar a uno o varios vicarios para que le ayuden en una parte espec\u00edfica de la di\u00f3cesis, sobre determinados grupos de la di\u00f3cesis o sobre determinadas \u00e1reas de los asuntos eclesi\u00e1sticos. El vicario general es el vicario diocesano de mayor responsabilidad, ya que asiste al arzobispo en el gobierno de toda la di\u00f3cesis.<\/p><p>En la Archidi\u00f3cesis de Saint Paul y Minneapolis, se ha establecido una estructura de vicariato regional como forma de organizar todas las parroquias de la Archidi\u00f3cesis en tres aspectos importantes: gobierno, programaci\u00f3n y administraci\u00f3n financiera. La Archidi\u00f3cesis cuenta con tres vicar\u00edas: Regi\u00f3n 1 (Noreste), Regi\u00f3n 2 (Sur) y Regi\u00f3n 3 (Noroeste). A un vicario regional se le delegan responsabilidades en funci\u00f3n de la vicar\u00eda que le ha sido asignada. A otros vicarios se les han delegado responsabilidades para el ministerio latino y los sacerdotes jubilados. Los vicarios regionales ayudan al Arzobispo de manera particular realizando visitas regulares a las parroquias y completando informes sobre el estado de la parroquia para el Arzobispo, tal y como exige el derecho can\u00f3nico.<\/p><h3>Junta Consultiva de Laicos<\/h3><p>A finales de 2018, el arzobispo Bernard Hebda anunci\u00f3 la formaci\u00f3n de un Consejo Asesor Laico (LAB) ad hoc para la Arquidi\u00f3cesis. En ausencia de un Consejo Pastoral Arquidiocesano, LAB sirve como un veh\u00edculo para solicitar ideas y aportes de los laicos con respecto a las iniciativas para llevar a la Arquidi\u00f3cesis hacia un renovado sentido de misi\u00f3n. Los miembros consisten en un representante parroquial de cada Consejo Pastoral Parroquial. Los representantes parroquiales se re\u00fanen como decanato geogr\u00e1fico y eligen a un representante de cada decanato.<\/p>\t\t\t\t\t\t\t\t<\/div>\n\t\t\t\t\t<\/div>\n\t\t\t\t<\/div>\n\t\t\t\t<\/div>","protected":false},"excerpt":{"rendered":"<p>The Archbishop relies on consultative bodies \u2013 consisting of both clergy and lay Catholics \u2013 to assist him with the governance of the Archdiocese. These women and men generously give of their time and share their expertise in many areas. Archdiocesan Board of Directors and Archdiocesan Finance Council The Archdiocesan board of directors is selected [&hellip;]<\/p>\n","protected":false},"author":2,"featured_media":7114,"parent":0,"menu_order":0,"comment_status":"closed","ping_status":"closed","template":"","meta":{"footnotes":""},"class_list":["post-1078","page","type-page","status-publish","has-post-thumbnail","hentry"],"_links":{"self":[{"href":"https:\/\/www.archspm.org\/es\/wp-json\/wp\/v2\/pages\/1078","targetHints":{"allow":["GET"]}}],"collection":[{"href":"https:\/\/www.archspm.org\/es\/wp-json\/wp\/v2\/pages"}],"about":[{"href":"https:\/\/www.archspm.org\/es\/wp-json\/wp\/v2\/types\/page"}],"author":[{"embeddable":true,"href":"https:\/\/www.archspm.org\/es\/wp-json\/wp\/v2\/users\/2"}],"replies":[{"embeddable":true,"href":"https:\/\/www.archspm.org\/es\/wp-json\/wp\/v2\/comments?post=1078"}],"version-history":[{"count":5,"href":"https:\/\/www.archspm.org\/es\/wp-json\/wp\/v2\/pages\/1078\/revisions"}],"predecessor-version":[{"id":14169,"href":"https:\/\/www.archspm.org\/es\/wp-json\/wp\/v2\/pages\/1078\/revisions\/14169"}],"wp:featuredmedia":[{"embeddable":true,"href":"https:\/\/www.archspm.org\/es\/wp-json\/wp\/v2\/media\/7114"}],"wp:attachment":[{"href":"https:\/\/www.archspm.org\/es\/wp-json\/wp\/v2\/media?parent=1078"}],"curies":[{"name":"wp","href":"https:\/\/api.w.org\/{rel}","templated":true}]}}