{"id":1080,"date":"2019-01-31T14:02:33","date_gmt":"2019-01-31T19:02:33","guid":{"rendered":"https:\/\/www.archspm.org\/most-reverend-john-c-nienstedt\/"},"modified":"2025-03-25T14:07:12","modified_gmt":"2025-03-25T18:07:12","slug":"most-reverend-john-c-nienstedt","status":"publish","type":"page","link":"https:\/\/www.archspm.org\/es\/past-bishops\/most-reverend-john-c-nienstedt\/","title":{"rendered":"Reverend\u00edsimo John C. Nienstedt"},"content":{"rendered":"<p>El arzobispo John Clayton Nienstedt naci\u00f3 el 18 de marzo de 1947 en Detroit, M\u00edchigan. Es hijo del difunto John y Elizabeth Nienstedt, de Harrison Township, y el segundo mayor de una familia de seis hijos. Tiene dos hermanos y tres hermanas. El arzobispo Nienstedt fue ordenado sacerdote el 27 de julio de 1974 en la iglesia del Sagrado Coraz\u00f3n, en Dearborn, Michigan, tras cursar estudios en el Seminario Mayor del Sagrado Coraz\u00f3n, en Detroit, y en la Pontificia Universidad Gregoriana, en Roma.<\/p>\n<p>El arzobispo Nienstedt es licenciado en Humanidades por el Seminario Mayor del Sagrado Coraz\u00f3n, licenciado en Teolog\u00eda Sagrada por la Pontificia Universidad Gregoriana y licenciado y doctor en Teolog\u00eda Sagrada por el Pontificio Instituto de San Alfonso, en Roma. El tema de su tesis doctoral fue \u201cLa vida humana en un tubo de ensayo: la dimensi\u00f3n moral de la fecundaci\u00f3n in vitro y la transferencia de embriones\u201d.\u201d<\/p>\n<p>En 1994, el arzobispo Nienstedt fue nombrado p\u00e1rroco de la parroquia Shrine of the Little Flower, en Royal Oak, M\u00edchigan. Antes de eso, ejerci\u00f3 durante seis a\u00f1os como rector y presidente del Seminario Mayor del Sagrado Coraz\u00f3n en Detroit, M\u00edchigan. Entre los cargos anteriores del arzobispo Nienstedt se incluyen: p\u00e1rroco asociado de la parroquia Guardian Angels, en Clawson, M\u00edchigan; sacerdote secretario del cardenal John Dearden; p\u00e1rroco asociado de fin de semana de la parroquia St. Fabian, en Farmington Hills, M\u00edchigan, y de la parroquia Our Lady of Sorrows, en Farmington, M\u00edchigan; vicario general de la Arquidi\u00f3cesis de Detroit; servicio en la Secretar\u00eda de Estado del Vaticano; y p\u00e1rroco de la parroquia St. Patrick, en Union Lake, M\u00edchigan.<\/p>\n<p>El 12 de junio de 1996, el papa Juan Pablo II nombr\u00f3 al arzobispo Nienstedt obispo auxiliar de la Arquidi\u00f3cesis de Detroit. El cardenal Adam Maida, arzobispo de Detroit, lo orden\u00f3 obispo el 9 de julio de 1996. El arzobispo Nienstedt fue obispo de las vicarias de Dearborn, Downriver, Monroe, Northwest Wayne, Southland y Western Wayne entre 1996 y 2001.<\/p>\n<p>El 12 de junio de 2001, el papa Juan Pablo II nombr\u00f3 al arzobispo Nienstedt tercer obispo de la di\u00f3cesis de New Ulm. Tom\u00f3 posesi\u00f3n de su cargo el 6 de agosto de 2001.<\/p>\n<p>El 24 de abril de 2007, el papa Benedicto XVI nombr\u00f3 al arzobispo Nienstedt arzobispo coadjutor de la Arquidi\u00f3cesis de Saint Paul y Minneapolis y administrador apost\u00f3lico de la Di\u00f3cesis de New Ulm. Desempe\u00f1\u00f3 este \u00faltimo cargo hasta el 13 de diciembre de 2007. El 2 de mayo de 2008, el papa Benedicto XVI lo nombr\u00f3 arzobispo de la Arquidi\u00f3cesis de Saint Paul y Minneapolis. Desempe\u00f1\u00f3 el cargo de arzobispo hasta el 15 de junio de 2015.<\/p>","protected":false},"excerpt":{"rendered":"<p>Archbishop John Clayton Nienstedt was born March 18, 1947, in Detroit, Michigan. He is the son of the late John and Elizabeth Nienstedt of Harrison Township and the second oldest in a family of six children. He has two brothers and three sisters. Archbishop Nienstedt was ordained to the priesthood on July 27, 1974, at [&hellip;]<\/p>\n","protected":false},"author":2,"featured_media":0,"parent":1079,"menu_order":0,"comment_status":"closed","ping_status":"closed","template":"","meta":{"footnotes":""},"class_list":["post-1080","page","type-page","status-publish","hentry"],"_links":{"self":[{"href":"https:\/\/www.archspm.org\/es\/wp-json\/wp\/v2\/pages\/1080","targetHints":{"allow":["GET"]}}],"collection":[{"href":"https:\/\/www.archspm.org\/es\/wp-json\/wp\/v2\/pages"}],"about":[{"href":"https:\/\/www.archspm.org\/es\/wp-json\/wp\/v2\/types\/page"}],"author":[{"embeddable":true,"href":"https:\/\/www.archspm.org\/es\/wp-json\/wp\/v2\/users\/2"}],"replies":[{"embeddable":true,"href":"https:\/\/www.archspm.org\/es\/wp-json\/wp\/v2\/comments?post=1080"}],"version-history":[{"count":0,"href":"https:\/\/www.archspm.org\/es\/wp-json\/wp\/v2\/pages\/1080\/revisions"}],"up":[{"embeddable":true,"href":"https:\/\/www.archspm.org\/es\/wp-json\/wp\/v2\/pages\/1079"}],"wp:attachment":[{"href":"https:\/\/www.archspm.org\/es\/wp-json\/wp\/v2\/media?parent=1080"}],"curies":[{"name":"wp","href":"https:\/\/api.w.org\/{rel}","templated":true}]}}