{"id":1082,"date":"2019-01-30T16:13:46","date_gmt":"2019-01-30T21:13:46","guid":{"rendered":"https:\/\/www.archspm.org\/most-reverend-harry-j-flynn-d-d\/"},"modified":"2025-05-07T16:26:26","modified_gmt":"2025-05-07T20:26:26","slug":"most-reverend-harry-j-flynn-d-d","status":"publish","type":"page","link":"https:\/\/www.archspm.org\/es\/past-bishops\/most-reverend-harry-j-flynn-d-d\/","title":{"rendered":"Reverend\u00edsimo Harry J Flynn, D.D."},"content":{"rendered":"<div data-elementor-type=\"wp-page\" data-elementor-id=\"1082\" class=\"elementor elementor-1082\" data-elementor-post-type=\"page\">\n\t\t\t\t<div class=\"elementor-element elementor-element-12435091 e-flex e-con-boxed e-con e-parent\" data-id=\"12435091\" data-element_type=\"container\" data-e-type=\"container\" data-settings=\"{&quot;jet_parallax_layout_list&quot;:[]}\">\n\t\t\t\t\t<div class=\"e-con-inner\">\n\t\t\t\t<div class=\"elementor-element elementor-element-6a4398ef elementor-widget elementor-widget-text-editor\" data-id=\"6a4398ef\" data-element_type=\"widget\" data-e-type=\"widget\" data-widget_type=\"text-editor.default\">\n\t\t\t\t\t\t\t\t\t<p>Harry Joseph Flynn naci\u00f3 en Schenectady, Nueva York, el 2 de mayo de 1933. Fue ordenado sacerdote para la Di\u00f3cesis de Albany en 1960, consagrado obispo coadjutor de la Di\u00f3cesis de Lafayette, en Luisiana, en 1986, y ejerci\u00f3 como obispo de dicha di\u00f3cesis desde 1989 hasta 1994. Fue nombrado arzobispo coadjutor de la Arquidi\u00f3cesis de Saint Paul y Minneapolis en 1994, y tras la jubilaci\u00f3n del arzobispo Roach, se convirti\u00f3 en el s\u00e9ptimo arzobispo de la di\u00f3cesis el 8 de septiembre de 1995.<\/p><p>En 2007, el papa Benedicto XVI nombr\u00f3 al obispo John Nienstedt, de la di\u00f3cesis de New Ulm, arzobispo coadjutor de la archidi\u00f3cesis. El arzobispo Flynn se jubil\u00f3 como arzobispo de la archidi\u00f3cesis el d\u00eda de su cumplea\u00f1os, el 2 de mayo de 2008. Tras seguir prestando servicio en la Arquidi\u00f3cesis durante muchos a\u00f1os despu\u00e9s de su jubilaci\u00f3n, el arzobispo Flynn falleci\u00f3 el 22 de septiembre de 2019 a los 86 a\u00f1os. Lea su obituario <a href=\"https:\/\/www.archspm.org\/es\/most-reverend-harry-joseph-flynn-archbishop-emeritus-dies-at-age-86\/\">aqu\u00ed<\/a>.<\/p><p><img fetchpriority=\"high\" decoding=\"async\" class=\"size-medium wp-image-3971 alignleft\" src=\"https:\/\/www.archspm.org\/wp-content\/uploads\/2025\/01\/Flynn_crop-300x300.jpg\" alt=\"\" width=\"300\" height=\"300\" srcset=\"https:\/\/www.archspm.org\/wp-content\/uploads\/2025\/01\/Flynn_crop-300x300.jpg 300w, https:\/\/www.archspm.org\/wp-content\/uploads\/2025\/01\/Flynn_crop-150x150.jpg 150w, https:\/\/www.archspm.org\/wp-content\/uploads\/2025\/01\/Flynn_crop-768x768.jpg 768w, https:\/\/www.archspm.org\/wp-content\/uploads\/2025\/01\/Flynn_crop.jpg 800w\" sizes=\"(max-width: 300px) 100vw, 300px\" \/><\/p><p>\u00a0<\/p>\t\t\t\t\t\t\t\t<\/div>\n\t\t\t\t\t<\/div>\n\t\t\t\t<\/div>\n\t\t\t\t<\/div>","protected":false},"excerpt":{"rendered":"<p>Harry Joseph Flynn was born in Schenectady, New York, on May 2, 1933. He was ordained a priest for the Diocese of Albany in 1960, was consecrated the coadjutor bishop for the Diocese of Lafayette in Louisiana in 1986, and served as bishop of that diocese from 1989 until 1994. He was appointed coadjutor Archbishop [&hellip;]<\/p>\n","protected":false},"author":2,"featured_media":0,"parent":1079,"menu_order":0,"comment_status":"closed","ping_status":"closed","template":"","meta":{"footnotes":""},"class_list":["post-1082","page","type-page","status-publish","hentry"],"_links":{"self":[{"href":"https:\/\/www.archspm.org\/es\/wp-json\/wp\/v2\/pages\/1082","targetHints":{"allow":["GET"]}}],"collection":[{"href":"https:\/\/www.archspm.org\/es\/wp-json\/wp\/v2\/pages"}],"about":[{"href":"https:\/\/www.archspm.org\/es\/wp-json\/wp\/v2\/types\/page"}],"author":[{"embeddable":true,"href":"https:\/\/www.archspm.org\/es\/wp-json\/wp\/v2\/users\/2"}],"replies":[{"embeddable":true,"href":"https:\/\/www.archspm.org\/es\/wp-json\/wp\/v2\/comments?post=1082"}],"version-history":[{"count":0,"href":"https:\/\/www.archspm.org\/es\/wp-json\/wp\/v2\/pages\/1082\/revisions"}],"up":[{"embeddable":true,"href":"https:\/\/www.archspm.org\/es\/wp-json\/wp\/v2\/pages\/1079"}],"wp:attachment":[{"href":"https:\/\/www.archspm.org\/es\/wp-json\/wp\/v2\/media?parent=1082"}],"curies":[{"name":"wp","href":"https:\/\/api.w.org\/{rel}","templated":true}]}}