{"id":1083,"date":"2019-01-29T16:59:54","date_gmt":"2019-01-29T21:59:54","guid":{"rendered":"https:\/\/www.archspm.org\/most-reverend-john-r-roach\/"},"modified":"2025-05-19T18:32:13","modified_gmt":"2025-05-19T22:32:13","slug":"most-reverend-john-r-roach","status":"publish","type":"page","link":"https:\/\/www.archspm.org\/es\/past-bishops\/most-reverend-john-r-roach\/","title":{"rendered":"Reverend\u00edsimo John R Roach"},"content":{"rendered":"<div data-elementor-type=\"wp-page\" data-elementor-id=\"1083\" class=\"elementor elementor-1083\" data-elementor-post-type=\"page\">\n\t\t\t\t<div class=\"elementor-element elementor-element-7b8bc8a8 e-flex e-con-boxed e-con e-parent\" data-id=\"7b8bc8a8\" data-element_type=\"container\" data-e-type=\"container\" data-settings=\"{&quot;jet_parallax_layout_list&quot;:[]}\">\n\t\t\t\t\t<div class=\"e-con-inner\">\n\t\t\t\t<div class=\"elementor-element elementor-element-4e61a7f2 elementor-widget elementor-widget-text-editor\" data-id=\"4e61a7f2\" data-element_type=\"widget\" data-e-type=\"widget\" data-widget_type=\"text-editor.default\">\n\t\t\t\t\t\t\t\t\t<p>John Robert Roach naci\u00f3 en Prior Lake, Minnesota, en 1921. Fue ordenado sacerdote de la Arquidi\u00f3cesis de Saint Paul en 1946 y consagrado obispo auxiliar de la di\u00f3cesis en 1971. Tras la muerte del arzobispo coadjutor Byrne, el arzobispo Binz necesitaba un nuevo sucesor, ya que su salud segu\u00eda deterior\u00e1ndose. El obispo Roach fue nombrado sexto arzobispo de Saint Paul y Minneapolis tras la jubilaci\u00f3n del arzobispo Binz el 28 de mayo de 1975.<\/p><p>Al ser el \u00fanico hijo nativo en dirigir la Arquidi\u00f3cesis (aunque el arzobispo Ireland se hab\u00eda mudado a Saint Paul cuando era joven), el arzobispo Roach era muy querido y respetado tanto por el clero como por los laicos. Era conocido por ser un administrador competente, tanto como director de la Academia Saint Thomas como rector fundador del Seminario Universitario Saint John Vianney en el campus de la Universidad de Saint Thomas. Adem\u00e1s, fue elegido por sus compa\u00f1eros obispos para ser presidente de la Conferencia Nacional de Obispos Cat\u00f3licos de 1983 a 1985, y fue elegido presidente de la Conferencia Nacional Cat\u00f3lica de Vida Rural en 1986. Debido a las crecientes exigencias del liderazgo, la Arquidi\u00f3cesis se dividi\u00f3 en tres vicariatos en 1985, con un obispo auxiliar que respond\u00eda a las necesidades pastorales de cada zona. El arzobispo Roach orden\u00f3 obispos sufrag\u00e1neos y varios obispos auxiliares, todos los cuales se convirtieron m\u00e1s tarde en ordinarios de otras di\u00f3cesis. Los obispos consagrados por \u00e9l fueron Paul Dudley, John Kinney, Victor Balke, William Bullock, Robert Brom, Robert Carlson, Jerome Hanus OSB, Joseph Charron CPPS y Roger Schwietz OMI.<\/p><p>El arzobispo Roach tambi\u00e9n instituy\u00f3 un programa de diaconado permanente y orden\u00f3 a los primeros di\u00e1conos permanentes de la Arquidi\u00f3cesis. Supervis\u00f3 el crecimiento de una variedad de programas arquidiocesanos, incluyendo oficinas para la evangelizaci\u00f3n, el ministerio del SIDA, los cat\u00f3licos afroamericanos y la Comisi\u00f3n Arquidiocesana sobre el Papel de la Mujer en la Iglesia. Adem\u00e1s, orden\u00f3 que la Arquidi\u00f3cesis y sus parroquias se acercaran a una nueva ola de grupos de inmigrantes, incluyendo hispanos, hmong y vietnamitas. Durante su mandato se construyeron nuevas residencias para los dos seminarios arquidiocesanos. Cre\u00f3 la Fundaci\u00f3n de la Comunidad Cat\u00f3lica y ayud\u00f3 a fundar la Fundaci\u00f3n Papal de los Estados Unidos. Public\u00f3 la primera pol\u00edtica escrita del pa\u00eds sobre el abuso sexual por parte de sacerdotes, as\u00ed como las primeras Declaraciones Pastorales Integrales sobre Cuestiones Sexuales en el Ministerio.<\/p><p>La legalizaci\u00f3n del aborto en 1973 supuso un desaf\u00edo constante para la creencia del arzobispo Roach en una \u00e9tica coherente de respeto por la vida y la integridad de la persona humana. Se esforz\u00f3 por mantener la fidelidad a las ense\u00f1anzas de la Iglesia en medio de una oposici\u00f3n creciente, afirmando siempre el apoyo de la Iglesia al derecho a la vida. A lo largo de su vida, el arzobispo se convirti\u00f3 en un l\u00edder pastoral compasivo que, haci\u00e9ndose eco del llamado del papa Pablo VI a la renovaci\u00f3n espiritual dentro de la Iglesia, desafi\u00f3 a los fieles de la arquidi\u00f3cesis a profundizar en la espiritualidad del Evangelio.<\/p><p>El arzobispo Roach falleci\u00f3 el 11 de julio de 2003, tras jubilarse como arzobispo de la Arquidi\u00f3cesis el 8 de septiembre de 1995.<\/p>\t\t\t\t\t\t\t\t<\/div>\n\t\t\t\t\t<\/div>\n\t\t\t\t<\/div>\n\t\t\t\t<\/div>","protected":false},"excerpt":{"rendered":"<p>John Robert Roach was born in Prior Lake, Minnesota in 1921. He was ordained a priest for the Archdiocese of Saint Paul in 1946 and consecrated auxiliary bishop for the diocese in 1971. After the death of coadjutor Archbishop Byrne, Archbishop Binz needed a new successor, as his health continued to decline. Bishop Roach was [&hellip;]<\/p>\n","protected":false},"author":2,"featured_media":0,"parent":1079,"menu_order":0,"comment_status":"closed","ping_status":"closed","template":"","meta":{"footnotes":""},"class_list":["post-1083","page","type-page","status-publish","hentry"],"_links":{"self":[{"href":"https:\/\/www.archspm.org\/es\/wp-json\/wp\/v2\/pages\/1083","targetHints":{"allow":["GET"]}}],"collection":[{"href":"https:\/\/www.archspm.org\/es\/wp-json\/wp\/v2\/pages"}],"about":[{"href":"https:\/\/www.archspm.org\/es\/wp-json\/wp\/v2\/types\/page"}],"author":[{"embeddable":true,"href":"https:\/\/www.archspm.org\/es\/wp-json\/wp\/v2\/users\/2"}],"replies":[{"embeddable":true,"href":"https:\/\/www.archspm.org\/es\/wp-json\/wp\/v2\/comments?post=1083"}],"version-history":[{"count":0,"href":"https:\/\/www.archspm.org\/es\/wp-json\/wp\/v2\/pages\/1083\/revisions"}],"up":[{"embeddable":true,"href":"https:\/\/www.archspm.org\/es\/wp-json\/wp\/v2\/pages\/1079"}],"wp:attachment":[{"href":"https:\/\/www.archspm.org\/es\/wp-json\/wp\/v2\/media?parent=1083"}],"curies":[{"name":"wp","href":"https:\/\/api.w.org\/{rel}","templated":true}]}}