{"id":1084,"date":"2019-01-28T17:08:18","date_gmt":"2019-01-28T22:08:18","guid":{"rendered":"https:\/\/www.archspm.org\/most-reverend-leo-c-byrne\/"},"modified":"2025-05-19T18:32:37","modified_gmt":"2025-05-19T22:32:37","slug":"most-reverend-leo-c-byrne","status":"publish","type":"page","link":"https:\/\/www.archspm.org\/es\/past-bishops\/most-reverend-leo-c-byrne\/","title":{"rendered":"Reverend\u00edsimo Leo C Byrne"},"content":{"rendered":"<div data-elementor-type=\"wp-page\" data-elementor-id=\"1084\" class=\"elementor elementor-1084\" data-elementor-post-type=\"page\">\n\t\t\t\t<div class=\"elementor-element elementor-element-214382c2 e-flex e-con-boxed e-con e-parent\" data-id=\"214382c2\" data-element_type=\"container\" data-e-type=\"container\" data-settings=\"{&quot;jet_parallax_layout_list&quot;:[]}\">\n\t\t\t\t\t<div class=\"e-con-inner\">\n\t\t\t\t<div class=\"elementor-element elementor-element-e293a3c elementor-widget elementor-widget-text-editor\" data-id=\"e293a3c\" data-element_type=\"widget\" data-e-type=\"widget\" data-widget_type=\"text-editor.default\">\n\t\t\t\t\t\t\t\t\t<p>Leo Christopher Byrne naci\u00f3 en San Luis, Misuri, en 1908. Fue ordenado sacerdote para la Arquidi\u00f3cesis de San Luis en 1933 y consagrado obispo auxiliar de dicha di\u00f3cesis en 1954. El 13 de junio de 1967, el papa Pablo VI lo nombr\u00f3 arzobispo coadjutor con derecho de sucesi\u00f3n de la Arquidi\u00f3cesis de San Pablo y Minneapolis.<\/p><p>Aunque el arzobispo Byrne falleci\u00f3 antes de convertirse en el ordinario de la Arquidi\u00f3cesis, su largo mandato como coadjutor se caracteriz\u00f3 por una influencia considerable sobre el pueblo y el clero de la Arquidi\u00f3cesis. Consciente de las necesidades de la gente, el arzobispo Byrne respondi\u00f3 generosamente promoviendo p\u00fablicamente programas de asistencia social para los laicos. Entre ellos se encontraban el Movimiento Ind\u00edgena Americano, el Ministerio Urbano y otros grupos que trabajaban en favor de los pobres, las personas sin hogar, las mujeres desfavorecidas e incluso las personas sordas. Gracias a su estrecha relaci\u00f3n con el presbiterio, el arzobispo Byrne trabaj\u00f3 para aliviar las preocupaciones de los sacerdotes. Fund\u00f3 el Consejo Pastoral, ampli\u00f3 el centro de tratamiento Hazelden para el clero, abord\u00f3 la escasez de sacerdotes mediante el establecimiento de redes y decanatos m\u00e1s eficientes, y apoy\u00f3 el diaconado permanente. Su plan de toda la vida de cuidar a los sacerdotes jubilados se materializ\u00f3 en un edificio residencial dedicado a los sacerdotes ancianos y jubilados. La residencia Byrne para sacerdotes jubilados se encuentra ahora cerca del Seminario de Saint Paul, en Saint Paul.<\/p><p>Tras ser elegido vicepresidente del Consejo Nacional de Obispos Cat\u00f3licos en 1971, su ausencia de la Arquidi\u00f3cesis se hizo frecuente. Debido al estr\u00e9s que le provocaba el exigente trabajo, el arzobispo Byrne falleci\u00f3 de insuficiencia card\u00edaca el 21 de octubre de 1974.<\/p>\t\t\t\t\t\t\t\t<\/div>\n\t\t\t\t\t<\/div>\n\t\t\t\t<\/div>\n\t\t\t\t<\/div>","protected":false},"excerpt":{"rendered":"<p>Leo Christopher Byrne was born in Saint Louis, Missouri in 1908. He was ordained a priest for the Archdiocese of Saint Louis in 1933, and was consecrated an auxiliary bishop for the diocese in 1954. He was appointed the coadjutor Archbishop with right of succession to the Archdiocese of Saint Paul and Minneapolis by Pope [&hellip;]<\/p>\n","protected":false},"author":2,"featured_media":0,"parent":1079,"menu_order":0,"comment_status":"closed","ping_status":"closed","template":"","meta":{"footnotes":""},"class_list":["post-1084","page","type-page","status-publish","hentry"],"_links":{"self":[{"href":"https:\/\/www.archspm.org\/es\/wp-json\/wp\/v2\/pages\/1084","targetHints":{"allow":["GET"]}}],"collection":[{"href":"https:\/\/www.archspm.org\/es\/wp-json\/wp\/v2\/pages"}],"about":[{"href":"https:\/\/www.archspm.org\/es\/wp-json\/wp\/v2\/types\/page"}],"author":[{"embeddable":true,"href":"https:\/\/www.archspm.org\/es\/wp-json\/wp\/v2\/users\/2"}],"replies":[{"embeddable":true,"href":"https:\/\/www.archspm.org\/es\/wp-json\/wp\/v2\/comments?post=1084"}],"version-history":[{"count":0,"href":"https:\/\/www.archspm.org\/es\/wp-json\/wp\/v2\/pages\/1084\/revisions"}],"up":[{"embeddable":true,"href":"https:\/\/www.archspm.org\/es\/wp-json\/wp\/v2\/pages\/1079"}],"wp:attachment":[{"href":"https:\/\/www.archspm.org\/es\/wp-json\/wp\/v2\/media?parent=1084"}],"curies":[{"name":"wp","href":"https:\/\/api.w.org\/{rel}","templated":true}]}}