{"id":1085,"date":"2019-01-27T18:22:10","date_gmt":"2019-01-27T23:22:10","guid":{"rendered":"https:\/\/www.archspm.org\/most-reverend-leo-binz\/"},"modified":"2025-05-19T18:33:38","modified_gmt":"2025-05-19T22:33:38","slug":"most-reverend-leo-binz","status":"publish","type":"page","link":"https:\/\/www.archspm.org\/es\/past-bishops\/most-reverend-leo-binz\/","title":{"rendered":"Reverend\u00edsimo Leo Binz"},"content":{"rendered":"<div data-elementor-type=\"wp-page\" data-elementor-id=\"1085\" class=\"elementor elementor-1085\" data-elementor-post-type=\"page\">\n\t\t\t\t<div class=\"elementor-element elementor-element-55c7b7f1 e-flex e-con-boxed e-con e-parent\" data-id=\"55c7b7f1\" data-element_type=\"container\" data-e-type=\"container\" data-settings=\"{&quot;jet_parallax_layout_list&quot;:[]}\">\n\t\t\t\t\t<div class=\"e-con-inner\">\n\t\t\t\t<div class=\"elementor-element elementor-element-66b1d75f elementor-widget elementor-widget-text-editor\" data-id=\"66b1d75f\" data-element_type=\"widget\" data-e-type=\"widget\" data-widget_type=\"text-editor.default\">\n\t\t\t\t\t\t\t\t\t<p>Leo Binz naci\u00f3 en Stockton, Illinois, en 1900. Fue ordenado sacerdote para la di\u00f3cesis de Rockford en 1924 y, tras ser consagrado obispo en 1942, fue arzobispo de Dubuque desde 1954 hasta 1961, a\u00f1o en que fue trasladado a la Arquidi\u00f3cesis de Saint Paul. Tom\u00f3 posesi\u00f3n como quinto arzobispo el 28 de abril de 1962.<\/p><p>Tras la conclusi\u00f3n del Concilio Vaticano II en 1965, qued\u00f3 claro en la Arquidi\u00f3cesis que el arzobispo Binz no se dejaba influir por la opini\u00f3n popular. Los cambios en la liturgia estipulados por el Concilio fueron recibidos tanto con aplausos como con cr\u00edticas. \u00c9l busc\u00f3 incorporar fiel y juiciosamente las ense\u00f1anzas del Vaticano II en su di\u00f3cesis. Adoptando un enfoque decididamente pastoral, el arzobispo Binz promovi\u00f3 la participaci\u00f3n activa de los laicos y la renovaci\u00f3n cristiana en la Iglesia a trav\u00e9s de sociedades fraternas, fortaleciendo la organizaci\u00f3n de Caridades Cat\u00f3licas, as\u00ed como la continuaci\u00f3n de las procesiones anuales del Rosario del Primero de Mayo. En 1966, el nombre de la Arquidi\u00f3cesis se cambi\u00f3 oficialmente a Arquidi\u00f3cesis de San Pablo y Minneapolis para reflejar la importancia igualitaria de las Ciudades Gemelas, al tiempo que la Bas\u00edlica de Santa Mar\u00eda se convirti\u00f3 en la concatedral de la Arquidi\u00f3cesis.<\/p><p>A medida que su salud comenz\u00f3 a deteriorarse, en 1967 se accedi\u00f3 a la solicitud del arzobispo Binz de nombrar un coadjutor. A partir de entonces, permiti\u00f3 que el arzobispo coadjutor Byrne asumiera un mayor control de los asuntos administrativos de la archidi\u00f3cesis. El arzobispo Leo Binz falleci\u00f3 en Maywood, Illinois, el 9 de octubre de 1979.<\/p>\t\t\t\t\t\t\t\t<\/div>\n\t\t\t\t\t<\/div>\n\t\t\t\t<\/div>\n\t\t\t\t<\/div>","protected":false},"excerpt":{"rendered":"<p>Leo Binz was born in Stockton, Illinois in 1900. He was ordained a priest for the diocese of Rockford in 1924 and after being consecrated a bishop in 1942, he was Archbishop of Dubuque from 1954 until 1961, when he was reassigned to the Archdiocese of Saint Paul. He was installed as the fifth Archbishop [&hellip;]<\/p>\n","protected":false},"author":2,"featured_media":0,"parent":1079,"menu_order":0,"comment_status":"closed","ping_status":"closed","template":"","meta":{"footnotes":""},"class_list":["post-1085","page","type-page","status-publish","hentry"],"_links":{"self":[{"href":"https:\/\/www.archspm.org\/es\/wp-json\/wp\/v2\/pages\/1085","targetHints":{"allow":["GET"]}}],"collection":[{"href":"https:\/\/www.archspm.org\/es\/wp-json\/wp\/v2\/pages"}],"about":[{"href":"https:\/\/www.archspm.org\/es\/wp-json\/wp\/v2\/types\/page"}],"author":[{"embeddable":true,"href":"https:\/\/www.archspm.org\/es\/wp-json\/wp\/v2\/users\/2"}],"replies":[{"embeddable":true,"href":"https:\/\/www.archspm.org\/es\/wp-json\/wp\/v2\/comments?post=1085"}],"version-history":[{"count":0,"href":"https:\/\/www.archspm.org\/es\/wp-json\/wp\/v2\/pages\/1085\/revisions"}],"up":[{"embeddable":true,"href":"https:\/\/www.archspm.org\/es\/wp-json\/wp\/v2\/pages\/1079"}],"wp:attachment":[{"href":"https:\/\/www.archspm.org\/es\/wp-json\/wp\/v2\/media?parent=1085"}],"curies":[{"name":"wp","href":"https:\/\/api.w.org\/{rel}","templated":true}]}}