{"id":1086,"date":"2019-01-26T18:26:01","date_gmt":"2019-01-26T23:26:01","guid":{"rendered":"https:\/\/www.archspm.org\/most-reverend-william-o-brady\/"},"modified":"2025-05-19T18:34:23","modified_gmt":"2025-05-19T22:34:23","slug":"most-reverend-william-o-brady","status":"publish","type":"page","link":"https:\/\/www.archspm.org\/es\/past-bishops\/most-reverend-william-o-brady\/","title":{"rendered":"Reverend\u00edsimo William O Brady"},"content":{"rendered":"<div data-elementor-type=\"wp-page\" data-elementor-id=\"1086\" class=\"elementor elementor-1086\" data-elementor-post-type=\"page\">\n\t\t\t\t<div class=\"elementor-element elementor-element-7502395e e-flex e-con-boxed e-con e-parent\" data-id=\"7502395e\" data-element_type=\"container\" data-e-type=\"container\" data-settings=\"{&quot;jet_parallax_layout_list&quot;:[]}\">\n\t\t\t\t\t<div class=\"e-con-inner\">\n\t\t\t\t<div class=\"elementor-element elementor-element-48543080 elementor-widget elementor-widget-text-editor\" data-id=\"48543080\" data-element_type=\"widget\" data-e-type=\"widget\" data-widget_type=\"text-editor.default\">\n\t\t\t\t\t\t\t\t\t<p>William Otterwell Brady naci\u00f3 en Fall River, Massachusetts, en 1899. Fue ordenado sacerdote en 1923 y, tras llegar a la Arquidi\u00f3cesis de Saint Paul en 1924, fue consagrado obispo de Sioux Falls, donde ejerci\u00f3 su ministerio entre 1939 y 1956. Tras ser nombrado arzobispo coadjutor de Saint Paul a principios de 1956, se convirti\u00f3 en el cuarto arzobispo de la Arquidi\u00f3cesis de Saint Paul tras la muerte del arzobispo Murray.<\/p><p>Un a\u00f1o m\u00e1s tarde, en respuesta al crecimiento de la poblaci\u00f3n cat\u00f3lica rural, el arzobispo Brady orden\u00f3 al padre Alphonse Schladweiler como primer obispo de la reci\u00e9n creada di\u00f3cesis de New Ulm. La Gran Depresi\u00f3n y la Segunda Guerra Mundial hab\u00edan retrasado la finalizaci\u00f3n de la catedral de San Pablo, por lo que el arzobispo Brady reanud\u00f3 y termin\u00f3 el mobiliario interior definitivo. La catedral fue consagrada oficialmente el 14 de octubre de 1958. El arzobispo Brady tambi\u00e9n revis\u00f3 el peri\u00f3dico diocesano y contribuy\u00f3 con una columna semanal. Su principal preocupaci\u00f3n era animar a los cat\u00f3licos de la archidi\u00f3cesis a vivir m\u00e1s activamente el mensaje del Evangelio, y su uso del peri\u00f3dico como herramienta de evangelizaci\u00f3n demostr\u00f3 su estilo de liderazgo con una visi\u00f3n de futuro de la Iglesia cat\u00f3lica en Estados Unidos. Adem\u00e1s, durante su episcopado se construyeron cuatro escuelas secundarias cat\u00f3licas y tambi\u00e9n promovi\u00f3 las campa\u00f1as \u201cOpus Sancti Petri\u201d para reclutar y apoyar las vocaciones al sacerdocio. Justo antes de la convocatoria del Concilio Vaticano II, el arzobispo Brady falleci\u00f3 inesperadamente de un infarto en Roma el 1 de octubre de 1961.<\/p>\t\t\t\t\t\t\t\t<\/div>\n\t\t\t\t\t<\/div>\n\t\t\t\t<\/div>\n\t\t\t\t<\/div>","protected":false},"excerpt":{"rendered":"<p>William Otterwell Brady was born in Fall River, Massachusetts in 1899. He was ordained a priest in 1923 and after coming to the Archdiocese of Saint Paul in 1924, he was consecrated bishop of Sioux Falls, which he served from 1939-1956. Upon being appointed coadjutor Archbishop of Saint Paul early in 1956, he became the [&hellip;]<\/p>\n","protected":false},"author":2,"featured_media":0,"parent":1079,"menu_order":0,"comment_status":"closed","ping_status":"closed","template":"","meta":{"footnotes":""},"class_list":["post-1086","page","type-page","status-publish","hentry"],"_links":{"self":[{"href":"https:\/\/www.archspm.org\/es\/wp-json\/wp\/v2\/pages\/1086","targetHints":{"allow":["GET"]}}],"collection":[{"href":"https:\/\/www.archspm.org\/es\/wp-json\/wp\/v2\/pages"}],"about":[{"href":"https:\/\/www.archspm.org\/es\/wp-json\/wp\/v2\/types\/page"}],"author":[{"embeddable":true,"href":"https:\/\/www.archspm.org\/es\/wp-json\/wp\/v2\/users\/2"}],"replies":[{"embeddable":true,"href":"https:\/\/www.archspm.org\/es\/wp-json\/wp\/v2\/comments?post=1086"}],"version-history":[{"count":0,"href":"https:\/\/www.archspm.org\/es\/wp-json\/wp\/v2\/pages\/1086\/revisions"}],"up":[{"embeddable":true,"href":"https:\/\/www.archspm.org\/es\/wp-json\/wp\/v2\/pages\/1079"}],"wp:attachment":[{"href":"https:\/\/www.archspm.org\/es\/wp-json\/wp\/v2\/media?parent=1086"}],"curies":[{"name":"wp","href":"https:\/\/api.w.org\/{rel}","templated":true}]}}