{"id":1087,"date":"2019-01-25T18:32:04","date_gmt":"2019-01-25T23:32:04","guid":{"rendered":"https:\/\/www.archspm.org\/most-reverend-john-g-murray\/"},"modified":"2025-05-19T18:35:11","modified_gmt":"2025-05-19T22:35:11","slug":"most-reverend-john-g-murray","status":"publish","type":"page","link":"https:\/\/www.archspm.org\/es\/past-bishops\/most-reverend-john-g-murray\/","title":{"rendered":"Reverend\u00edsimo John G Murray"},"content":{"rendered":"<div data-elementor-type=\"wp-page\" data-elementor-id=\"1087\" class=\"elementor elementor-1087\" data-elementor-post-type=\"page\">\n\t\t\t\t<div class=\"elementor-element elementor-element-e7c8403 e-flex e-con-boxed e-con e-parent\" data-id=\"e7c8403\" data-element_type=\"container\" data-e-type=\"container\" data-settings=\"{&quot;jet_parallax_layout_list&quot;:[]}\">\n\t\t\t\t\t<div class=\"e-con-inner\">\n\t\t\t\t<div class=\"elementor-element elementor-element-74d3e60e elementor-widget elementor-widget-text-editor\" data-id=\"74d3e60e\" data-element_type=\"widget\" data-e-type=\"widget\" data-widget_type=\"text-editor.default\">\n\t\t\t\t\t\t\t\t\t<p>John Gregory Murray naci\u00f3 en Waterbury, Connecticut, en 1877. En 1900 fue ordenado sacerdote para la Di\u00f3cesis de Hartford, Connecticut, y en 1919 fue consagrado obispo auxiliar de dicha di\u00f3cesis. En 1925 fue nombrado obispo de Portland, Maine. El 29 de octubre de 1931 fue nombrado tercer arzobispo de la Arquidi\u00f3cesis de Saint Paul.<\/p><p>El arzobispo Murray era considerado un obispo generoso y accesible, que sent\u00eda un gran amor por los habitantes de Saint Paul y Minneapolis. Durante la Gran Depresi\u00f3n, el papa P\u00edo XI escribi\u00f3 una enc\u00edclica (Caritas Dei) en la que destacaba la importancia de las obras de caridad para los necesitados. En respuesta, el arzobispo Murray inici\u00f3 una cruzada de caridad para apoyar a los pobres y desempleados. Adem\u00e1s, demostr\u00f3 su solidaridad utilizando el transporte p\u00fablico o caminando por el centro de la ciudad y formando muchos grupos laicos para luchar contra la pobreza. Conocido por su excelencia acad\u00e9mica y su defensa de la fe, inici\u00f3 un programa de radio en WCCO llamado \u201cChurch of the Air\u201d, fund\u00f3 la Confraternidad de la Doctrina Cristiana y el Gremio de la Familia, e impuls\u00f3 una reforma lit\u00fargica en la Arquidi\u00f3cesis. Cuando el Congreso Eucar\u00edstico Nacional lleg\u00f3 a las Ciudades Gemelas en 1941, muchos lo vieron como un testimonio del celo del arzobispo Murray por la fe.<\/p><p>Los tiempos dif\u00edciles de la Gran Depresi\u00f3n y la Segunda Guerra Mundial pusieron a prueba al arzobispo, pero \u00e9l supo aportar una estabilidad que los tiempos cambiantes hab\u00edan hecho a\u00f1icos. Durante su mandato, fund\u00f3 m\u00e1s de 50 nuevas parroquias, sald\u00f3 la deuda del Colegio de Santo Tom\u00e1s y, al mismo tiempo, construy\u00f3 un pabell\u00f3n de ciencias, un gimnasio y una nueva biblioteca para el seminario. El arzobispo Murray falleci\u00f3 de c\u00e1ncer el 11 de octubre de 1956 y est\u00e1 enterrado en el Cementerio de la Resurrecci\u00f3n.<\/p>\t\t\t\t\t\t\t\t<\/div>\n\t\t\t\t\t<\/div>\n\t\t\t\t<\/div>\n\t\t\t\t<\/div>","protected":false},"excerpt":{"rendered":"<p>John Gregory Murray was born in Waterbury, Connecticut in 1877. In 1900 he was ordained a priest for the Diocese of Hartford, Connecticut, and in 1919 was consecrated auxiliary bishop for the diocese. In 1925 he was appointed bishop of Portland, Maine. He was appointed as the third Archbishop of the Archdiocese of Saint Paul [&hellip;]<\/p>\n","protected":false},"author":2,"featured_media":0,"parent":1079,"menu_order":0,"comment_status":"closed","ping_status":"closed","template":"","meta":{"footnotes":""},"class_list":["post-1087","page","type-page","status-publish","hentry"],"_links":{"self":[{"href":"https:\/\/www.archspm.org\/es\/wp-json\/wp\/v2\/pages\/1087","targetHints":{"allow":["GET"]}}],"collection":[{"href":"https:\/\/www.archspm.org\/es\/wp-json\/wp\/v2\/pages"}],"about":[{"href":"https:\/\/www.archspm.org\/es\/wp-json\/wp\/v2\/types\/page"}],"author":[{"embeddable":true,"href":"https:\/\/www.archspm.org\/es\/wp-json\/wp\/v2\/users\/2"}],"replies":[{"embeddable":true,"href":"https:\/\/www.archspm.org\/es\/wp-json\/wp\/v2\/comments?post=1087"}],"version-history":[{"count":0,"href":"https:\/\/www.archspm.org\/es\/wp-json\/wp\/v2\/pages\/1087\/revisions"}],"up":[{"embeddable":true,"href":"https:\/\/www.archspm.org\/es\/wp-json\/wp\/v2\/pages\/1079"}],"wp:attachment":[{"href":"https:\/\/www.archspm.org\/es\/wp-json\/wp\/v2\/media?parent=1087"}],"curies":[{"name":"wp","href":"https:\/\/api.w.org\/{rel}","templated":true}]}}