{"id":1088,"date":"2019-01-24T18:35:26","date_gmt":"2019-01-24T23:35:26","guid":{"rendered":"https:\/\/www.archspm.org\/most-reverend-austin-dowling\/"},"modified":"2025-05-19T18:36:09","modified_gmt":"2025-05-19T22:36:09","slug":"most-reverend-austin-dowling","status":"publish","type":"page","link":"https:\/\/www.archspm.org\/es\/past-bishops\/most-reverend-austin-dowling\/","title":{"rendered":"Reverend\u00edsimo Austin Dowling"},"content":{"rendered":"<div data-elementor-type=\"wp-page\" data-elementor-id=\"1088\" class=\"elementor elementor-1088\" data-elementor-post-type=\"page\">\n\t\t\t\t<div class=\"elementor-element elementor-element-3a035642 e-flex e-con-boxed e-con e-parent\" data-id=\"3a035642\" data-element_type=\"container\" data-e-type=\"container\" data-settings=\"{&quot;jet_parallax_layout_list&quot;:[]}\">\n\t\t\t\t\t<div class=\"e-con-inner\">\n\t\t\t\t<div class=\"elementor-element elementor-element-575544b0 elementor-widget elementor-widget-text-editor\" data-id=\"575544b0\" data-element_type=\"widget\" data-e-type=\"widget\" data-widget_type=\"text-editor.default\">\n\t\t\t\t\t\t\t\t\t<p>Daniel Austin Dowling naci\u00f3 en Nueva York y fue ordenado sacerdote en la di\u00f3cesis de Providence, Rhode Island, en 1891. En 1912 fue consagrado primer obispo de la reci\u00e9n erigida di\u00f3cesis de Des Moines, donde permaneci\u00f3 siete a\u00f1os. Tras la muerte del arzobispo Ireland, fue nombrado segundo arzobispo de la archidi\u00f3cesis de Saint Paul, y tom\u00f3 posesi\u00f3n el 25 de marzo de 1919.<\/p><p>El arzobispo Dowling era un hombre muy culto e intelectual que construy\u00f3 y consolid\u00f3 el sistema educativo de la archidi\u00f3cesis. En recuerdo de su predecesor, Dowling emprendi\u00f3 un ambicioso plan de recaudaci\u00f3n de fondos para la educaci\u00f3n cat\u00f3lica. Cre\u00f3 el Fondo para la Educaci\u00f3n del Arzobispo Ireland, con el que recaud\u00f3 casi 4,4 millones de d\u00f3lares. Una de las instituciones m\u00e1s importantes que hizo posible este fondo fue el seminario preparatorio, Nazareth Hall, que \u00e9l fund\u00f3 y construy\u00f3. El arzobispo Dowling se interes\u00f3 mucho por la formaci\u00f3n de los seminaristas universitarios, y visitaba con frecuencia el hermoso campus a orillas del lago Johanna, que desde entonces ha sido reconfigurado como Northwestern College. Adem\u00e1s de la reforma educativa diocesana, el arzobispo Dowling tambi\u00e9n supervis\u00f3 la fundaci\u00f3n de muchas obras de caridad diocesanas, trabaj\u00f3 para promover las causas de los grupos de hombres y mujeres laicos, incluidos los sindicatos de trabajadores. Adem\u00e1s, vel\u00f3 por que se atendieran las necesidades de los cat\u00f3licos rurales, pues cre\u00f3 la Conferencia de Vida Rural y erigi\u00f3 parroquias y escuelas rurales. Durante el mandato del arzobispo Dowling, Santa Mar\u00eda de Minneapolis fue elevada a la categor\u00eda de primera bas\u00edlica de Estados Unidos, y la di\u00f3cesis celebr\u00f3 su 75 aniversario. Otros proyectos en los que particip\u00f3 Dowling fueron la erecci\u00f3n del altar mayor de la catedral, la construcci\u00f3n de una nueva canciller\u00eda y de una residencia para el clero, todo lo cual sigue en pie hoy en d\u00eda.<\/p><p>El arzobispo Dowling falleci\u00f3 el 29 de noviembre de 1930 debido a una afecci\u00f3n cardiaca cr\u00f3nica. Est\u00e1 enterrado en el cementerio del Calvario de Saint Paul.<\/p>\t\t\t\t\t\t\t\t<\/div>\n\t\t\t\t\t<\/div>\n\t\t\t\t<\/div>\n\t\t\t\t<\/div>","protected":false},"excerpt":{"rendered":"<p>Daniel Austin Dowling was born in New York City and was ordained a priest for the Diocese of Providence, Rhode Island in 1891. He was consecrated the first bishop for the newly erected Diocese of Des Moines in 1912 and remained there for seven years. Following the death of Archbishop Ireland, he was appointed as [&hellip;]<\/p>\n","protected":false},"author":2,"featured_media":0,"parent":1079,"menu_order":0,"comment_status":"closed","ping_status":"closed","template":"","meta":{"footnotes":""},"class_list":["post-1088","page","type-page","status-publish","hentry"],"_links":{"self":[{"href":"https:\/\/www.archspm.org\/es\/wp-json\/wp\/v2\/pages\/1088","targetHints":{"allow":["GET"]}}],"collection":[{"href":"https:\/\/www.archspm.org\/es\/wp-json\/wp\/v2\/pages"}],"about":[{"href":"https:\/\/www.archspm.org\/es\/wp-json\/wp\/v2\/types\/page"}],"author":[{"embeddable":true,"href":"https:\/\/www.archspm.org\/es\/wp-json\/wp\/v2\/users\/2"}],"replies":[{"embeddable":true,"href":"https:\/\/www.archspm.org\/es\/wp-json\/wp\/v2\/comments?post=1088"}],"version-history":[{"count":0,"href":"https:\/\/www.archspm.org\/es\/wp-json\/wp\/v2\/pages\/1088\/revisions"}],"up":[{"embeddable":true,"href":"https:\/\/www.archspm.org\/es\/wp-json\/wp\/v2\/pages\/1079"}],"wp:attachment":[{"href":"https:\/\/www.archspm.org\/es\/wp-json\/wp\/v2\/media?parent=1088"}],"curies":[{"name":"wp","href":"https:\/\/api.w.org\/{rel}","templated":true}]}}