{"id":1089,"date":"2019-01-23T18:37:48","date_gmt":"2019-01-23T23:37:48","guid":{"rendered":"https:\/\/www.archspm.org\/most-reverend-john-ireland\/"},"modified":"2025-05-19T18:36:29","modified_gmt":"2025-05-19T22:36:29","slug":"most-reverend-john-ireland","status":"publish","type":"page","link":"https:\/\/www.archspm.org\/es\/past-bishops\/most-reverend-john-ireland\/","title":{"rendered":"Reverend\u00edsimo John Ireland"},"content":{"rendered":"<div data-elementor-type=\"wp-page\" data-elementor-id=\"1089\" class=\"elementor elementor-1089\" data-elementor-post-type=\"page\">\n\t\t\t\t<div class=\"elementor-element elementor-element-14cf087a e-flex e-con-boxed e-con e-parent\" data-id=\"14cf087a\" data-element_type=\"container\" data-e-type=\"container\" data-settings=\"{&quot;jet_parallax_layout_list&quot;:[]}\">\n\t\t\t\t\t<div class=\"e-con-inner\">\n\t\t\t\t<div class=\"elementor-element elementor-element-2e279680 elementor-widget elementor-widget-text-editor\" data-id=\"2e279680\" data-element_type=\"widget\" data-e-type=\"widget\" data-widget_type=\"text-editor.default\">\n\t\t\t\t\t\t\t\t\t<p>John Ireland naci\u00f3 en Irlanda; su familia emigr\u00f3 a Estados Unidos y finalmente se estableci\u00f3 en Saint Paul. Fue ordenado sacerdote por el obispo Grace en 1861 y luego sirvi\u00f3 como capell\u00e1n del Quinto Regimiento de Minnesota en la Guerra Civil hasta 1863. En 1875, fue consagrado obispo coadjutor de Saint Paul por el obispo Grace y se convirti\u00f3 en el tercer obispo de la Di\u00f3cesis de Saint Paul (1884-1888) y su primer arzobispo (1888-1918) cuando la di\u00f3cesis fue elevada a sede metropolitana en mayo de 1888.<\/p><p>Durante su mandato, el arzobispo Ireland se convirti\u00f3 en uno de los obispos estadounidenses m\u00e1s influyentes de su \u00e9poca. Fue una figura dominante en los \u00e1mbitos religioso, social y pol\u00edtico durante m\u00e1s de medio siglo, ya que su carism\u00e1tica personalidad y su imponente figura dieron forma a los movimientos religiosos y civiles de finales del siglo XIX y principios del XX. Siguiendo el legado del obispo Cr\u00e9tin de fomentar la inmigraci\u00f3n cat\u00f3lica, Ireland trajo a familias cat\u00f3licas irlandesas de los barrios marginales urbanos y las ayud\u00f3 a establecerse en tierras agr\u00edcolas en la zona rural de Minnesota, creando nuevas parroquias y escuelas para ellas. Debido al creciente n\u00famero de cat\u00f3licos en la regi\u00f3n, en 1889 se crearon cinco nuevas di\u00f3cesis. El arzobispo Ireland consagr\u00f3 a cuatro nuevos obispos para Fargo, Saint Cloud, Duluth y Winona.<\/p><p>El desarrollo de la educaci\u00f3n es una de las caracter\u00edsticas que definieron al arzobispo Ireland. Fund\u00f3 el Colegio (ahora Universidad) de Saint Thomas en 1885, incluyendo la escuela preparatoria ahora conocida como Saint Thomas Academy, el Seminario de Saint Paul, y adquiri\u00f3 terrenos para el Colegio de Saint Catherine. Adem\u00e1s, desempe\u00f1\u00f3 un papel fundamental en la creaci\u00f3n de la Universidad Cat\u00f3lica de Am\u00e9rica en Washington D.C., siendo uno de los cuatro obispos que formaron parte del comit\u00e9 fundador.<\/p><p>La visi\u00f3n del arzobispo Ireland para la Iglesia era que fuera s\u00f3lida, eminentemente visible y caracter\u00edsticamente estadounidense. Hombre de notable visi\u00f3n, era un patriota cuya lealtad a su pa\u00eds solo era superada por su amor a Dios y a la Iglesia. Entre las numerosas parroquias (26) y escuelas (39) que construy\u00f3 y estableci\u00f3 para la Arquidi\u00f3cesis, dos ejemplos destacados de la vitalidad de los cat\u00f3licos estadounidenses en las Ciudades Gemelas son la actual Catedral de San Pablo en Summit Hill, el punto m\u00e1s alto de San Pablo, as\u00ed como la Iglesia (posteriormente bas\u00edlica en 1926) de Santa Mar\u00eda en Minneapolis.<\/p><p>El arzobispo Ireland enferm\u00f3 en 1917 y falleci\u00f3 el 25 de septiembre de 1918. Tras un funeral multitudinario celebrado en la reci\u00e9n terminada catedral de San Pablo, fue enterrado en el cementerio Calvary, en San Pablo, junto a sus predecesores, los obispos Cr\u00e9tin y Grace.<\/p>\t\t\t\t\t\t\t\t<\/div>\n\t\t\t\t\t<\/div>\n\t\t\t\t<\/div>\n\t\t\t\t<\/div>","protected":false},"excerpt":{"rendered":"<p>John Ireland was born in Ireland; his family came to the U.S. and eventually settled in Saint Paul. He was ordained to the priesthood by Bishop Grace in 1861, and then served as a chaplain of the Fifth Minnesota Regiment in the Civil War until 1863. In 1875, he was consecrated coadjutor bishop of Saint [&hellip;]<\/p>\n","protected":false},"author":2,"featured_media":0,"parent":1079,"menu_order":0,"comment_status":"closed","ping_status":"closed","template":"","meta":{"footnotes":""},"class_list":["post-1089","page","type-page","status-publish","hentry"],"_links":{"self":[{"href":"https:\/\/www.archspm.org\/es\/wp-json\/wp\/v2\/pages\/1089","targetHints":{"allow":["GET"]}}],"collection":[{"href":"https:\/\/www.archspm.org\/es\/wp-json\/wp\/v2\/pages"}],"about":[{"href":"https:\/\/www.archspm.org\/es\/wp-json\/wp\/v2\/types\/page"}],"author":[{"embeddable":true,"href":"https:\/\/www.archspm.org\/es\/wp-json\/wp\/v2\/users\/2"}],"replies":[{"embeddable":true,"href":"https:\/\/www.archspm.org\/es\/wp-json\/wp\/v2\/comments?post=1089"}],"version-history":[{"count":0,"href":"https:\/\/www.archspm.org\/es\/wp-json\/wp\/v2\/pages\/1089\/revisions"}],"up":[{"embeddable":true,"href":"https:\/\/www.archspm.org\/es\/wp-json\/wp\/v2\/pages\/1079"}],"wp:attachment":[{"href":"https:\/\/www.archspm.org\/es\/wp-json\/wp\/v2\/media?parent=1089"}],"curies":[{"name":"wp","href":"https:\/\/api.w.org\/{rel}","templated":true}]}}