{"id":1090,"date":"2019-01-22T18:41:46","date_gmt":"2019-01-22T23:41:46","guid":{"rendered":"https:\/\/www.archspm.org\/most-reverend-thomas-l-grace-o-p\/"},"modified":"2025-05-19T18:37:16","modified_gmt":"2025-05-19T22:37:16","slug":"most-reverend-thomas-l-grace-o-p","status":"publish","type":"page","link":"https:\/\/www.archspm.org\/es\/past-bishops\/most-reverend-thomas-l-grace-o-p\/","title":{"rendered":"Reverend\u00edsimo Thomas L Grace, O.P."},"content":{"rendered":"<div data-elementor-type=\"wp-page\" data-elementor-id=\"1090\" class=\"elementor elementor-1090\" data-elementor-post-type=\"page\">\n\t\t\t\t<div class=\"elementor-element elementor-element-583ff182 e-flex e-con-boxed e-con e-parent\" data-id=\"583ff182\" data-element_type=\"container\" data-e-type=\"container\" data-settings=\"{&quot;jet_parallax_layout_list&quot;:[]}\">\n\t\t\t\t\t<div class=\"e-con-inner\">\n\t\t\t\t<div class=\"elementor-element elementor-element-a4415cf elementor-widget elementor-widget-text-editor\" data-id=\"a4415cf\" data-element_type=\"widget\" data-e-type=\"widget\" data-widget_type=\"text-editor.default\">\n\t\t\t\t\t\t\t\t\t<p>Thomas Langdon Grace naci\u00f3 en Charleston, Carolina del Sur, y fue ordenado sacerdote de la Orden Dominicana en 1839. Se convirti\u00f3 en el segundo obispo de la Di\u00f3cesis de Saint Paul el 29 de julio de 1859.<\/p><p>Conocido por ser un hombre ordenado y culto, el obispo Grace organiz\u00f3 la administraci\u00f3n diocesana, sent\u00f3 un precedente en materia de educaci\u00f3n cat\u00f3lica y estableci\u00f3 un reglamento para los sacerdotes de la di\u00f3cesis, en el que se estipulaban normas relativas a los sacramentos y a la vida parroquial. Como administrador competente, aport\u00f3 estabilidad a una Iglesia de inmigrantes en r\u00e1pido crecimiento en Minnesota y el noroeste.<\/p><p>Tanto la Guerra entre Estados Unidos y los dakota de 1862 como la Guerra Civil fueron momentos decisivos en su episcopado. El obispo Grace trabaj\u00f3 por la paz y la unidad entre los nativos americanos y los colonos inmigrantes en la Di\u00f3cesis de Saint Paul.<\/p><p>El 31 de julio de 1884, a la edad de 70 a\u00f1os, renunci\u00f3 a su cargo de obispo de la di\u00f3cesis y vivi\u00f3 hasta 1897.<\/p>\t\t\t\t\t\t\t\t<\/div>\n\t\t\t\t\t<\/div>\n\t\t\t\t<\/div>\n\t\t\t\t<\/div>","protected":false},"excerpt":{"rendered":"<p>Thomas Langdon Grace was born in Charleston, South Carolina and was ordained a priest for the Dominican order in 1839. He became the second bishop of the Diocese of Saint Paul on July 29, 1859. Known to be an orderly and well-educated man, Bishop Grace organized the diocesan administration, set a precedent for Catholic education, [&hellip;]<\/p>\n","protected":false},"author":2,"featured_media":0,"parent":1079,"menu_order":0,"comment_status":"closed","ping_status":"closed","template":"","meta":{"footnotes":""},"class_list":["post-1090","page","type-page","status-publish","hentry"],"_links":{"self":[{"href":"https:\/\/www.archspm.org\/es\/wp-json\/wp\/v2\/pages\/1090","targetHints":{"allow":["GET"]}}],"collection":[{"href":"https:\/\/www.archspm.org\/es\/wp-json\/wp\/v2\/pages"}],"about":[{"href":"https:\/\/www.archspm.org\/es\/wp-json\/wp\/v2\/types\/page"}],"author":[{"embeddable":true,"href":"https:\/\/www.archspm.org\/es\/wp-json\/wp\/v2\/users\/2"}],"replies":[{"embeddable":true,"href":"https:\/\/www.archspm.org\/es\/wp-json\/wp\/v2\/comments?post=1090"}],"version-history":[{"count":0,"href":"https:\/\/www.archspm.org\/es\/wp-json\/wp\/v2\/pages\/1090\/revisions"}],"up":[{"embeddable":true,"href":"https:\/\/www.archspm.org\/es\/wp-json\/wp\/v2\/pages\/1079"}],"wp:attachment":[{"href":"https:\/\/www.archspm.org\/es\/wp-json\/wp\/v2\/media?parent=1090"}],"curies":[{"name":"wp","href":"https:\/\/api.w.org\/{rel}","templated":true}]}}