{"id":1091,"date":"2019-01-21T18:53:44","date_gmt":"2019-01-21T23:53:44","guid":{"rendered":"https:\/\/www.archspm.org\/most-reverend-joseph-cretin\/"},"modified":"2025-05-19T18:37:45","modified_gmt":"2025-05-19T22:37:45","slug":"most-reverend-joseph-cretin","status":"publish","type":"page","link":"https:\/\/www.archspm.org\/es\/past-bishops\/most-reverend-joseph-cretin\/","title":{"rendered":"Reverend\u00edsimo Joseph Cr\u00e9tin"},"content":{"rendered":"<div data-elementor-type=\"wp-page\" data-elementor-id=\"1091\" class=\"elementor elementor-1091\" data-elementor-post-type=\"page\">\n\t\t\t\t<div class=\"elementor-element elementor-element-26238705 e-flex e-con-boxed e-con e-parent\" data-id=\"26238705\" data-element_type=\"container\" data-e-type=\"container\" data-settings=\"{&quot;jet_parallax_layout_list&quot;:[]}\">\n\t\t\t\t\t<div class=\"e-con-inner\">\n\t\t\t\t<div class=\"elementor-element elementor-element-7eee0875 elementor-widget elementor-widget-text-editor\" data-id=\"7eee0875\" data-element_type=\"widget\" data-e-type=\"widget\" data-widget_type=\"text-editor.default\">\n\t\t\t\t\t\t\t\t\t<p>Joseph Cr\u00e9tin naci\u00f3 en Montleuil, Francia, en 1799. Tras cursar sus estudios en el seminario de Par\u00eds, fue ordenado sacerdote en 1823 y ejerci\u00f3 como p\u00e1rroco en la Di\u00f3cesis de Belley entre 1823 y 1838. A ra\u00edz de la invitaci\u00f3n del obispo Mathias Loras, el primer obispo de Dubuque, Iowa, quien era un viejo amigo, el P. Cr\u00e9tin se convirti\u00f3 en misionero. Ejerci\u00f3 su ministerio entre los nativos americanos en la Di\u00f3cesis de Dubuque, que en ese entonces inclu\u00eda lo que hoy es Minnesota. Fue nombrado obispo de la reci\u00e9n formada Di\u00f3cesis de Saint Paul y fue ordenado su primer obispo el 26 de enero de 1851.<\/p><p>El obispo Cr\u00e9tin construy\u00f3 dos catedrales durante su mandato en Saint Paul, adem\u00e1s de un hospital y escuelas; tambi\u00e9n fund\u00f3 cementerios. Deseaba poblar la zona con cat\u00f3licos, por lo que se esforz\u00f3 por impulsar el crecimiento de su di\u00f3cesis trayendo inmigrantes cat\u00f3licos de pa\u00edses europeos a las f\u00e9rtiles llanuras de Minnesota. Dotado de un ardiente esp\u00edritu misionero, continu\u00f3 ejerciendo su ministerio entre los nativos americanos y recorri\u00f3 la vasta extensi\u00f3n de esta di\u00f3cesis, que en aquel entonces abarcaba todo Minnesota y las Dakotas.<\/p>\t\t\t\t\t\t\t\t<\/div>\n\t\t\t\t\t<\/div>\n\t\t\t\t<\/div>\n\t\t\t\t<\/div>","protected":false},"excerpt":{"rendered":"<p>Joseph Cr\u00e9tin was born in Montleuil, France in 1799. After attending seminary in Paris, he was ordained a priest in 1823 and served as a parish priest in the Diocese of Belley from 1823-38. Following the invitation of Bishop Mathias Loras, the first bishop of Dubuque, Iowa, who was an old friend, Fr. Cr\u00e9tin became [&hellip;]<\/p>\n","protected":false},"author":2,"featured_media":0,"parent":1079,"menu_order":0,"comment_status":"closed","ping_status":"closed","template":"","meta":{"footnotes":""},"class_list":["post-1091","page","type-page","status-publish","hentry"],"_links":{"self":[{"href":"https:\/\/www.archspm.org\/es\/wp-json\/wp\/v2\/pages\/1091","targetHints":{"allow":["GET"]}}],"collection":[{"href":"https:\/\/www.archspm.org\/es\/wp-json\/wp\/v2\/pages"}],"about":[{"href":"https:\/\/www.archspm.org\/es\/wp-json\/wp\/v2\/types\/page"}],"author":[{"embeddable":true,"href":"https:\/\/www.archspm.org\/es\/wp-json\/wp\/v2\/users\/2"}],"replies":[{"embeddable":true,"href":"https:\/\/www.archspm.org\/es\/wp-json\/wp\/v2\/comments?post=1091"}],"version-history":[{"count":0,"href":"https:\/\/www.archspm.org\/es\/wp-json\/wp\/v2\/pages\/1091\/revisions"}],"up":[{"embeddable":true,"href":"https:\/\/www.archspm.org\/es\/wp-json\/wp\/v2\/pages\/1079"}],"wp:attachment":[{"href":"https:\/\/www.archspm.org\/es\/wp-json\/wp\/v2\/media?parent=1091"}],"curies":[{"name":"wp","href":"https:\/\/api.w.org\/{rel}","templated":true}]}}