{"id":1097,"date":"2019-01-23T08:42:12","date_gmt":"2019-01-23T13:42:12","guid":{"rendered":"https:\/\/www.archspm.org\/patrick-conley\/"},"modified":"2025-08-07T17:17:02","modified_gmt":"2025-08-07T21:17:02","slug":"patrick-conley","status":"publish","type":"page","link":"https:\/\/www.archspm.org\/es\/patrick-conley\/","title":{"rendered":"Patrick Conley"},"content":{"rendered":"<div data-elementor-type=\"wp-page\" data-elementor-id=\"1097\" class=\"elementor elementor-1097\" data-elementor-post-type=\"page\">\n\t\t\t\t<div class=\"elementor-element elementor-element-3f345658 e-flex e-con-boxed e-con e-parent\" data-id=\"3f345658\" data-element_type=\"container\" data-e-type=\"container\" data-settings=\"{&quot;jet_parallax_layout_list&quot;:[]}\">\n\t\t\t\t\t<div class=\"e-con-inner\">\n\t\t\t\t<div class=\"elementor-element elementor-element-4581c6ee elementor-widget elementor-widget-text-editor\" data-id=\"4581c6ee\" data-element_type=\"widget\" data-e-type=\"widget\" data-widget_type=\"text-editor.default\">\n\t\t\t\t\t\t\t\t\t<p><img fetchpriority=\"high\" decoding=\"async\" class=\"alignright size-full wp-image-7600\" src=\"https:\/\/www.archspm.org\/wp-content\/uploads\/2025\/04\/Patrick_new-200x252-1.jpg\" alt=\"\" width=\"200\" height=\"252\" \/>Patrick Conley y su esposa, Kendra, se convirtieron al catolicismo en 2010 a trav\u00e9s del programa RICA de la Catedral de San Pablo. Patrick es licenciado en Teolog\u00eda por la Universidad de Oxford, ha realizado estudios de doctorado en Teolog\u00eda y fue director de formaci\u00f3n en la fe en la Catedral de San Pablo entre 2013 y 2018. Tambi\u00e9n es conferencista itinerante del <a href=\"https:\/\/www.archspm.org\/es\/called-and-gifted-workshops\/\">Llamados y dotados\u2122<\/a> taller de discernimiento del carisma. \u00c9l y Kendra, junto con su bulldog, Georgie, est\u00e1n ahora forjando una nueva vida en la zona rural de Wisconsin, en la granja de la familia de Kendra.<\/p>\t\t\t\t\t\t\t\t<\/div>\n\t\t\t\t\t<\/div>\n\t\t\t\t<\/div>\n\t\t\t\t<\/div>","protected":false},"excerpt":{"rendered":"<p>Patrick Conley and his wife, Kendra, converted to Catholicism in 2010 through the RCIA program at the Cathedral of Saint Paul. Patrick holds a degree in theology from Oxford University, has done doctoral-level theological work, and served as the Director of Faith Formation at the Cathedral of Saint Paul from 2013 to 2018. He is [&hellip;]<\/p>\n","protected":false},"author":2,"featured_media":0,"parent":0,"menu_order":0,"comment_status":"closed","ping_status":"closed","template":"","meta":{"footnotes":""},"class_list":["post-1097","page","type-page","status-publish","hentry"],"_links":{"self":[{"href":"https:\/\/www.archspm.org\/es\/wp-json\/wp\/v2\/pages\/1097","targetHints":{"allow":["GET"]}}],"collection":[{"href":"https:\/\/www.archspm.org\/es\/wp-json\/wp\/v2\/pages"}],"about":[{"href":"https:\/\/www.archspm.org\/es\/wp-json\/wp\/v2\/types\/page"}],"author":[{"embeddable":true,"href":"https:\/\/www.archspm.org\/es\/wp-json\/wp\/v2\/users\/2"}],"replies":[{"embeddable":true,"href":"https:\/\/www.archspm.org\/es\/wp-json\/wp\/v2\/comments?post=1097"}],"version-history":[{"count":0,"href":"https:\/\/www.archspm.org\/es\/wp-json\/wp\/v2\/pages\/1097\/revisions"}],"wp:attachment":[{"href":"https:\/\/www.archspm.org\/es\/wp-json\/wp\/v2\/media?parent=1097"}],"curies":[{"name":"wp","href":"https:\/\/api.w.org\/{rel}","templated":true}]}}