{"id":1100,"date":"2019-01-23T10:46:24","date_gmt":"2019-01-23T15:46:24","guid":{"rendered":"https:\/\/www.archspm.org\/paul-sadek\/"},"modified":"2025-08-07T12:00:19","modified_gmt":"2025-08-07T16:00:19","slug":"paul-sadek","status":"publish","type":"page","link":"https:\/\/www.archspm.org\/es\/paul-sadek\/","title":{"rendered":"Paul Sadek"},"content":{"rendered":"<p><img fetchpriority=\"high\" decoding=\"async\" class=\"alignright size-full wp-image-7602\" src=\"https:\/\/www.archspm.org\/wp-content\/uploads\/2025\/04\/Paul_new-200x252-1.jpg\" alt=\"\" width=\"200\" height=\"252\" \/>Paul Sadek es productor de la cadena y director de operaciones de Relevant Radio, donde colabora en la supervisi\u00f3n de las emisoras de Relevant Radio en Minneapolis, Eau Claire y La Crosse, adem\u00e1s de encargarse de la producci\u00f3n local y de la cadena, y de presentar programas locales en antena. Se incorpor\u00f3 al equipo de Relevant Radio en 2003.<\/p>\n<p>Antes de incorporarse a Relevant Radio, desempe\u00f1\u00f3 diversas funciones en emisoras de radio y televisi\u00f3n de Minnesota, Iowa y Dakota del Sur. Paul se convirti\u00f3 a la fe cat\u00f3lica en la edad adulta y fue admitido en plena comuni\u00f3n mediante la profesi\u00f3n de fe en 1978.<\/p>","protected":false},"excerpt":{"rendered":"<p>Paul Sadek is network producer and operations manager for Relevant Radio, assisting with the oversight of Relevant Radio stations in Minneapolis, Eau Claire, and La Crosse\u2014along with local and network production, and on-air hosting of local programs. He joined the Relevant Radio team in 2003. Prior to Relevant Radio, he worked in various capacities at [&hellip;]<\/p>\n","protected":false},"author":2,"featured_media":0,"parent":0,"menu_order":0,"comment_status":"closed","ping_status":"closed","template":"","meta":{"footnotes":""},"class_list":["post-1100","page","type-page","status-publish","hentry"],"_links":{"self":[{"href":"https:\/\/www.archspm.org\/es\/wp-json\/wp\/v2\/pages\/1100","targetHints":{"allow":["GET"]}}],"collection":[{"href":"https:\/\/www.archspm.org\/es\/wp-json\/wp\/v2\/pages"}],"about":[{"href":"https:\/\/www.archspm.org\/es\/wp-json\/wp\/v2\/types\/page"}],"author":[{"embeddable":true,"href":"https:\/\/www.archspm.org\/es\/wp-json\/wp\/v2\/users\/2"}],"replies":[{"embeddable":true,"href":"https:\/\/www.archspm.org\/es\/wp-json\/wp\/v2\/comments?post=1100"}],"version-history":[{"count":0,"href":"https:\/\/www.archspm.org\/es\/wp-json\/wp\/v2\/pages\/1100\/revisions"}],"wp:attachment":[{"href":"https:\/\/www.archspm.org\/es\/wp-json\/wp\/v2\/media?parent=1100"}],"curies":[{"name":"wp","href":"https:\/\/api.w.org\/{rel}","templated":true}]}}