{"id":1114,"date":"2019-02-11T11:07:22","date_gmt":"2019-02-11T16:07:22","guid":{"rendered":"https:\/\/www.archspm.org\/requesting-sacramental-certificates\/"},"modified":"2026-04-07T16:04:39","modified_gmt":"2026-04-07T20:04:39","slug":"requesting-sacramental-certificates","status":"publish","type":"page","link":"https:\/\/www.archspm.org\/es\/requesting-sacramental-certificates\/","title":{"rendered":"Solicitud de certificados sacramentales"},"content":{"rendered":"<p><strong><span class=\"TextRun SCXW185167000 BCX0\" lang=\"EN-US\" xml:lang=\"EN-US\" data-contrast=\"none\"><span class=\"NormalTextRun SCXW185167000 BCX0\" data-ccp-parastyle=\"Normal (Web)\">Si est\u00e1s buscando\u00a0<\/span><span class=\"NormalTextRun SCXW185167000 BCX0\" data-ccp-parastyle=\"Normal (Web)\">certificado\u00a0<\/span><span class=\"NormalTextRun SCXW185167000 BCX0\" data-ccp-parastyle=\"Normal (Web)\">documentaci\u00f3n necesaria para solicitar la doble nacionalidad por descendencia, consulte\u00a0<\/span><\/span><span class=\"TextRun Underlined SCXW185167000 BCX0\" lang=\"EN-US\" xml:lang=\"EN-US\" data-contrast=\"none\"><span class=\"NormalTextRun SCXW185167000 BCX0\" data-ccp-parastyle=\"Normal (Web)\"><a href=\"https:\/\/www.archspm.org\/es\/dual-citizenship\/\">esta p\u00e1gina<\/a>\u00a0<\/span><\/span><span class=\"TextRun SCXW185167000 BCX0\" lang=\"EN-US\" xml:lang=\"EN-US\" data-contrast=\"none\"><span class=\"NormalTextRun SCXW185167000 BCX0\" data-ccp-parastyle=\"Normal (Web)\">para m\u00e1s informaci\u00f3n.<\/span><\/span><span class=\"EOP Selected SCXW185167000 BCX0\" data-ccp-props=\"{&quot;134233117&quot;:true,&quot;134233118&quot;:true,&quot;201341983&quot;:0,&quot;335557856&quot;:16777215,&quot;335559740&quot;:240}\">\u00a0<\/span><\/strong><\/p>\n<p>Todas las solicitudes de certificados sacramentales (documentos oficiales que acreditan la celebraci\u00f3n de un sacramento; no se expiden con fines geneal\u00f3gicos) deben dirigirse a la <a href=\"\/es\/parishes\/\">parroquia<\/a> que conserva el libro original de registros sacramentales. El solicitante debe ser un destinatario autorizado, tal como se define a continuaci\u00f3n. En el caso de las parroquias que se hayan fusionado, los registros se encuentran en la parroquia receptora. En la secci\u00f3n \u00abDescargas\u00bb que figura a continuaci\u00f3n se puede consultar una lista con la ubicaci\u00f3n de los registros de las parroquias fusionadas.<\/p>\n<p>Entre los destinatarios autorizados se incluyen:<\/p>\n<ul>\n<li>La persona cuyo nombre figura en el expediente (si es mayor de 18 a\u00f1os o un menor emancipado).<\/li>\n<li>Un padre o tutor legal de la persona (si esta es menor de 18 a\u00f1os).<\/li>\n<li>Funcionarios de la Arquidi\u00f3cesis de Saint Paul y Minneapolis, de otras di\u00f3cesis, o de parroquias de la Arquidi\u00f3cesis o de otras di\u00f3cesis cat\u00f3licas romanas.<\/li>\n<li>Otras partes designadas o autorizadas por orden judicial, citaci\u00f3n, orden de comparecencia o ley estatal o federal.<\/li>\n<\/ul>\n<p>Las parroquias no proporcionan informaci\u00f3n sobre los sacramentos para la investigaci\u00f3n geneal\u00f3gica, ni se expiden certificados de sacramentos con ese fin.<\/p>","protected":false},"excerpt":{"rendered":"<p>If you are seeking\u00a0certified\u00a0records for an application for dual citizenship by descent, please see\u00a0this page\u00a0for more information.\u00a0 All requests for Sacramental Certificates (official documents attesting to a sacrament having been conferred \u2013 not issued for family history purposes) should go to the parish that holds the original sacramental record book. The requester must be an [&hellip;]<\/p>\n","protected":false},"author":2,"featured_media":7425,"parent":0,"menu_order":0,"comment_status":"closed","ping_status":"closed","template":"","meta":{"footnotes":""},"class_list":["post-1114","page","type-page","status-publish","has-post-thumbnail","hentry"],"_links":{"self":[{"href":"https:\/\/www.archspm.org\/es\/wp-json\/wp\/v2\/pages\/1114","targetHints":{"allow":["GET"]}}],"collection":[{"href":"https:\/\/www.archspm.org\/es\/wp-json\/wp\/v2\/pages"}],"about":[{"href":"https:\/\/www.archspm.org\/es\/wp-json\/wp\/v2\/types\/page"}],"author":[{"embeddable":true,"href":"https:\/\/www.archspm.org\/es\/wp-json\/wp\/v2\/users\/2"}],"replies":[{"embeddable":true,"href":"https:\/\/www.archspm.org\/es\/wp-json\/wp\/v2\/comments?post=1114"}],"version-history":[{"count":1,"href":"https:\/\/www.archspm.org\/es\/wp-json\/wp\/v2\/pages\/1114\/revisions"}],"predecessor-version":[{"id":14913,"href":"https:\/\/www.archspm.org\/es\/wp-json\/wp\/v2\/pages\/1114\/revisions\/14913"}],"wp:featuredmedia":[{"embeddable":true,"href":"https:\/\/www.archspm.org\/es\/wp-json\/wp\/v2\/media\/7425"}],"wp:attachment":[{"href":"https:\/\/www.archspm.org\/es\/wp-json\/wp\/v2\/media?parent=1114"}],"curies":[{"name":"wp","href":"https:\/\/api.w.org\/{rel}","templated":true}]}}