{"id":1116,"date":"2019-02-11T13:23:11","date_gmt":"2019-02-11T18:23:11","guid":{"rendered":"https:\/\/www.archspm.org\/records-retention-schedules\/"},"modified":"2025-04-07T18:31:50","modified_gmt":"2025-04-07T22:31:50","slug":"records-retention-schedules","status":"publish","type":"page","link":"https:\/\/www.archspm.org\/es\/records-retention-schedules\/","title":{"rendered":"Calendario de conservaci\u00f3n de documentos"},"content":{"rendered":"<p>Los siguientes documentos constituyen los calendarios de conservaci\u00f3n de registros parroquiales y escolares de la archidi\u00f3cesis. Consulte estos documentos para obtener informaci\u00f3n importante sobre la gesti\u00f3n de los registros parroquiales y escolares. Revise tambi\u00e9n <a href=\"https:\/\/www.archspm.org\/es\/policies\/200-administration\/204-records-retention-policy\/\">Pol\u00edtica 204: Pol\u00edtica de conservaci\u00f3n de registros<\/a>.<\/p>","protected":false},"excerpt":{"rendered":"<p>Los siguientes documentos constituyen los calendarios de conservaci\u00f3n de registros parroquiales y escolares de la archidi\u00f3cesis. Consulte estos documentos para obtener informaci\u00f3n importante sobre la gesti\u00f3n de los registros parroquiales y escolares. Revise tambi\u00e9n la Pol\u00edtica 204: Pol\u00edtica de conservaci\u00f3n de registros.<\/p>","protected":false},"author":2,"featured_media":7442,"parent":0,"menu_order":0,"comment_status":"closed","ping_status":"closed","template":"","meta":{"footnotes":""},"class_list":["post-1116","page","type-page","status-publish","has-post-thumbnail","hentry"],"_links":{"self":[{"href":"https:\/\/www.archspm.org\/es\/wp-json\/wp\/v2\/pages\/1116","targetHints":{"allow":["GET"]}}],"collection":[{"href":"https:\/\/www.archspm.org\/es\/wp-json\/wp\/v2\/pages"}],"about":[{"href":"https:\/\/www.archspm.org\/es\/wp-json\/wp\/v2\/types\/page"}],"author":[{"embeddable":true,"href":"https:\/\/www.archspm.org\/es\/wp-json\/wp\/v2\/users\/2"}],"replies":[{"embeddable":true,"href":"https:\/\/www.archspm.org\/es\/wp-json\/wp\/v2\/comments?post=1116"}],"version-history":[{"count":0,"href":"https:\/\/www.archspm.org\/es\/wp-json\/wp\/v2\/pages\/1116\/revisions"}],"wp:featuredmedia":[{"embeddable":true,"href":"https:\/\/www.archspm.org\/es\/wp-json\/wp\/v2\/media\/7442"}],"wp:attachment":[{"href":"https:\/\/www.archspm.org\/es\/wp-json\/wp\/v2\/media?parent=1116"}],"curies":[{"name":"wp","href":"https:\/\/api.w.org\/{rel}","templated":true}]}}