{"id":1125,"date":"2019-02-14T05:18:12","date_gmt":"2019-02-14T10:18:12","guid":{"rendered":"https:\/\/www.archspm.org\/directions-to-the-catholic-center-777-forest-street-saint-paul\/"},"modified":"2019-02-14T05:18:12","modified_gmt":"2019-02-14T10:18:12","slug":"directions-to-the-catholic-center-777-forest-street-saint-paul","status":"publish","type":"page","link":"https:\/\/www.archspm.org\/es\/directions-to-the-catholic-center-777-forest-street-saint-paul\/","title":{"rendered":"C\u00f3mo llegar al Centro Cat\u00f3lico: 777 Forest Street, Saint Paul"},"content":{"rendered":"<p><strong>Desde el Oeste por la I-94:<\/strong><\/p>\n<p>Desde la I-94E, utilice el carril izquierdo para tomar la salida 243 hacia Mounds Blvd.<\/p>\n<p>Hay dos carriles de giro a la izquierda en la parte superior de la rampa de salida; mant\u00e9ngase en el carril derecho para girar a la izquierda en Mounds Blvd.<\/p>\n<p>Contin\u00fae por Mounds Blvd hasta 7th Street East y gire a la derecha.<\/p>\n<p>Contin\u00fae por 7th Street East hasta Forest Street y gire a la izquierda.<\/p>\n<p>Despu\u00e9s de girar a la izquierda en Forest Street, la canciller\u00eda estar\u00e1 inmediatamente a la izquierda. El aparcamiento es accesible desde la calle Forest. Un monumento se\u00f1ala la entrada al aparcamiento.<\/p>\n<p>&nbsp;<\/p>\n<p><strong>Desde el Este por la I-94:<\/strong><\/p>\n<p>Desde la I-94W, tome la salida 243 para Mounds Blvd \/ Hwy 61 North y gire a la derecha, luego siga recto por Mounds Blvd.<\/p>\n<p>Contin\u00fae por Mounds Blvd hasta 7th Street East y gire a la derecha.<\/p>\n<p>Contin\u00fae por 7th Street East hasta Forest Street y gire a la izquierda.<\/p>\n<p>Despu\u00e9s de girar a la izquierda en Forest Street, la canciller\u00eda estar\u00e1 inmediatamente a la izquierda. El aparcamiento es accesible desde la calle Forest. Un monumento se\u00f1ala la entrada al aparcamiento.<\/p>\n<p>&nbsp;<\/p>\n<p><strong>Desde el norte por la I-35E:<\/strong><\/p>\n<p>Desde la I-35E Sur, tome la salida 107A (salida a la izquierda) hacia la I-94E \/ Hwy 10 \/ Wacouta Street.<\/p>\n<p>Mantente a la derecha en la bifurcaci\u00f3n; sigue las se\u00f1ales de I-94E e incorp\u00f3rate a I-94E.<\/p>\n<p>Desde la I-94E, utilice el carril izquierdo para tomar la salida 243 hacia Mounds Blvd.<\/p>\n<p>Hay dos carriles de giro a la izquierda en la parte superior de la rampa de salida; mant\u00e9ngase en el carril derecho para girar a la izquierda en Mounds Blvd.<\/p>\n<p>Contin\u00fae por Mounds Blvd hasta 7th Street East y gire a la derecha.<\/p>\n<p>Contin\u00fae por 7th Street East hasta Forest Street y gire a la izquierda.<\/p>\n<p>Despu\u00e9s de girar a la izquierda en Forest Street, la canciller\u00eda estar\u00e1 inmediatamente a la izquierda. El aparcamiento es accesible desde la calle Forest. Un monumento se\u00f1ala la entrada al aparcamiento.<\/p>\n<p>&nbsp;<\/p>\n<p><strong>Desde el Sur por la I-35E:<\/strong><\/p>\n<p>Desde la I-35E Norte, tome la salida 107A hacia la I-94E.<\/p>\n<p>Contin\u00fae por la I-94E, luego utilice el carril izquierdo para tomar la salida 243 hacia Mounds Blvd.<\/p>\n<p>Mantente a la derecha en la bifurcaci\u00f3n; sigue las se\u00f1ales de I-94E e incorp\u00f3rate a I-94E.<\/p>\n<p>Desde la I-94E, utilice el carril izquierdo para tomar la salida 243 hacia Mounds Blvd.<\/p>\n<p>Hay dos carriles de giro a la izquierda en la parte superior de la rampa de salida; mant\u00e9ngase en el carril derecho para girar a la izquierda en Mounds Blvd.<\/p>\n<p>Contin\u00fae por Mounds Blvd hasta 7th Street East y gire a la derecha.<\/p>\n<p>Contin\u00fae por 7th Street East hasta Forest Street y gire a la izquierda.<\/p>\n<p>Despu\u00e9s de girar a la izquierda en Forest Street, la canciller\u00eda estar\u00e1 inmediatamente a la izquierda. El aparcamiento es accesible desde la calle Forest. Un monumento se\u00f1ala la entrada al aparcamiento.<\/p>","protected":false},"excerpt":{"rendered":"<p>From the West via I-94: From I-94E, use the left lane to take exit 243 for Mounds Blvd. There are two left-turn lanes at the top of the exit ramp; stay in the right lane to turn left onto Mounds Blvd. Continue on Mounds Blvd to 7th Street East and turn right. Continue on 7th [&hellip;]<\/p>\n","protected":false},"author":2,"featured_media":0,"parent":0,"menu_order":0,"comment_status":"closed","ping_status":"closed","template":"","meta":{"footnotes":""},"class_list":["post-1125","page","type-page","status-publish","hentry"],"_links":{"self":[{"href":"https:\/\/www.archspm.org\/es\/wp-json\/wp\/v2\/pages\/1125","targetHints":{"allow":["GET"]}}],"collection":[{"href":"https:\/\/www.archspm.org\/es\/wp-json\/wp\/v2\/pages"}],"about":[{"href":"https:\/\/www.archspm.org\/es\/wp-json\/wp\/v2\/types\/page"}],"author":[{"embeddable":true,"href":"https:\/\/www.archspm.org\/es\/wp-json\/wp\/v2\/users\/2"}],"replies":[{"embeddable":true,"href":"https:\/\/www.archspm.org\/es\/wp-json\/wp\/v2\/comments?post=1125"}],"version-history":[{"count":0,"href":"https:\/\/www.archspm.org\/es\/wp-json\/wp\/v2\/pages\/1125\/revisions"}],"wp:attachment":[{"href":"https:\/\/www.archspm.org\/es\/wp-json\/wp\/v2\/media?parent=1125"}],"curies":[{"name":"wp","href":"https:\/\/api.w.org\/{rel}","templated":true}]}}