{"id":1140,"date":"2019-06-06T09:00:54","date_gmt":"2019-06-06T13:00:54","guid":{"rendered":"https:\/\/www.archspm.org\/synod\/"},"modified":"2026-03-09T11:51:38","modified_gmt":"2026-03-09T15:51:38","slug":"synod","status":"publish","type":"page","link":"https:\/\/www.archspm.org\/es\/synod\/","title":{"rendered":"Implementaci\u00f3n del S\u00ednodo"},"content":{"rendered":"<div data-elementor-type=\"wp-page\" data-elementor-id=\"1140\" class=\"elementor elementor-1140\" data-elementor-post-type=\"page\">\n\t\t\t\t<div class=\"elementor-element elementor-element-fa9323c e-flex e-con-boxed e-con e-parent\" data-id=\"fa9323c\" data-element_type=\"container\" data-e-type=\"container\" data-settings=\"{&quot;jet_parallax_layout_list&quot;:[]}\">\n\t\t\t\t\t<div class=\"e-con-inner\">\n\t\t\t\t<div class=\"elementor-element elementor-element-a57a651 elementor-widget elementor-widget-heading\" data-id=\"a57a651\" data-element_type=\"widget\" data-e-type=\"widget\" data-widget_type=\"heading.default\">\n\t\t\t\t\t<h1 class=\"elementor-heading-title elementor-size-default\">Implementaci\u00f3n del S\u00ednodo<\/h1>\t\t\t\t<\/div>\n\t\t\t\t\t<\/div>\n\t\t\t\t<\/div>\n\t\t<div class=\"elementor-element elementor-element-8502716 e-flex e-con-boxed e-con e-parent\" data-id=\"8502716\" data-element_type=\"container\" data-e-type=\"container\" data-settings=\"{&quot;jet_parallax_layout_list&quot;:[],&quot;background_background&quot;:&quot;classic&quot;}\">\n\t\t\t\t\t<div class=\"e-con-inner\">\n\t\t<div data-dce-background-color=\"#003B6E\" class=\"elementor-element elementor-element-b6465b3 e-con-full e-flex e-con e-child\" data-id=\"b6465b3\" data-element_type=\"container\" data-e-type=\"container\" data-settings=\"{&quot;jet_parallax_layout_list&quot;:[],&quot;background_background&quot;:&quot;classic&quot;}\">\n\t\t\t\t<div class=\"elementor-element elementor-element-ae3cc13 elementor-widget elementor-widget-video\" data-id=\"ae3cc13\" data-element_type=\"widget\" data-e-type=\"widget\" data-settings=\"{&quot;youtube_url&quot;:&quot;https:\\\/\\\/www.youtube.com\\\/watch?v=-nMYbUdom5k&quot;,&quot;show_image_overlay&quot;:&quot;yes&quot;,&quot;image_overlay&quot;:{&quot;url&quot;:&quot;https:\\\/\\\/www.archspm.org\\\/wp-content\\\/uploads\\\/2025\\\/08\\\/SynodThumbnail2-1.png&quot;,&quot;id&quot;:9988,&quot;size&quot;:&quot;&quot;,&quot;alt&quot;:&quot;&quot;,&quot;source&quot;:&quot;library&quot;},&quot;video_type&quot;:&quot;youtube&quot;,&quot;controls&quot;:&quot;yes&quot;}\" data-widget_type=\"video.default\">\n\t\t\t\t\t\t\t<div class=\"elementor-wrapper elementor-open-inline\">\n\t\t\t<div class=\"elementor-video\"><\/div>\t\t\t\t<div class=\"elementor-custom-embed-image-overlay\" style=\"background-image: url(https:\/\/www.archspm.org\/wp-content\/uploads\/2025\/08\/SynodThumbnail2-1.png);\">\n\t\t\t\t\t\t\t\t\t\t\t\t\t\t\t\t<div class=\"elementor-custom-embed-play\" role=\"button\" aria-label=\"Reproducir v\u00eddeo\" tabindex=\"0\">\n\t\t\t\t\t\t\t<i aria-hidden=\"true\" class=\"far fa-play-circle\"><\/i>\t\t\t\t\t\t<\/div>\n\t\t\t\t\t\t\t\t\t<\/div>\n\t\t\t\t\t<\/div>\n\t\t\t\t\t\t<\/div>\n\t\t\t\t<div class=\"elementor-element elementor-element-4cf6111 elementor-widget elementor-widget-text-editor\" data-id=\"4cf6111\" data-element_type=\"widget\" data-e-type=\"widget\" data-widget_type=\"text-editor.default\">\n\t\t\t\t\t\t\t\t\t<div id=\"expanded\" class=\"style-scope ytd-text-inline-expander\"><span class=\"yt-core-attributed-string yt-core-attributed-string--white-space-pre-wrap\" dir=\"auto\" style=\"color: #ffffff;\" role=\"text\"><span class=\"yt-core-attributed-string--link-inherit-color\" dir=\"auto\">En el video anterior, el arzobispo Hebda ofrece informaci\u00f3n actualizada sobre su plan para la implementaci\u00f3n continua de su carta pastoral., <em>Ser\u00e9is mis testigos<\/em>, y el estado de su plan de implementaci\u00f3n tras el S\u00ednodo de 2025.<\/span><\/span><\/div>\t\t\t\t\t\t\t\t<\/div>\n\t\t\t\t<div class=\"elementor-element elementor-element-08d359f elementor-widget elementor-widget-button\" data-id=\"08d359f\" data-element_type=\"widget\" data-e-type=\"widget\" data-widget_type=\"button.default\">\n\t\t\t\t\t\t\t\t\t\t<a class=\"elementor-button elementor-button-link elementor-size-sm\" href=\"https:\/\/www.archspm.org\/es\/synodletter\/\">\n\t\t\t\t\t\t<span class=\"elementor-button-content-wrapper\">\n\t\t\t\t\t\t<span class=\"elementor-button-icon\">\n\t\t\t\t<i aria-hidden=\"true\" class=\"fas fa-book-open\"><\/i>\t\t\t<\/span>\n\t\t\t\t\t\t\t\t\t<span class=\"elementor-button-text\">Lee Ser\u00e9is mis testigos<\/span>\n\t\t\t\t\t<\/span>\n\t\t\t\t\t<\/a>\n\t\t\t\t\t\t\t\t<\/div>\n\t\t\t\t<\/div>\n\t\t<div class=\"elementor-element elementor-element-18590e5 e-flex e-con-boxed e-con e-child\" data-id=\"18590e5\" data-element_type=\"container\" data-e-type=\"container\" data-settings=\"{&quot;jet_parallax_layout_list&quot;:[],&quot;background_background&quot;:&quot;classic&quot;}\">\n\t\t\t\t\t<div class=\"e-con-inner\">\n\t\t<div class=\"elementor-element elementor-element-41be867 e-con-full e-flex e-con e-child\" data-id=\"41be867\" data-element_type=\"container\" data-e-type=\"container\" data-settings=\"{&quot;jet_parallax_layout_list&quot;:[]}\">\n\t\t\t\t<div class=\"elementor-element elementor-element-2166422 elementor-widget elementor-widget-heading\" data-id=\"2166422\" data-element_type=\"widget\" data-e-type=\"widget\" data-widget_type=\"heading.default\">\n\t\t\t\t\t<h2 class=\"elementor-heading-title elementor-size-default\">Los padres como principales educadores de sus hijos en la fe<\/h2>\t\t\t\t<\/div>\n\t\t\t\t<div class=\"elementor-element elementor-element-be81cb4 elementor-widget elementor-widget-text-editor\" data-id=\"be81cb4\" data-element_type=\"widget\" data-e-type=\"widget\" data-widget_type=\"text-editor.default\">\n\t\t\t\t\t\t\t\t\t<p><a href=\"http:\/\/www.archspm.org\/es\/sundays\/\"><img fetchpriority=\"high\" decoding=\"async\" class=\"alignleft wp-image-9669 size-full\" src=\"https:\/\/www.archspm.org\/wp-content\/uploads\/2025\/06\/Cover.Reclaiming-Sundays-1-copy-2.webp\" alt=\"\" width=\"2008\" height=\"834\" srcset=\"https:\/\/www.archspm.org\/wp-content\/uploads\/2025\/06\/Cover.Reclaiming-Sundays-1-copy-2.webp 2008w, https:\/\/www.archspm.org\/wp-content\/uploads\/2025\/06\/Cover.Reclaiming-Sundays-1-copy-2-300x125.webp 300w, https:\/\/www.archspm.org\/wp-content\/uploads\/2025\/06\/Cover.Reclaiming-Sundays-1-copy-2-1024x425.webp 1024w, https:\/\/www.archspm.org\/wp-content\/uploads\/2025\/06\/Cover.Reclaiming-Sundays-1-copy-2-768x319.webp 768w, https:\/\/www.archspm.org\/wp-content\/uploads\/2025\/06\/Cover.Reclaiming-Sundays-1-copy-2-1536x638.webp 1536w, https:\/\/www.archspm.org\/wp-content\/uploads\/2025\/06\/Cover.Reclaiming-Sundays-1-copy-2-18x7.webp 18w\" sizes=\"(max-width: 2008px) 100vw, 2008px\" \/><\/a><\/p><p>Para apoyar a los padres como principales educadores de sus hijos, la Arquidi\u00f3cesis de Saint Paul y Minneapolis ha publicado:,\u00a0<a href=\"https:\/\/archspm1.sharepoint.com\/:b:\/s\/ResourceLibrary\/EVaPWvdyW-xOi652Qmpjse8Bv7LXgDhk0G7Ir1rkXbBKAw\" target=\"_blank\" rel=\"noopener\">\u201cRecuperar los domingos: recuperar el domingo como d\u00eda para el Se\u00f1or y la familia\u201d.\u201d<\/a><\/p><p>Esta gu\u00eda presenta temas mensuales y sugerencias pr\u00e1cticas para que las familias \u2014y los fieles laicos de todos los \u00e1mbitos de la vida\u2014 desarrollen h\u00e1bitos duraderos y basen su semana en una celebraci\u00f3n alegre, piadosa y tranquila del domingo.<\/p>\t\t\t\t\t\t\t\t<\/div>\n\t\t\t\t<\/div>\n\t\t\t\t\t<\/div>\n\t\t\t\t<\/div>\n\t\t\t\t\t<\/div>\n\t\t\t\t<\/div>\n\t\t<div class=\"elementor-element elementor-element-32c82339 e-flex e-con-boxed e-con e-parent\" data-id=\"32c82339\" data-element_type=\"container\" data-e-type=\"container\" data-settings=\"{&quot;jet_parallax_layout_list&quot;:[]}\">\n\t\t\t\t\t<div class=\"e-con-inner\">\n\t\t\t\t<div class=\"elementor-element elementor-element-5774f0d5 elementor-widget elementor-widget-text-editor\" data-id=\"5774f0d5\" data-element_type=\"widget\" data-e-type=\"widget\" data-widget_type=\"text-editor.default\">\n\t\t\t\t\t\t\t\t\t<h5><span style=\"font-size: 16px;\">Para los miembros del Equipo de Evangelizaci\u00f3n del S\u00ednodo y del Equipo Ejecutivo de la C\u00e9lula:<\/span><\/h5><ul><li>Si es usted un nuevo miembro de la\u00a0<a href=\"https:\/\/www.archspm.org\/es\/set\/\">Equipo de Evangelizaci\u00f3n del S\u00ednodo (SET)<\/a>\u00a0en su parroquia o desea formar parte de la lista de correo electr\u00f3nico, p\u00f3ngase en contacto con\u00a0<a href=\"mailto:haraldsonl@archspm.org\">Laura Haraldson<\/a>.<\/li><li>Si es usted un nuevo miembro de la<a href=\"https:\/\/www.archspm.org\/es\/ect\/\">\u00a0Equipo Ejecutivo Celular (ECT)<\/a>\u00a0en su parroquia o desea formar parte de la lista de correo electr\u00f3nico, p\u00f3ngase en contacto con\u00a0<a href=\"mailto:mikog@archspm.org\">Gizzy Miko<\/a>.<\/li><\/ul>\t\t\t\t\t\t\t\t<\/div>\n\t\t\t\t\t<\/div>\n\t\t\t\t<\/div>\n\t\t<div class=\"elementor-element elementor-element-fc8620d e-flex e-con-boxed e-con e-parent\" data-id=\"fc8620d\" data-element_type=\"container\" data-e-type=\"container\" data-settings=\"{&quot;jet_parallax_layout_list&quot;:[]}\">\n\t\t\t\t\t<div class=\"e-con-inner\">\n\t\t<div class=\"elementor-element elementor-element-1d77e55 e-con-full e-flex e-con e-child\" data-id=\"1d77e55\" data-element_type=\"container\" data-e-type=\"container\" data-settings=\"{&quot;jet_parallax_layout_list&quot;:[]}\">\n\t\t\t\t<div class=\"elementor-element elementor-element-55522ca elementor-widget elementor-widget-image\" data-id=\"55522ca\" data-element_type=\"widget\" data-e-type=\"widget\" data-widget_type=\"image.default\">\n\t\t\t\t\t\t\t\t\t\t\t\t\t\t\t\t<a href=\"https:\/\/www.archspm.org\/es\/small-groups\/\">\n\t\t\t\t\t\t\t<img decoding=\"async\" width=\"500\" height=\"333\" src=\"https:\/\/www.archspm.org\/wp-content\/uploads\/2025\/04\/small-group_web-1.jpg\" class=\"attachment-large size-large wp-image-7772\" alt=\"\" srcset=\"https:\/\/www.archspm.org\/wp-content\/uploads\/2025\/04\/small-group_web-1.jpg 500w, https:\/\/www.archspm.org\/wp-content\/uploads\/2025\/04\/small-group_web-1-300x200.jpg 300w, https:\/\/www.archspm.org\/wp-content\/uploads\/2025\/04\/small-group_web-1-18x12.jpg 18w\" sizes=\"(max-width: 500px) 100vw, 500px\" \/>\t\t\t\t\t\t\t\t<\/a>\n\t\t\t\t\t\t\t\t\t\t\t\t\t\t\t<\/div>\n\t\t\t\t<div class=\"elementor-element elementor-element-90cfd12 elementor-widget elementor-widget-text-editor\" data-id=\"90cfd12\" data-element_type=\"widget\" data-e-type=\"widget\" data-widget_type=\"text-editor.default\">\n\t\t\t\t\t\t\t\t\t<h2><a href=\"https:\/\/www.archspm.org\/es\/small-groups\/\" target=\"_blank\" rel=\"noopener\">\u00danase a un grupo peque\u00f1o<\/a><\/h2><p><span data-contrast=\"auto\">\u00a1Peque\u00f1os grupos est\u00e1n explorando la misa y profundizando su vida de fe! \u00a1Explora estudios como estos en un grupo cerca de ti!<\/span><\/p><ul><li data-leveltext=\"\uf0a7\" data-font=\"Wingdings\" data-listid=\"1\" data-list-defn-props=\"{&quot;335552541&quot;:1,&quot;335559685&quot;:4320,&quot;335559991&quot;:360,&quot;469769226&quot;:&quot;Wingdings&quot;,&quot;469769242&quot;:,&quot;469777803&quot;:&quot;left&quot;,&quot;469777804&quot;:&quot;\uf0a7&quot;,&quot;469777815&quot;:&quot;hybridMultilevel&quot;}\" aria-setsize=\"-1\" data-aria-posinset=\"5\" data-aria-level=\"6\"><a href=\"https:\/\/www.eucharisticrevival.org\/jesus-and-the-eucharist\" target=\"_blank\" rel=\"noopener\"><span data-contrast=\"auto\"><em>Jes\u00fas y la Eucarist\u00eda<\/em> estudiar<\/span><\/a><span data-ccp-props=\"{&quot;201341983&quot;:0,&quot;335559739&quot;:160,&quot;335559740&quot;:259}\">\u00a0<\/span><\/li><li data-leveltext=\"\uf0a7\" data-font=\"Wingdings\" data-listid=\"1\" data-list-defn-props=\"{&quot;335552541&quot;:1,&quot;335559685&quot;:4320,&quot;335559991&quot;:360,&quot;469769226&quot;:&quot;Wingdings&quot;,&quot;469769242&quot;:,&quot;469777803&quot;:&quot;left&quot;,&quot;469777804&quot;:&quot;\uf0a7&quot;,&quot;469777815&quot;:&quot;hybridMultilevel&quot;}\" aria-setsize=\"-1\" data-aria-posinset=\"6\" data-aria-level=\"6\"><i><span data-contrast=\"auto\">Lo que ocurre en la misa<\/span><\/i><span data-contrast=\"auto\"> por Jeremy Driscoll<\/span><span data-ccp-props=\"{&quot;201341983&quot;:0,&quot;335559739&quot;:160,&quot;335559740&quot;:259}\">\u00a0<\/span><\/li><li data-leveltext=\"\uf0a7\" data-font=\"Wingdings\" data-listid=\"1\" data-list-defn-props=\"{&quot;335552541&quot;:1,&quot;335559685&quot;:4320,&quot;335559991&quot;:360,&quot;469769226&quot;:&quot;Wingdings&quot;,&quot;469769242&quot;:,&quot;469777803&quot;:&quot;left&quot;,&quot;469777804&quot;:&quot;\uf0a7&quot;,&quot;469777815&quot;:&quot;hybridMultilevel&quot;}\" aria-setsize=\"-1\" data-aria-posinset=\"7\" data-aria-level=\"6\"><i><span data-contrast=\"auto\">Encuentro con Dios en el Cen\u00e1culo<\/span><\/i><span data-contrast=\"auto\"> por Monse\u00f1or Vaghi<\/span><span data-ccp-props=\"{&quot;201341983&quot;:0,&quot;335559739&quot;:160,&quot;335559740&quot;:259}\">\u00a0<\/span><\/li><li data-leveltext=\"\uf0a7\" data-font=\"Wingdings\" data-listid=\"1\" data-list-defn-props=\"{&quot;335552541&quot;:1,&quot;335559685&quot;:4320,&quot;335559991&quot;:360,&quot;469769226&quot;:&quot;Wingdings&quot;,&quot;469769242&quot;:,&quot;469777803&quot;:&quot;left&quot;,&quot;469777804&quot;:&quot;\uf0a7&quot;,&quot;469777815&quot;:&quot;hybridMultilevel&quot;}\" aria-setsize=\"-1\" data-aria-posinset=\"9\" data-aria-level=\"6\"><i><span data-contrast=\"auto\">Vivir las estaciones<\/span><\/i><span data-contrast=\"auto\"> por Erica Campbell<\/span><span data-ccp-props=\"{&quot;201341983&quot;:0,&quot;335559739&quot;:160,&quot;335559740&quot;:259}\">\u00a0<\/span><\/li><\/ul>\t\t\t\t\t\t\t\t<\/div>\n\t\t\t\t<\/div>\n\t\t<div class=\"elementor-element elementor-element-4e060b5 e-con-full e-flex e-con e-child\" data-id=\"4e060b5\" data-element_type=\"container\" data-e-type=\"container\" data-settings=\"{&quot;jet_parallax_layout_list&quot;:[]}\">\n\t\t\t\t<div class=\"elementor-element elementor-element-e9e7577 elementor-widget elementor-widget-image\" data-id=\"e9e7577\" data-element_type=\"widget\" data-e-type=\"widget\" data-widget_type=\"image.default\">\n\t\t\t\t\t\t\t\t\t\t\t\t\t\t\t\t<a href=\"https:\/\/www.archspm.org\/es\/passport\/\">\n\t\t\t\t\t\t\t<img decoding=\"async\" src=\"https:\/\/www.archspm.org\/wp-content\/uploads\/elementor\/thumbs\/ArchSPM-175th-Anniv-logo-horizontal-scaled-rb7ji0g2zq1xdoznglb3h6kyru56icvfhh7aim8xqa.jpg\" title=\"Logotipo horizontal del 175.\u00ba aniversario de ArchSPM\" alt=\"ArchSPM 175th Anniv logo horizontal\" loading=\"lazy\" \/>\t\t\t\t\t\t\t\t<\/a>\n\t\t\t\t\t\t\t\t\t\t\t\t\t\t\t<\/div>\n\t\t\t\t<div class=\"elementor-element elementor-element-26172b3 elementor-widget elementor-widget-text-editor\" data-id=\"26172b3\" data-element_type=\"widget\" data-e-type=\"widget\" data-widget_type=\"text-editor.default\">\n\t\t\t\t\t\t\t\t\t<h2>A\u00f1o del 175 aniversario<\/h2><ul><li>\u00danete a la <a href=\"https:\/\/www.archspm.org\/es\/passport\/\">Aventura del pasaporte arquidiocesano<\/a><\/li><li>M\u00e1s informaci\u00f3n sobre el <a href=\"https:\/\/www.archspm.org\/es\/bring-home-175-years-of-archdiocesan-history\/\">Libros del 175 aniversario<\/a><\/li><\/ul>\t\t\t\t\t\t\t\t<\/div>\n\t\t\t\t<\/div>\n\t\t<div class=\"elementor-element elementor-element-bf32dfd e-con-full e-flex e-con e-child\" data-id=\"bf32dfd\" data-element_type=\"container\" data-e-type=\"container\" data-settings=\"{&quot;jet_parallax_layout_list&quot;:[]}\">\n\t\t\t\t<div class=\"elementor-element elementor-element-df59bda elementor-widget elementor-widget-image\" data-id=\"df59bda\" data-element_type=\"widget\" data-e-type=\"widget\" data-widget_type=\"image.default\">\n\t\t\t\t\t\t\t\t\t\t\t\t\t\t\t\t<a href=\"\/es\/parishes\/\">\n\t\t\t\t\t\t\t<img decoding=\"async\" src=\"https:\/\/www.archspm.org\/wp-content\/uploads\/2025\/04\/Welcome-to-Mass_featured.jpg\" title=\"Bienvenido a Mass_destacado\" alt=\"Welcome-to-Mass_featured\" loading=\"lazy\" \/>\t\t\t\t\t\t\t\t<\/a>\n\t\t\t\t\t\t\t\t\t\t\t\t\t\t\t<\/div>\n\t\t\t\t<div class=\"elementor-element elementor-element-2a48bf2 elementor-widget elementor-widget-text-editor\" data-id=\"2a48bf2\" data-element_type=\"widget\" data-e-type=\"widget\" data-widget_type=\"text-editor.default\">\n\t\t\t\t\t\t\t\t\t<h2><a href=\"\/es\/parishes\/\">Comprom\u00e9tase en su parroquia<\/a><\/h2><p>Las parroquias est\u00e1n discerniendo la mejor manera de aplicar el A\u00f1o 2 en funci\u00f3n de los dones, necesidades y recursos de su comunidad. Esto puede incluir:<\/p><ul><li>Adoraci\u00f3n parroquial y Horas Santas<\/li><li>\"Hospitalidad radical\" en misa<\/li><li>Nuevas formas de celebrar fiestas significativas<\/li><li>Recuperar el D\u00eda del Se\u00f1or<\/li><\/ul>\t\t\t\t\t\t\t\t<\/div>\n\t\t\t\t<\/div>\n\t\t\t\t\t<\/div>\n\t\t\t\t<\/div>\n\t\t<div class=\"elementor-element elementor-element-6834e873 e-flex e-con-boxed e-con e-parent\" data-id=\"6834e873\" data-element_type=\"container\" data-e-type=\"container\" data-settings=\"{&quot;jet_parallax_layout_list&quot;:[]}\">\n\t\t\t\t\t<div class=\"e-con-inner\">\n\t\t<div class=\"elementor-element elementor-element-2e687915 e-con-full e-flex e-con e-child\" data-id=\"2e687915\" data-element_type=\"container\" data-e-type=\"container\" data-settings=\"{&quot;jet_parallax_layout_list&quot;:[]}\">\n\t\t\t\t<div class=\"elementor-element elementor-element-31dffd6a elementor-widget elementor-widget-heading\" data-id=\"31dffd6a\" data-element_type=\"widget\" data-e-type=\"widget\" data-widget_type=\"heading.default\">\n\t\t\t\t\t<h2 class=\"elementor-heading-title elementor-size-default\">M\u00e1s sobre el S\u00ednodo<\/h2>\t\t\t\t<\/div>\n\t\t\t\t<\/div>\n\t\t<div class=\"elementor-element elementor-element-5b7f708f e-con-full e-flex e-con e-child\" data-id=\"5b7f708f\" data-element_type=\"container\" data-e-type=\"container\" data-settings=\"{&quot;jet_parallax_layout_list&quot;:[]}\">\n\t\t<div class=\"elementor-element elementor-element-1b907ee0 e-con-full e-flex e-con e-child\" data-id=\"1b907ee0\" data-element_type=\"container\" data-e-type=\"container\" data-settings=\"{&quot;jet_parallax_layout_list&quot;:[]}\">\n\t\t<div class=\"elementor-element elementor-element-49c703f e-con-full e-flex e-con e-child\" data-id=\"49c703f\" data-element_type=\"container\" data-e-type=\"container\" data-settings=\"{&quot;animation&quot;:&quot;none&quot;,&quot;jet_parallax_layout_list&quot;:[]}\">\n\t\t\t\t<div class=\"elementor-element elementor-element-c894482 elementor-widget elementor-widget-image\" data-id=\"c894482\" data-element_type=\"widget\" data-e-type=\"widget\" data-widget_type=\"image.default\">\n\t\t\t\t\t\t\t\t\t\t\t\t\t\t\t\t<a href=\"\/es\/synodletter\/\">\n\t\t\t\t\t\t\t<img decoding=\"async\" width=\"400\" height=\"267\" src=\"https:\/\/www.archspm.org\/wp-content\/uploads\/2025\/04\/Pastoral-letter-featured.jpg\" class=\"attachment-large size-large wp-image-7779\" alt=\"\" srcset=\"https:\/\/www.archspm.org\/wp-content\/uploads\/2025\/04\/Pastoral-letter-featured.jpg 400w, https:\/\/www.archspm.org\/wp-content\/uploads\/2025\/04\/Pastoral-letter-featured-300x200.jpg 300w, https:\/\/www.archspm.org\/wp-content\/uploads\/2025\/04\/Pastoral-letter-featured-18x12.jpg 18w\" sizes=\"(max-width: 400px) 100vw, 400px\" \/>\t\t\t\t\t\t\t\t<\/a>\n\t\t\t\t\t\t\t\t\t\t\t\t\t\t\t<\/div>\n\t\t\t\t<div class=\"elementor-element elementor-element-53c1fd60 elementor-cta--skin-classic elementor-animated-content elementor-bg-transform elementor-bg-transform-zoom-in elementor-widget elementor-widget-call-to-action\" data-id=\"53c1fd60\" data-element_type=\"widget\" data-e-type=\"widget\" data-settings=\"{&quot;_animation&quot;:&quot;none&quot;}\" data-widget_type=\"call-to-action.default\">\n\t\t\t\t\t\t\t<div class=\"elementor-cta\">\n\t\t\t\t\t\t\t<div class=\"elementor-cta__content\">\n\t\t\t\t\n\t\t\t\t\t\t\t\t\t<h2 class=\"elementor-cta__title elementor-cta__content-item elementor-content-item\">\n\t\t\t\t\t\tCarta pastoral: <i>Ser\u00e9is mis testigos<\/i>\t\t\t\t\t<\/h2>\n\t\t\t\t\n\t\t\t\t\n\t\t\t\t\t\t\t\t\t<div class=\"elementor-cta__button-wrapper elementor-cta__content-item elementor-content-item\">\n\t\t\t\t\t<a class=\"elementor-cta__button elementor-button elementor-size-\" href=\"\/es\/synodletter\/\">\n\t\t\t\t\t\tM\u00e1s informaci\u00f3n\t\t\t\t\t<\/a>\n\t\t\t\t\t<\/div>\n\t\t\t\t\t\t\t<\/div>\n\t\t\t\t\t\t<\/div>\n\t\t\t\t\t\t<\/div>\n\t\t\t\t<\/div>\n\t\t\t\t<\/div>\n\t\t<div class=\"elementor-element elementor-element-6ece071f e-con-full e-flex e-con e-child\" data-id=\"6ece071f\" data-element_type=\"container\" data-e-type=\"container\" data-settings=\"{&quot;jet_parallax_layout_list&quot;:[]}\">\n\t\t<div class=\"elementor-element elementor-element-ff51ac3 e-con-full e-flex e-con e-child\" data-id=\"ff51ac3\" data-element_type=\"container\" data-e-type=\"container\" data-settings=\"{&quot;animation&quot;:&quot;none&quot;,&quot;jet_parallax_layout_list&quot;:[]}\">\n\t\t\t\t<div class=\"elementor-element elementor-element-69d511fa elementor-widget elementor-widget-image\" data-id=\"69d511fa\" data-element_type=\"widget\" data-e-type=\"widget\" data-widget_type=\"image.default\">\n\t\t\t\t\t\t\t\t\t\t\t\t\t\t\t\t<a href=\"https:\/\/www.archspm.org\/es\/synodprayer\/\">\n\t\t\t\t\t\t\t<img loading=\"lazy\" decoding=\"async\" width=\"400\" height=\"267\" src=\"https:\/\/www.archspm.org\/wp-content\/uploads\/2025\/04\/local-prayer-image.jpg\" class=\"attachment-large size-large wp-image-7780\" alt=\"\" srcset=\"https:\/\/www.archspm.org\/wp-content\/uploads\/2025\/04\/local-prayer-image.jpg 400w, https:\/\/www.archspm.org\/wp-content\/uploads\/2025\/04\/local-prayer-image-300x200.jpg 300w, https:\/\/www.archspm.org\/wp-content\/uploads\/2025\/04\/local-prayer-image-18x12.jpg 18w\" sizes=\"(max-width: 400px) 100vw, 400px\" \/>\t\t\t\t\t\t\t\t<\/a>\n\t\t\t\t\t\t\t\t\t\t\t\t\t\t\t<\/div>\n\t\t\t\t<div class=\"elementor-element elementor-element-321221d2 elementor-cta--skin-classic elementor-animated-content elementor-bg-transform elementor-bg-transform-zoom-in elementor-widget elementor-widget-call-to-action\" data-id=\"321221d2\" data-element_type=\"widget\" data-e-type=\"widget\" data-settings=\"{&quot;_animation&quot;:&quot;none&quot;}\" data-widget_type=\"call-to-action.default\">\n\t\t\t\t\t\t\t<div class=\"elementor-cta\">\n\t\t\t\t\t\t\t<div class=\"elementor-cta__content\">\n\t\t\t\t\n\t\t\t\t\t\t\t\t\t<h2 class=\"elementor-cta__title elementor-cta__content-item elementor-content-item\">\n\t\t\t\t\t\tOraci\u00f3n arquidiocesana de evangelizaci\u00f3n\t\t\t\t\t<\/h2>\n\t\t\t\t\n\t\t\t\t\n\t\t\t\t\t\t\t\t\t<div class=\"elementor-cta__button-wrapper elementor-cta__content-item elementor-content-item\">\n\t\t\t\t\t<a class=\"elementor-cta__button elementor-button elementor-size-\" href=\"https:\/\/www.archspm.org\/es\/synodprayer\/\">\n\t\t\t\t\t\tM\u00e1s informaci\u00f3n\t\t\t\t\t<\/a>\n\t\t\t\t\t<\/div>\n\t\t\t\t\t\t\t<\/div>\n\t\t\t\t\t\t<\/div>\n\t\t\t\t\t\t<\/div>\n\t\t\t\t<\/div>\n\t\t\t\t<\/div>\n\t\t<div class=\"elementor-element elementor-element-437db17d e-con-full e-flex e-con e-child\" data-id=\"437db17d\" data-element_type=\"container\" data-e-type=\"container\" data-settings=\"{&quot;jet_parallax_layout_list&quot;:[]}\">\n\t\t<div class=\"elementor-element elementor-element-50331202 e-con-full e-flex e-con e-child\" data-id=\"50331202\" data-element_type=\"container\" data-e-type=\"container\" data-settings=\"{&quot;animation&quot;:&quot;none&quot;,&quot;jet_parallax_layout_list&quot;:[]}\">\n\t\t\t\t<div class=\"elementor-element elementor-element-3ca7aeef elementor-widget elementor-widget-image\" data-id=\"3ca7aeef\" data-element_type=\"widget\" data-e-type=\"widget\" data-widget_type=\"image.default\">\n\t\t\t\t\t\t\t\t\t\t\t\t\t\t\t\t<a href=\"\/es\/more-about-the-archdiocesan-synod\/\">\n\t\t\t\t\t\t\t<img loading=\"lazy\" decoding=\"async\" width=\"400\" height=\"267\" src=\"https:\/\/www.archspm.org\/wp-content\/uploads\/2025\/01\/Synod-Featured_Holy-Spirit_rev.jpg\" class=\"attachment-large size-large wp-image-4497\" alt=\"\" srcset=\"https:\/\/www.archspm.org\/wp-content\/uploads\/2025\/01\/Synod-Featured_Holy-Spirit_rev.jpg 400w, https:\/\/www.archspm.org\/wp-content\/uploads\/2025\/01\/Synod-Featured_Holy-Spirit_rev-300x200.jpg 300w\" sizes=\"(max-width: 400px) 100vw, 400px\" \/>\t\t\t\t\t\t\t\t<\/a>\n\t\t\t\t\t\t\t\t\t\t\t\t\t\t\t<\/div>\n\t\t\t\t<div class=\"elementor-element elementor-element-48897ef9 elementor-cta--skin-classic elementor-animated-content elementor-bg-transform elementor-bg-transform-zoom-in elementor-widget elementor-widget-call-to-action\" data-id=\"48897ef9\" data-element_type=\"widget\" data-e-type=\"widget\" data-settings=\"{&quot;_animation&quot;:&quot;none&quot;}\" data-widget_type=\"call-to-action.default\">\n\t\t\t\t\t\t\t<div class=\"elementor-cta\">\n\t\t\t\t\t\t\t<div class=\"elementor-cta__content\">\n\t\t\t\t\n\t\t\t\t\t\t\t\t\t<h2 class=\"elementor-cta__title elementor-cta__content-item elementor-content-item\">\n\t\t\t\t\t\tHistoria del S\u00ednodo 2022 y serie de v\u00eddeos\t\t\t\t\t<\/h2>\n\t\t\t\t\n\t\t\t\t\n\t\t\t\t\t\t\t\t\t<div class=\"elementor-cta__button-wrapper elementor-cta__content-item elementor-content-item\">\n\t\t\t\t\t<a class=\"elementor-cta__button elementor-button elementor-size-\" href=\"\/es\/more-about-the-archdiocesan-synod\/\">\n\t\t\t\t\t\tM\u00e1s informaci\u00f3n\t\t\t\t\t<\/a>\n\t\t\t\t\t<\/div>\n\t\t\t\t\t\t\t<\/div>\n\t\t\t\t\t\t<\/div>\n\t\t\t\t\t\t<\/div>\n\t\t\t\t<\/div>\n\t\t\t\t<\/div>\n\t\t\t\t<\/div>\n\t\t\t\t\t<\/div>\n\t\t\t\t<\/div>\n\t\t\t\t<\/div>","protected":false},"excerpt":{"rendered":"<p>Synod Implementation https:\/\/www.youtube.com\/watch?v=-nMYbUdom5kIn the video above, Archbishop Hebda provides an update on his plan for ongoing implementation of his pastoral letter, You Will Be My Witnesses, and the status of his plan for implementation following Synod 2025. Read You Will Be My Witnesses Parents as Primary Educators of Their Children in the Ways of the [&hellip;]<\/p>\n","protected":false},"author":2,"featured_media":6498,"parent":0,"menu_order":0,"comment_status":"closed","ping_status":"closed","template":"elementor_header_footer","meta":{"footnotes":""},"class_list":["post-1140","page","type-page","status-publish","has-post-thumbnail","hentry"],"_links":{"self":[{"href":"https:\/\/www.archspm.org\/es\/wp-json\/wp\/v2\/pages\/1140","targetHints":{"allow":["GET"]}}],"collection":[{"href":"https:\/\/www.archspm.org\/es\/wp-json\/wp\/v2\/pages"}],"about":[{"href":"https:\/\/www.archspm.org\/es\/wp-json\/wp\/v2\/types\/page"}],"author":[{"embeddable":true,"href":"https:\/\/www.archspm.org\/es\/wp-json\/wp\/v2\/users\/2"}],"replies":[{"embeddable":true,"href":"https:\/\/www.archspm.org\/es\/wp-json\/wp\/v2\/comments?post=1140"}],"version-history":[{"count":4,"href":"https:\/\/www.archspm.org\/es\/wp-json\/wp\/v2\/pages\/1140\/revisions"}],"predecessor-version":[{"id":14482,"href":"https:\/\/www.archspm.org\/es\/wp-json\/wp\/v2\/pages\/1140\/revisions\/14482"}],"wp:featuredmedia":[{"embeddable":true,"href":"https:\/\/www.archspm.org\/es\/wp-json\/wp\/v2\/media\/6498"}],"wp:attachment":[{"href":"https:\/\/www.archspm.org\/es\/wp-json\/wp\/v2\/media?parent=1140"}],"curies":[{"name":"wp","href":"https:\/\/api.w.org\/{rel}","templated":true}]}}