{"id":1141,"date":"2019-06-17T22:19:56","date_gmt":"2019-06-18T02:19:56","guid":{"rendered":"https:\/\/www.archspm.org\/sinodo\/"},"modified":"2025-07-07T11:01:07","modified_gmt":"2025-07-07T15:01:07","slug":"sinodo","status":"publish","type":"page","link":"https:\/\/www.archspm.org\/es\/sinodo\/","title":{"rendered":"S\u00ednodo Arquidiocesano"},"content":{"rendered":"<div data-elementor-type=\"wp-page\" data-elementor-id=\"1141\" class=\"elementor elementor-1141\" data-elementor-post-type=\"page\">\n\t\t\t\t<div class=\"elementor-element elementor-element-133194ea e-flex e-con-boxed e-con e-parent\" data-id=\"133194ea\" data-element_type=\"container\" data-e-type=\"container\" data-settings=\"{&quot;jet_parallax_layout_list&quot;:[]}\">\n\t\t\t\t\t<div class=\"e-con-inner\">\n\t\t\t\t<div class=\"elementor-element elementor-element-375b92b5 elementor-widget elementor-widget-text-editor\" data-id=\"375b92b5\" data-element_type=\"widget\" data-e-type=\"widget\" data-widget_type=\"text-editor.default\">\n\t\t\t\t\t\t\t\t\t<p>\u00a0<\/p><h1 style=\"text-align: center;\">Ustedes Ser\u00e1n Mis Testigos<\/h1><h3 style=\"text-align: center;\">REUNIDOS Y ENVIADOS DESDE EL PISO SUPERIOR<\/h3><p style=\"text-align: center;\">CARTA PASTORAL POSTSINODAL A LOS FIELES DE LA ARQUIDI\u00d3CESIS DE SAINT PAUL Y MINNEAPOLIS<\/p><h5 style=\"text-align: center;\"><a href=\"https:\/\/archspmmainsite.s3.amazonaws.com\/Synod\/Synod_Pastoral+Letter_Spanish_013023.pdf\" target=\"_blank\" rel=\"noopener\">Carta Pastoral (PDF)<\/a><\/h5><p style=\"text-align: center;\"><a href=\"https:\/\/archspmmainsite.s3.amazonaws.com\/Synod\/Pastoral+Letter+Text_Spanish_12-19-22.pdf\" target=\"_blank\" rel=\"noopener\"><em>Ver solo la versi\u00f3n de texto<\/em><\/a><\/p><h5 style=\"text-align: center;\"><a href=\"https:\/\/www.archspm.org\/es\/pastoral-letter-podcast\/\">Escuche ahora<\/a><\/h5><h5 style=\"text-align: center;\"><a href=\"https:\/\/archspmmainsite.s3.amazonaws.com\/Synod\/Pastoral+Letter_Reflection+Questions_Spanish.pdf\" target=\"_blank\" rel=\"noopener\">Preguntas de reflexi\u00f3n<\/a><\/h5><h5 style=\"text-align: center;\"><a href=\"https:\/\/archspmmainsite.s3.amazonaws.com\/Synod\/Synod_Pastoral+Letter_Implementation+Plan_Year+One_Spanish_112622.pdf\" target=\"_blank\" rel=\"noopener\">A\u00f1o 1 plan de implementaci\u00f3n del S\u00ednodo<\/a><\/h5><h5 style=\"text-align: center;\"><a href=\"https:\/\/archspmmainsite.s3.amazonaws.com\/Synod\/Year+2+Implementation+Plan_Spanish_web.pdf\" target=\"_blank\" rel=\"noopener\">A\u00f1o 2 plan de implementaci\u00f3n del S\u00ednodo<\/a><\/h5><p><iframe title=\"Oraci\u00f3n de Evangelizaci\u00f3n Arquidiocesana\" width=\"800\" height=\"450\" src=\"https:\/\/www.youtube.com\/embed\/L1Qbh-JdRLU?feature=oembed\" frameborder=\"0\" allow=\"accelerometer; autoplay; clipboard-write; encrypted-media; gyroscope; picture-in-picture; web-share\" referrerpolicy=\"strict-origin-when-cross-origin\" allowfullscreen><\/iframe><\/p><h3>Oraci\u00f3n de Evangelizaci\u00f3n Arquidiocesana<\/h3><h5>Esp\u00edritu Santo,<br \/>renueva tus maravillas en nuestro tiempo, como en un nuevo Pentecost\u00e9s,<br \/>y concede que esta Arquidi\u00f3cesis,<br \/>unida en oraci\u00f3n en torno a Mar\u00eda, la Madre de Jes\u00fas,<br \/>y guiada por San Pedro,<br \/>pueda extender el Reino del divino Salvador,<br \/>un Reino de verdad, de justicia, de amor y de paz<br \/>Am\u00e9n.<\/h5><h5>San Pablo, nuestro gran patr\u00f3n misionero, \u00a1ruega por nosotros!<\/h5><p><em>Adaptado de la Oraci\u00f3n de San Juan XXIII convocada por el Concilio Vaticano II<\/em><\/p><hr \/><h2>Recursos<\/h2><ul><li><a href=\"https:\/\/archspmmainsite.s3.amazonaws.com\/Synod\/Final+Est+1.20.22.Pastoral+Letter_one+pager_Spanish_d2.pdf\" target=\"_blank\" rel=\"noopener\">Mensaje de nuestros obispos<\/a><\/li><li><a href=\"https:\/\/www.archspm.org\/es\/ministerio-latino\/sinodo\/series-orando-con-las-escrituras\/\">Series: Orando con las Escrituras<\/a><\/li><li><a href=\"https:\/\/www.archspm.org\/es\/ministerio-latino\/sinodo\/acerca-del-sinodo-arquidiocesano\/\">Acerca del S\u00ednodo Arquidiocesano<\/a><\/li><li><a href=\"https:\/\/archspmmainsite.s3.amazonaws.com\/Synod\/Synod+Proclaimation+Decree_052221_Text-SPANISH.CB.BLL.pdf\" target=\"_blank\" rel=\"noopener\">Decreto de Convocatoria del S\u00ednodo<\/a><\/li><\/ul>\t\t\t\t\t\t\t\t<\/div>\n\t\t\t\t\t<\/div>\n\t\t\t\t<\/div>\n\t\t\t\t<\/div>","protected":false},"excerpt":{"rendered":"<p>\u00a0 Ustedes Ser\u00e1n Mis Testigos REUNIDOS Y ENVIADOS DESDE EL PISO SUPERIOR CARTA PASTORAL POST-SINODAL A LOS FIELES DE LA ARQUIDI\u00d3CESIS DE SAINT PAUL Y MINNEAPOLIS Carta Pastoral (PDF) Ver solo la versi\u00f3n de texto Escuche ahora Preguntas de reflexi\u00f3n A\u00f1o 1 plan de implementaci\u00f3n del S\u00ednodo A\u00f1o 2 plan de implementaci\u00f3n del S\u00ednodo Oraci\u00f3n [&hellip;]<\/p>\n","protected":false},"author":2,"featured_media":0,"parent":0,"menu_order":0,"comment_status":"closed","ping_status":"closed","template":"","meta":{"footnotes":""},"class_list":["post-1141","page","type-page","status-publish","hentry"],"_links":{"self":[{"href":"https:\/\/www.archspm.org\/es\/wp-json\/wp\/v2\/pages\/1141","targetHints":{"allow":["GET"]}}],"collection":[{"href":"https:\/\/www.archspm.org\/es\/wp-json\/wp\/v2\/pages"}],"about":[{"href":"https:\/\/www.archspm.org\/es\/wp-json\/wp\/v2\/types\/page"}],"author":[{"embeddable":true,"href":"https:\/\/www.archspm.org\/es\/wp-json\/wp\/v2\/users\/2"}],"replies":[{"embeddable":true,"href":"https:\/\/www.archspm.org\/es\/wp-json\/wp\/v2\/comments?post=1141"}],"version-history":[{"count":0,"href":"https:\/\/www.archspm.org\/es\/wp-json\/wp\/v2\/pages\/1141\/revisions"}],"wp:attachment":[{"href":"https:\/\/www.archspm.org\/es\/wp-json\/wp\/v2\/media?parent=1141"}],"curies":[{"name":"wp","href":"https:\/\/api.w.org\/{rel}","templated":true}]}}