{"id":1153,"date":"2019-10-01T19:08:46","date_gmt":"2019-10-01T23:08:46","guid":{"rendered":"https:\/\/www.archspm.org\/the-hail-mary\/"},"modified":"2019-10-01T19:08:46","modified_gmt":"2019-10-01T23:08:46","slug":"the-hail-mary","status":"publish","type":"page","link":"https:\/\/www.archspm.org\/es\/the-hail-mary\/","title":{"rendered":"El Ave Mar\u00eda"},"content":{"rendered":"<h1 class=\"entry-title\">El Ave Mar\u00eda<\/h1>\n<p>Ave Mar\u00eda,<br \/>\nLlena de gracia,<br \/>\nEl Se\u00f1or est\u00e9 contigo.<br \/>\nBendita seas entre las mujeres,<br \/>\ny bendito sea el fruto<br \/>\nde tu vientre, Jes\u00fas.<br \/>\nSanta Mar\u00eda,<br \/>\nMadre de Dios,<br \/>\nruega ahora por nosotros, los pecadores,<br \/>\ny en la hora de la muerte.<\/p>\n<p>Am\u00e9n.<\/p>\n<p>&nbsp;<\/p>\n<p><em>\u00a92005 Catholic Book Publishing Company. Libro cat\u00f3lico de oraciones.<\/em><\/p>\n<p>Para adquirir el Libro Cat\u00f3lico de Oraciones, acuda a una librer\u00eda cat\u00f3lica o c\u00f3mprelo en l\u00ednea.<\/p>\n<p>Para m\u00e1s oraciones cat\u00f3licas y recursos adicionales, visite la p\u00e1gina\u00a0<a href=\"https:\/\/www.ewtn.com\/catholicism\/devotions\/prayers-69\" target=\"_blank\" rel=\"noopener noreferrer\">P\u00e1gina web de EWTN<\/a>.<\/p>","protected":false},"excerpt":{"rendered":"<p>The Hail Mary Hail Mary, Full of Grace, The Lord is with thee. Blessed art thou among women, and blessed is the fruit of thy womb, Jesus. Holy Mary, Mother of God, pray for us sinners now, and at the hour of death. Amen. &nbsp; \u00a92005 Catholic Book Publishing Company. Catholic Book of Prayers. To [&hellip;]<\/p>\n","protected":false},"author":2,"featured_media":6958,"parent":0,"menu_order":0,"comment_status":"closed","ping_status":"closed","template":"","meta":{"footnotes":""},"class_list":["post-1153","page","type-page","status-publish","has-post-thumbnail","hentry"],"_links":{"self":[{"href":"https:\/\/www.archspm.org\/es\/wp-json\/wp\/v2\/pages\/1153","targetHints":{"allow":["GET"]}}],"collection":[{"href":"https:\/\/www.archspm.org\/es\/wp-json\/wp\/v2\/pages"}],"about":[{"href":"https:\/\/www.archspm.org\/es\/wp-json\/wp\/v2\/types\/page"}],"author":[{"embeddable":true,"href":"https:\/\/www.archspm.org\/es\/wp-json\/wp\/v2\/users\/2"}],"replies":[{"embeddable":true,"href":"https:\/\/www.archspm.org\/es\/wp-json\/wp\/v2\/comments?post=1153"}],"version-history":[{"count":0,"href":"https:\/\/www.archspm.org\/es\/wp-json\/wp\/v2\/pages\/1153\/revisions"}],"wp:featuredmedia":[{"embeddable":true,"href":"https:\/\/www.archspm.org\/es\/wp-json\/wp\/v2\/media\/6958"}],"wp:attachment":[{"href":"https:\/\/www.archspm.org\/es\/wp-json\/wp\/v2\/media?parent=1153"}],"curies":[{"name":"wp","href":"https:\/\/api.w.org\/{rel}","templated":true}]}}