{"id":1155,"date":"2019-10-14T16:05:56","date_gmt":"2019-10-14T20:05:56","guid":{"rendered":"https:\/\/www.archspm.org\/accw\/"},"modified":"2024-12-19T22:24:20","modified_gmt":"2024-12-20T03:24:20","slug":"accw","status":"publish","type":"page","link":"https:\/\/www.archspm.org\/es\/accw\/","title":{"rendered":"Consejo Arquidiocesano de Mujeres Cat\u00f3licas"},"content":{"rendered":"<p><a href=\"https:\/\/www.archspm.org\/wp-content\/uploads\/2019\/10\/logo_ACCW_narrow.jpg\"><img decoding=\"async\" class=\"aligncenter size-full wp-image-43789\" src=\"https:\/\/www.archspm.org\/wp-content\/uploads\/2019\/10\/logo_ACCW_narrow.jpg\" alt=\"\" width=\"400\" height=\"118\" \/><\/a>El Consejo Arquidiocesano de Mujeres Cat\u00f3licas (ACCW) enriquecer\u00e1 tu espiritualidad, te unir\u00e1 a otras mujeres de fe, te brindar\u00e1 oportunidades para desarrollar habilidades de liderazgo y te permitir\u00e1 servir a tu comunidad. El ACCW te ofrece un espacio para que tu voz sea escuchada.<\/p>\n<h5>P\u00f3ngase en contacto con ACCW<\/h5>\n<p><strong>Sitio web: <\/strong><a href=\"http:\/\/www.accwarchspm.org\" target=\"_blank\" rel=\"noopener noreferrer\">accwarchspm.org<\/a><\/p>\n<p><strong>Tel\u00e9fono:<\/strong> 651-291-4545<\/p>\n<p><strong>Correo electr\u00f3nico:<\/strong> <a href=\"mailto:accw@archspm.org\">accw@archspm.org<\/a><\/p>","protected":false},"excerpt":{"rendered":"<p>The Archdiocesan Council of Catholic Women (ACCW) will enrich your spirituality, bond you with women of faith, provide opportunities to develop leadership skills, and serve your community. ACCW provides a channel for your voice to be heard. Contact ACCW Website: accwarchspm.org Phone: 651-291-4545 Email: accw@archspm.org<\/p>","protected":false},"author":2,"featured_media":0,"parent":0,"menu_order":0,"comment_status":"closed","ping_status":"closed","template":"","meta":{"footnotes":""},"class_list":["post-1155","page","type-page","status-publish","hentry"],"_links":{"self":[{"href":"https:\/\/www.archspm.org\/es\/wp-json\/wp\/v2\/pages\/1155","targetHints":{"allow":["GET"]}}],"collection":[{"href":"https:\/\/www.archspm.org\/es\/wp-json\/wp\/v2\/pages"}],"about":[{"href":"https:\/\/www.archspm.org\/es\/wp-json\/wp\/v2\/types\/page"}],"author":[{"embeddable":true,"href":"https:\/\/www.archspm.org\/es\/wp-json\/wp\/v2\/users\/2"}],"replies":[{"embeddable":true,"href":"https:\/\/www.archspm.org\/es\/wp-json\/wp\/v2\/comments?post=1155"}],"version-history":[{"count":0,"href":"https:\/\/www.archspm.org\/es\/wp-json\/wp\/v2\/pages\/1155\/revisions"}],"wp:attachment":[{"href":"https:\/\/www.archspm.org\/es\/wp-json\/wp\/v2\/media?parent=1155"}],"curies":[{"name":"wp","href":"https:\/\/api.w.org\/{rel}","templated":true}]}}