{"id":1156,"date":"2019-10-14T21:18:56","date_gmt":"2019-10-15T01:18:56","guid":{"rendered":"https:\/\/www.archspm.org\/courage-encourage\/"},"modified":"2025-04-30T13:43:48","modified_gmt":"2025-04-30T17:43:48","slug":"courage-encourage","status":"publish","type":"page","link":"https:\/\/www.archspm.org\/es\/courage-encourage\/","title":{"rendered":"\u00c1nimo"},"content":{"rendered":"<div data-elementor-type=\"wp-page\" data-elementor-id=\"1156\" class=\"elementor elementor-1156\" data-elementor-post-type=\"page\">\n\t\t\t\t<div class=\"elementor-element elementor-element-704480a8 e-flex e-con-boxed e-con e-parent\" data-id=\"704480a8\" data-element_type=\"container\" data-e-type=\"container\" data-settings=\"{&quot;jet_parallax_layout_list&quot;:[]}\">\n\t\t\t\t\t<div class=\"e-con-inner\">\n\t\t\t\t<div class=\"elementor-element elementor-element-53041ae6 elementor-widget elementor-widget-text-editor\" data-id=\"53041ae6\" data-element_type=\"widget\" data-e-type=\"widget\" data-widget_type=\"text-editor.default\">\n\t\t\t\t\t\t\t\t\t<h2>Encuentra a Cristo.  Desc\u00fabrete a ti mismo.  Crece en santidad.<\/h2><p><strong>Un apostolado cat\u00f3lico romano para hombres y mujeres que experimentan atracci\u00f3n por personas del mismo sexo y para quienes les aman.<\/strong><\/p><p>Para saber m\u00e1s sobre Courage \/ EnCourage, visite la p\u00e1gina <a href=\"https:\/\/couragerc.org\/\" target=\"_blank\" rel=\"noopener noreferrer\">sitio web<\/a>.<\/p><blockquote><p>\"Estos hombres y mujeres dan testimonio del poder de la gracia, la nobleza y la resistencia del coraz\u00f3n humano\". - Cardenal Robert Sarah<\/p><\/blockquote><p>Los miembros de Courage son hombres y mujeres que experimentan atracciones hacia personas del mismo sexo y que se han comprometido a luchar por la castidad. Se inspiran en la llamada del Evangelio a la santidad y en las hermosas ense\u00f1anzas de la Iglesia cat\u00f3lica sobre la bondad y la finalidad inherente de la sexualidad humana.<\/p><p>A trav\u00e9s de este apostolado, las personas que experimentan atracci\u00f3n por personas del mismo sexo reciben apoyo pastoral en forma de orientaci\u00f3n espiritual, oraci\u00f3n comunitaria y compa\u00f1erismo.<\/p><blockquote><p>\"El amor y el sacrificio est\u00e1n estrechamente ligados, como el sol y la luz. No podemos amar sin sufrir y no podemos sufrir sin amar\". - Santa Gianna Beretta Molla<\/p><\/blockquote><p>Los miembros de EnCourage son padres, c\u00f3nyuges, hermanos y amigos de personas que se identifican como LGBTQ. Buscan ayuda para mantener la fe y conservar intactos sus lazos familiares.<\/p><p>Los miembros de EnCourage trabajan juntos para comprender las experiencias de sus seres queridos y responder a ellas con compasi\u00f3n. Saben que es posible expresar amor por alguien aunque no podamos apoyar todas sus decisiones o acciones. Encuentran orientaci\u00f3n espiritual para crecer en su relaci\u00f3n con Cristo, y apoyo comunitario de otros miembros que les ayuda a recordar que no est\u00e1n solos en este viaje.Los Cinco Objetivos fueron creados por los propios miembros, cuando se fund\u00f3 Courage. Los objetivos se leen al comienzo de cada reuni\u00f3n y cada miembro est\u00e1 llamado a ponerlos en pr\u00e1ctica en la vida diaria. Aqu\u00ed est\u00e1n los Objetivos en su totalidad:<\/p><ol><li>Llevar una vida casta de acuerdo con las ense\u00f1anzas de la Iglesia Cat\u00f3lica Romana sobre la homosexualidad (Castidad);<\/li><li>Dedicar toda nuestra vida a Cristo a trav\u00e9s del servicio a los dem\u00e1s, la lectura espiritual, la oraci\u00f3n, la meditaci\u00f3n, la direcci\u00f3n espiritual individual, la asistencia frecuente a Misa y la recepci\u00f3n frecuente de los sacramentos de la Reconciliaci\u00f3n y la Sagrada Eucarist\u00eda (Oraci\u00f3n y Dedicaci\u00f3n);<\/li><li>Fomentar un esp\u00edritu de fraternidad en el que podamos compartir nuestros pensamientos y experiencias, y garantizar as\u00ed que nadie tenga que enfrentarse solo a los problemas de la homosexualidad (Fraternidad);<\/li><li>Ser conscientes de la verdad de que las amistades castas no s\u00f3lo son posibles sino necesarias en una vida cristiana casta; y animarnos unos a otros a formar y mantener estas amistades (Apoyo);<\/li><li>Vivir vidas que sirvan de buen ejemplo a los dem\u00e1s (Buen Ejemplo\/Modelo de conducta).<\/li><\/ol><p>En reconocimiento del papel insustituible de la familia en la comprensi\u00f3n de la experiencia de la atracci\u00f3n por personas del mismo sexo y en la adopci\u00f3n de una vida de castidad, se fund\u00f3 EnCourage. Como un apostolado de Courage, y fluyendo de su prop\u00f3sito central, EnCourage proporciona atenci\u00f3n pastoral a los miembros de la familia y amigos de personas que se identifican como LGBTQ. Estos son los Cinco Objetivos de EnCourage:<\/p><ol><li>Crecer espiritualmente a trav\u00e9s de la lectura espiritual, la oraci\u00f3n, la meditaci\u00f3n, la direcci\u00f3n espiritual individual, la asistencia frecuente a Misa y la recepci\u00f3n frecuente de los Sacramentos de la Penitencia y la Sagrada Eucarist\u00eda;<\/li><li>Profundizar en el conocimiento de las necesidades, dificultades y retos que experimentan los hombres y mujeres con SSA;<\/li><li>Establecer y mantener una relaci\u00f3n sana y saludable con sus seres queridos con SSA;<\/li><li>Ayudar a otros familiares y amigos a tender la mano con compasi\u00f3n y verdad, y a no rechazar, a sus seres queridos con SSA;<\/li><li>Testimoniar a sus seres queridos con su propia vida que la plenitud se encuentra en Jesucristo a trav\u00e9s de Su Cuerpo, la Iglesia.<\/li><\/ol>\t\t\t\t\t\t\t\t<\/div>\n\t\t\t\t\t<\/div>\n\t\t\t\t<\/div>\n\t\t\t\t<\/div>","protected":false},"excerpt":{"rendered":"<p>Encounter Christ.\u00a0 Discover yourself.\u00a0 Grow in holiness. A Roman Catholic apostolate for men and women who experience same-sex attractions and those who love them To learn about Courage \/ EnCourage, visit the website. &#8220;These men and women testify to the power of grace, the nobility and resilience of the human heart.&#8221; &#8211; Cardinal Robert Sarah [&hellip;]<\/p>\n","protected":false},"author":2,"featured_media":8298,"parent":0,"menu_order":0,"comment_status":"closed","ping_status":"closed","template":"","meta":{"footnotes":""},"class_list":["post-1156","page","type-page","status-publish","has-post-thumbnail","hentry"],"_links":{"self":[{"href":"https:\/\/www.archspm.org\/es\/wp-json\/wp\/v2\/pages\/1156","targetHints":{"allow":["GET"]}}],"collection":[{"href":"https:\/\/www.archspm.org\/es\/wp-json\/wp\/v2\/pages"}],"about":[{"href":"https:\/\/www.archspm.org\/es\/wp-json\/wp\/v2\/types\/page"}],"author":[{"embeddable":true,"href":"https:\/\/www.archspm.org\/es\/wp-json\/wp\/v2\/users\/2"}],"replies":[{"embeddable":true,"href":"https:\/\/www.archspm.org\/es\/wp-json\/wp\/v2\/comments?post=1156"}],"version-history":[{"count":0,"href":"https:\/\/www.archspm.org\/es\/wp-json\/wp\/v2\/pages\/1156\/revisions"}],"wp:featuredmedia":[{"embeddable":true,"href":"https:\/\/www.archspm.org\/es\/wp-json\/wp\/v2\/media\/8298"}],"wp:attachment":[{"href":"https:\/\/www.archspm.org\/es\/wp-json\/wp\/v2\/media?parent=1156"}],"curies":[{"name":"wp","href":"https:\/\/api.w.org\/{rel}","templated":true}]}}