{"id":11595,"date":"2025-10-14T12:14:57","date_gmt":"2025-10-14T16:14:57","guid":{"rendered":"https:\/\/www.archspm.org\/?page_id=11595"},"modified":"2026-02-09T15:42:38","modified_gmt":"2026-02-09T20:42:38","slug":"ars-celebrandi","status":"publish","type":"page","link":"https:\/\/www.archspm.org\/es\/ars-celebrandi\/","title":{"rendered":"<i>Ars Celebrandi<\/i>: El arte de celebrar la misa"},"content":{"rendered":"<div data-elementor-type=\"wp-page\" data-elementor-id=\"11595\" class=\"elementor elementor-11595\" data-elementor-post-type=\"page\">\n\t\t\t\t<div class=\"elementor-element elementor-element-6fd4e2e e-flex e-con-boxed e-con e-parent\" data-id=\"6fd4e2e\" data-element_type=\"container\" data-e-type=\"container\" data-settings=\"{&quot;jet_parallax_layout_list&quot;:[]}\">\n\t\t\t\t\t<div class=\"e-con-inner\">\n\t\t\t\t<div class=\"elementor-element elementor-element-1e1d0d85 elementor-widget elementor-widget-text-editor\" data-id=\"1e1d0d85\" data-element_type=\"widget\" data-e-type=\"widget\" data-widget_type=\"text-editor.default\">\n\t\t\t\t\t\t\t\t\t<p>A principios de 2025 se llevaron a cabo eventos de formaci\u00f3n ministerial para apoyar la implementaci\u00f3n del segundo a\u00f1o de la carta pastoral del arzobispo Bernard Hebda, \u201cSer\u00e9is mis testigos\u201d. El tema \u00abEl arte de celebrar la misa\u00bb abarc\u00f3 los distintos roles ministeriales, entre ellos el de lector, m\u00fasico, instructor de la OCIA y ministro de bienvenida y hospitalidad.<\/p>\t\t\t\t\t\t\t\t<\/div>\n\t\t\t\t\t<\/div>\n\t\t\t\t<\/div>\n\t\t<div class=\"elementor-element elementor-element-b92dca3 e-flex e-con-boxed e-con e-parent\" data-id=\"b92dca3\" data-element_type=\"container\" data-e-type=\"container\" data-settings=\"{&quot;jet_parallax_layout_list&quot;:[]}\">\n\t\t\t\t\t<div class=\"e-con-inner\">\n\t\t\t\t<div class=\"elementor-element elementor-element-2ba7cf8 elementor-widget elementor-widget-heading\" data-id=\"2ba7cf8\" data-element_type=\"widget\" data-e-type=\"widget\" data-widget_type=\"heading.default\">\n\t\t\t\t\t<h2 class=\"elementor-heading-title elementor-size-default\">Mira los videos y accede a los materiales de ediciones anteriores <i>Ars Celebrandi<\/i> talleres.<\/h2>\t\t\t\t<\/div>\n\t\t\t\t\t<\/div>\n\t\t\t\t<\/div>\n\t\t<div class=\"elementor-element elementor-element-c996657 e-flex e-con-boxed e-con e-parent\" data-id=\"c996657\" data-element_type=\"container\" data-e-type=\"container\" data-settings=\"{&quot;jet_parallax_layout_list&quot;:[]}\">\n\t\t\t\t\t<div class=\"e-con-inner\">\n\t\t<div class=\"elementor-element elementor-element-1ca7a2d e-con-full e-flex e-con e-child\" data-id=\"1ca7a2d\" data-element_type=\"container\" data-e-type=\"container\" data-settings=\"{&quot;jet_parallax_layout_list&quot;:[]}\">\n\t\t\t\t<div class=\"elementor-element elementor-element-35a8c50 elementor-widget elementor-widget-video\" data-id=\"35a8c50\" data-element_type=\"widget\" data-e-type=\"widget\" data-settings=\"{&quot;youtube_url&quot;:&quot;https:\\\/\\\/www.youtube.com\\\/watch?v=m0-vFUDOfLs&quot;,&quot;video_type&quot;:&quot;youtube&quot;,&quot;controls&quot;:&quot;yes&quot;}\" data-widget_type=\"video.default\">\n\t\t\t\t\t\t\t<div class=\"elementor-wrapper elementor-open-inline\">\n\t\t\t<div class=\"elementor-video\"><\/div>\t\t<\/div>\n\t\t\t\t\t\t<\/div>\n\t\t\t\t<div class=\"elementor-element elementor-element-0f9d256 elementor-widget elementor-widget-text-editor\" data-id=\"0f9d256\" data-element_type=\"widget\" data-e-type=\"widget\" data-widget_type=\"text-editor.default\">\n\t\t\t\t\t\t\t\t\t<p>Ver el <a href=\"https:\/\/archspm1.sharepoint.com\/:b:\/s\/ResourceLibrary\/EbbMnyM72LZFpaO3M0soK5MBM4v74wG6gMNgK-rgG0-5bw?xsdata=MDV8MDJ8bWFtdXJhbkBhcmNoc3BtLm9yZ3wxZGUwOTYwNjM3ODA0M2IyYzRkYTA4ZGUwYjM1MGE5YXw0N2M5YWE2NTEwOWM0MjhjOWQ3YzI1NDEwN2Y2NTUyYXwwfDB8NjM4OTYwNTE5NjQ4NTMzNTk2fFVua25vd258VFdGcGJHWnNiM2Q4ZXlKRmJYQjBlVTFoY0draU9uUnlkV1VzSWxZaU9pSXdMakF1TURBd01DSXNJbEFpT2lKWGFXNHpNaUlzSWtGT0lqb2lUV0ZwYkNJc0lsZFVJam95ZlE9PXwwfHx8&amp;sdata=M0RjbGlvWEQzSVMzNFg0R0FPdWU4OWpSUE1HZkNqUks1dVErZmpHeU1CMD0%3d\" target=\"_blank\" rel=\"noopener\">presentaci\u00f3n de diapositivas<\/a> de la sesi\u00f3n paralela de Lector.<\/p>\t\t\t\t\t\t\t\t<\/div>\n\t\t\t\t<\/div>\n\t\t<div class=\"elementor-element elementor-element-ecf0d87 e-con-full e-flex e-con e-child\" data-id=\"ecf0d87\" data-element_type=\"container\" data-e-type=\"container\" data-settings=\"{&quot;jet_parallax_layout_list&quot;:[]}\">\n\t\t\t\t<div class=\"elementor-element elementor-element-a6ab71b elementor-widget elementor-widget-video\" data-id=\"a6ab71b\" data-element_type=\"widget\" data-e-type=\"widget\" data-settings=\"{&quot;youtube_url&quot;:&quot;https:\\\/\\\/youtu.be\\\/nyJEhcZou-I&quot;,&quot;video_type&quot;:&quot;youtube&quot;,&quot;controls&quot;:&quot;yes&quot;}\" data-widget_type=\"video.default\">\n\t\t\t\t\t\t\t<div class=\"elementor-wrapper elementor-open-inline\">\n\t\t\t<div class=\"elementor-video\"><\/div>\t\t<\/div>\n\t\t\t\t\t\t<\/div>\n\t\t\t\t<div class=\"elementor-element elementor-element-49e25ed elementor-widget elementor-widget-text-editor\" data-id=\"49e25ed\" data-element_type=\"widget\" data-e-type=\"widget\" data-widget_type=\"text-editor.default\">\n\t\t\t\t\t\t\t\t\t<p>Ver el <a href=\"https:\/\/archspm1.sharepoint.com\/:b:\/s\/ResourceLibrary\/ES254B-YYpNHmzHBt2F_UjsBS1oU2AnYS5eC_nnwqg_iZQ?xsdata=MDV8MDJ8bWFtdXJhbkBhcmNoc3BtLm9yZ3wxZGUwOTYwNjM3ODA0M2IyYzRkYTA4ZGUwYjM1MGE5YXw0N2M5YWE2NTEwOWM0MjhjOWQ3YzI1NDEwN2Y2NTUyYXwwfDB8NjM4OTYwNTE5NjQ4NTc4MzUwfFVua25vd258VFdGcGJHWnNiM2Q4ZXlKRmJYQjBlVTFoY0draU9uUnlkV1VzSWxZaU9pSXdMakF1TURBd01DSXNJbEFpT2lKWGFXNHpNaUlzSWtGT0lqb2lUV0ZwYkNJc0lsZFVJam95ZlE9PXwwfHx8&amp;sdata=NWI1QUpmcENObkIzZU1ibnQxTnhnMlhxWWxNb3VUSyt4K2s5bDFoV1FsND0%3d\" target=\"_blank\" rel=\"noopener\">resumen<\/a> y <a href=\"https:\/\/archspm1.sharepoint.com\/:b:\/s\/ResourceLibrary\/EQk_pEx_iVFPslIGCpiAROkBYWBHsNZWmQ3g--6D-CFGLA?xsdata=MDV8MDJ8bWFtdXJhbkBhcmNoc3BtLm9yZ3wxZGUwOTYwNjM3ODA0M2IyYzRkYTA4ZGUwYjM1MGE5YXw0N2M5YWE2NTEwOWM0MjhjOWQ3YzI1NDEwN2Y2NTUyYXwwfDB8NjM4OTYwNTE5NjQ4NTY5NTUwfFVua25vd258VFdGcGJHWnNiM2Q4ZXlKRmJYQjBlVTFoY0draU9uUnlkV1VzSWxZaU9pSXdMakF1TURBd01DSXNJbEFpT2lKWGFXNHpNaUlzSWtGT0lqb2lUV0ZwYkNJc0lsZFVJam95ZlE9PXwwfHx8&amp;sdata=MzM4R29nYmovYVpIN0hJYjNGSldrZ3ovQzdhM041V3BIN2lGai9KbHZmST0%3d\" target=\"_blank\" rel=\"noopener\">estatutos<\/a> de la sesi\u00f3n de trabajo sobre la Orden de Iniciaci\u00f3n Cristiana de Adultos (OCIA).<\/p>\t\t\t\t\t\t\t\t<\/div>\n\t\t\t\t<\/div>\n\t\t<div class=\"elementor-element elementor-element-1034f7c e-con-full e-flex e-con e-child\" data-id=\"1034f7c\" data-element_type=\"container\" data-e-type=\"container\" data-settings=\"{&quot;jet_parallax_layout_list&quot;:[]}\">\n\t\t\t\t<div class=\"elementor-element elementor-element-852ecb0 elementor-widget elementor-widget-video\" data-id=\"852ecb0\" data-element_type=\"widget\" data-e-type=\"widget\" data-settings=\"{&quot;youtube_url&quot;:&quot;https:\\\/\\\/youtu.be\\\/hkejF_6IVKU&quot;,&quot;video_type&quot;:&quot;youtube&quot;,&quot;controls&quot;:&quot;yes&quot;}\" data-widget_type=\"video.default\">\n\t\t\t\t\t\t\t<div class=\"elementor-wrapper elementor-open-inline\">\n\t\t\t<div class=\"elementor-video\"><\/div>\t\t<\/div>\n\t\t\t\t\t\t<\/div>\n\t\t\t\t<div class=\"elementor-element elementor-element-9148815 elementor-widget elementor-widget-text-editor\" data-id=\"9148815\" data-element_type=\"widget\" data-e-type=\"widget\" data-widget_type=\"text-editor.default\">\n\t\t\t\t\t\t\t\t\t<p>Ver el <a href=\"https:\/\/archspm1.sharepoint.com\/:b:\/s\/ResourceLibrary\/EdlSdosskqtPjkn4A18lMHkBY2q28FYI_NlJleCtTlzVIA?e=MYwBsy&amp;xsdata=MDV8MDJ8bWFtdXJhbkBhcmNoc3BtLm9yZ3wxZGUwOTYwNjM3ODA0M2IyYzRkYTA4ZGUwYjM1MGE5YXw0N2M5YWE2NTEwOWM0MjhjOWQ3YzI1NDEwN2Y2NTUyYXwwfDB8NjM4OTYwNTE5NjQ4NTYwODQ5fFVua25vd258VFdGcGJHWnNiM2Q4ZXlKRmJYQjBlVTFoY0draU9uUnlkV1VzSWxZaU9pSXdMakF1TURBd01DSXNJbEFpT2lKWGFXNHpNaUlzSWtGT0lqb2lUV0ZwYkNJc0lsZFVJam95ZlE9PXwwfHx8&amp;sdata=d3JxREJHNWpjMnVYNFBSeTBIbG5ZMTFqZlQvd21STkR1RWtxZUJETkZxST0%3d\" target=\"_blank\" rel=\"noopener\">presentaci\u00f3n de diapositivas<\/a> de la sesi\u00f3n de trabajo para m\u00fasicos.<\/p>\t\t\t\t\t\t\t\t<\/div>\n\t\t\t\t<\/div>\n\t\t<div class=\"elementor-element elementor-element-db7b3a4 e-con-full e-flex e-con e-child\" data-id=\"db7b3a4\" data-element_type=\"container\" data-e-type=\"container\" data-settings=\"{&quot;jet_parallax_layout_list&quot;:[]}\">\n\t\t\t\t<div class=\"elementor-element elementor-element-33773ab elementor-widget elementor-widget-video\" data-id=\"33773ab\" data-element_type=\"widget\" data-e-type=\"widget\" data-settings=\"{&quot;youtube_url&quot;:&quot;https:\\\/\\\/www.youtube.com\\\/watch?v=JOJ-7suMJRA&amp;t=2s&quot;,&quot;video_type&quot;:&quot;youtube&quot;,&quot;controls&quot;:&quot;yes&quot;}\" data-widget_type=\"video.default\">\n\t\t\t\t\t\t\t<div class=\"elementor-wrapper elementor-open-inline\">\n\t\t\t<div class=\"elementor-video\"><\/div>\t\t<\/div>\n\t\t\t\t\t\t<\/div>\n\t\t\t\t<div class=\"elementor-element elementor-element-56ec284 elementor-widget elementor-widget-text-editor\" data-id=\"56ec284\" data-element_type=\"widget\" data-e-type=\"widget\" data-widget_type=\"text-editor.default\">\n\t\t\t\t\t\t\t\t\t<p>Ver el <a href=\"https:\/\/archspm1.sharepoint.com\/:b:\/s\/ResourceLibrary\/ER7UauwSzzNBqynkPjle5iEBvPgRImmx-SVMQHKiWPO5NA?xsdata=MDV8MDJ8bWFtdXJhbkBhcmNoc3BtLm9yZ3wxZGUwOTYwNjM3ODA0M2IyYzRkYTA4ZGUwYjM1MGE5YXw0N2M5YWE2NTEwOWM0MjhjOWQ3YzI1NDEwN2Y2NTUyYXwwfDB8NjM4OTYwNTE5NjQ4NTQyOTU4fFVua25vd258VFdGcGJHWnNiM2Q4ZXlKRmJYQjBlVTFoY0draU9uUnlkV1VzSWxZaU9pSXdMakF1TURBd01DSXNJbEFpT2lKWGFXNHpNaUlzSWtGT0lqb2lUV0ZwYkNJc0lsZFVJam95ZlE9PXwwfHx8&amp;sdata=aldLdHh0S2gramg0ZHAyVGxZOHJ1Unc0ZzROQThiRXlZZEV0c0tvYTNOOD0%3d\" target=\"_blank\" rel=\"noopener\">folleto<\/a> de la sesi\u00f3n de trabajo sobre los Ministros Extraordinarios de la Sagrada Comuni\u00f3n (MESC) celebrada en All Saints, Lakeville.\u00a0<\/p>\t\t\t\t\t\t\t\t<\/div>\n\t\t\t\t<\/div>\n\t\t<div class=\"elementor-element elementor-element-c671161 e-con-full e-flex e-con e-child\" data-id=\"c671161\" data-element_type=\"container\" data-e-type=\"container\" data-settings=\"{&quot;jet_parallax_layout_list&quot;:[]}\">\n\t\t\t\t<div class=\"elementor-element elementor-element-b493a90 elementor-widget elementor-widget-video\" data-id=\"b493a90\" data-element_type=\"widget\" data-e-type=\"widget\" data-settings=\"{&quot;youtube_url&quot;:&quot;https:\\\/\\\/www.youtube.com\\\/watch?v=NYNPElb3XIo&amp;t=7s&quot;,&quot;video_type&quot;:&quot;youtube&quot;,&quot;controls&quot;:&quot;yes&quot;}\" data-widget_type=\"video.default\">\n\t\t\t\t\t\t\t<div class=\"elementor-wrapper elementor-open-inline\">\n\t\t\t<div class=\"elementor-video\"><\/div>\t\t<\/div>\n\t\t\t\t\t\t<\/div>\n\t\t\t\t<div class=\"elementor-element elementor-element-741d5a4 elementor-widget elementor-widget-text-editor\" data-id=\"741d5a4\" data-element_type=\"widget\" data-e-type=\"widget\" data-widget_type=\"text-editor.default\">\n\t\t\t\t\t\t\t\t\t<p>Leer el <a href=\"https:\/\/archspm1.sharepoint.com\/:b:\/s\/ResourceLibrary\/EW7G6Igp7ddLvrn3WVlW4-IBGWpYG5nGTRsgs1WjkjiWxQ?xsdata=MDV8MDJ8bWFtdXJhbkBhcmNoc3BtLm9yZ3wxZGUwOTYwNjM3ODA0M2IyYzRkYTA4ZGUwYjM1MGE5YXw0N2M5YWE2NTEwOWM0MjhjOWQ3YzI1NDEwN2Y2NTUyYXwwfDB8NjM4OTYwNTE5NjQ4NTUxOTY3fFVua25vd258VFdGcGJHWnNiM2Q4ZXlKRmJYQjBlVTFoY0draU9uUnlkV1VzSWxZaU9pSXdMakF1TURBd01DSXNJbEFpT2lKWGFXNHpNaUlzSWtGT0lqb2lUV0ZwYkNJc0lsZFVJam95ZlE9PXwwfHx8&amp;sdata=V0NyckhGeFpLY2Rnc3l1aDR4aU9OZHZIOHNLUEVoL2FGTGJxTEp2cktCOD0%3d\" target=\"_blank\" rel=\"noopener\">folleto<\/a> de la sesi\u00f3n de trabajo sobre los Ministros Extraordinarios de la Sagrada Comuni\u00f3n (MESC) celebrada en St. Therese, Deephaven.\u00a0<\/p>\t\t\t\t\t\t\t\t<\/div>\n\t\t\t\t<\/div>\n\t\t<div class=\"elementor-element elementor-element-f2d12dd e-con-full e-flex e-con e-child\" data-id=\"f2d12dd\" data-element_type=\"container\" data-e-type=\"container\" data-settings=\"{&quot;jet_parallax_layout_list&quot;:[]}\">\n\t\t\t\t<div class=\"elementor-element elementor-element-3a967ec elementor-widget elementor-widget-video\" data-id=\"3a967ec\" data-element_type=\"widget\" data-e-type=\"widget\" data-settings=\"{&quot;youtube_url&quot;:&quot;https:\\\/\\\/youtu.be\\\/GBSz1XoXzEk&quot;,&quot;video_type&quot;:&quot;youtube&quot;,&quot;controls&quot;:&quot;yes&quot;}\" data-widget_type=\"video.default\">\n\t\t\t\t\t\t\t<div class=\"elementor-wrapper elementor-open-inline\">\n\t\t\t<div class=\"elementor-video\"><\/div>\t\t<\/div>\n\t\t\t\t\t\t<\/div>\n\t\t\t\t<div class=\"elementor-element elementor-element-2d94fd2 elementor-widget elementor-widget-text-editor\" data-id=\"2d94fd2\" data-element_type=\"widget\" data-e-type=\"widget\" data-widget_type=\"text-editor.default\">\n\t\t\t\t\t\t\t\t\t<p>Ver el <a href=\"https:\/\/archspm1.sharepoint.com\/:b:\/s\/ResourceLibrary\/ERSZcMz692JNtVa4nr0NEPoBFSG70IAxLHwOQ4KB5YB2QA?e=exDa0A&amp;xsdata=MDV8MDJ8bWFtdXJhbkBhcmNoc3BtLm9yZ3wxZGUwOTYwNjM3ODA0M2IyYzRkYTA4ZGUwYjM1MGE5YXw0N2M5YWE2NTEwOWM0MjhjOWQ3YzI1NDEwN2Y2NTUyYXwwfDB8NjM4OTYwNTE5NjQ4NTE0NzAyfFVua25vd258VFdGcGJHWnNiM2Q4ZXlKRmJYQjBlVTFoY0draU9uUnlkV1VzSWxZaU9pSXdMakF1TURBd01DSXNJbEFpT2lKWGFXNHpNaUlzSWtGT0lqb2lUV0ZwYkNJc0lsZFVJam95ZlE9PXwwfHx8&amp;sdata=WmszcGJTeFFrYXNSZUU3U2pTY2oxdjNnenZzcW9BZGxQbWxsamtnaC95Yz0%3d\" target=\"_blank\" rel=\"noopener\">folleto<\/a> Extra\u00eddo de la ponencia principal del padre Tom Margevi\u010dius. (El video estar\u00e1 disponible pr\u00f3ximamente.)<\/p>\t\t\t\t\t\t\t\t<\/div>\n\t\t\t\t<\/div>\n\t\t\t\t\t<\/div>\n\t\t\t\t<\/div>\n\t\t\t\t<\/div>","protected":false},"excerpt":{"rendered":"<p>A principios de 2025 se llevaron a cabo eventos de formaci\u00f3n ministerial para apoyar la implementaci\u00f3n del segundo a\u00f1o de la carta pastoral del arzobispo Bernard Hebda, \u201cSer\u00e9is mis testigos\u201d. El tema \u00abEl arte de celebrar la misa\u00bb abarc\u00f3 los distintos roles ministeriales, entre ellos el de lector, m\u00fasico, instructor de la OCIA y ministro de bienvenida y hospitalidad.<\/p>","protected":false},"author":2,"featured_media":11613,"parent":0,"menu_order":0,"comment_status":"closed","ping_status":"closed","template":"","meta":{"footnotes":""},"class_list":["post-11595","page","type-page","status-publish","has-post-thumbnail","hentry"],"_links":{"self":[{"href":"https:\/\/www.archspm.org\/es\/wp-json\/wp\/v2\/pages\/11595","targetHints":{"allow":["GET"]}}],"collection":[{"href":"https:\/\/www.archspm.org\/es\/wp-json\/wp\/v2\/pages"}],"about":[{"href":"https:\/\/www.archspm.org\/es\/wp-json\/wp\/v2\/types\/page"}],"author":[{"embeddable":true,"href":"https:\/\/www.archspm.org\/es\/wp-json\/wp\/v2\/users\/2"}],"replies":[{"embeddable":true,"href":"https:\/\/www.archspm.org\/es\/wp-json\/wp\/v2\/comments?post=11595"}],"version-history":[{"count":0,"href":"https:\/\/www.archspm.org\/es\/wp-json\/wp\/v2\/pages\/11595\/revisions"}],"wp:featuredmedia":[{"embeddable":true,"href":"https:\/\/www.archspm.org\/es\/wp-json\/wp\/v2\/media\/11613"}],"wp:attachment":[{"href":"https:\/\/www.archspm.org\/es\/wp-json\/wp\/v2\/media?parent=11595"}],"curies":[{"name":"wp","href":"https:\/\/api.w.org\/{rel}","templated":true}]}}