{"id":1161,"date":"2019-12-23T17:58:24","date_gmt":"2019-12-23T22:58:24","guid":{"rendered":"https:\/\/www.archspm.org\/nicene-creed\/"},"modified":"2024-12-19T22:24:20","modified_gmt":"2024-12-20T03:24:20","slug":"nicene-creed","status":"publish","type":"page","link":"https:\/\/www.archspm.org\/es\/nicene-creed\/","title":{"rendered":"Credo Niceno"},"content":{"rendered":"<\/p>\n<h1 class=\"entry-title\">Credo Niceno<\/h1>\n<div class=\"entry-content\">\n<p>Creo en un solo Dios, Padre todopoderoso,<br \/>\ncreador del cielo y de la tierra,<br \/>\nde todas las cosas visibles e invisibles.<\/p>\n<p>Creo en un solo Se\u00f1or Jesucristo,<br \/>\nel Hijo \u00danico de Dios,<br \/>\nnacido del Padre antes de todos los siglos.<br \/>\nDios de Dios, Luz de Luz,<br \/>\nDios verdadero de Dios verdadero,<br \/>\nengendrado, no hecho,<br \/>\nconsustancial con el Padre;<br \/>\nPor medio de \u00e9l fueron creadas todas las cosas.<br \/>\nPor nosotros los hombres y por nuestra salvaci\u00f3n<br \/>\n\u00c9l descendi\u00f3 del cielo,<br \/>\ny por el Esp\u00edritu Santo se encarn\u00f3<br \/>\nde la Virgen Mar\u00eda,<br \/>\ny se hizo hombre.<\/p>\n<p>Por nosotros fue crucificado.<br \/>\nbajo Poncio Pilato,<br \/>\nsufri\u00f3 la muerte y fue sepultado,<br \/>\ny resucit\u00f3 al tercer d\u00eda<br \/>\nde acuerdo con las Escrituras.<br \/>\nAscendi\u00f3 al cielo.<br \/>\ny est\u00e1 sentado a la derecha del Padre.<br \/>\n\u00c9l volver\u00e1 en gloria.<br \/>\npara juzgar a los vivos y a los muertos<br \/>\ny su reino no tendr\u00e1 fin.<\/p>\n<p>Creo en el Esp\u00edritu Santo,<br \/>\nel Se\u00f1or, el dador de vida,<br \/>\nque procede del Padre y del Hijo,<br \/>\nquien con el Padre y el Hijo<br \/>\nes adorado y glorificado,<br \/>\nque ha hablado por medio de los profetas.<\/p>\n<p>Creo en una, santa, cat\u00f3lica,<br \/>\ny la Iglesia apost\u00f3lica.<br \/>\nConfieso un solo bautismo para el perd\u00f3n de los pecados.<br \/>\ny espero con ansias la resurrecci\u00f3n.<br \/>\nde los muertos y la vida del mundo venidero.<\/p>\n<p>Am\u00e9n.<\/p>\n<p>&nbsp;<\/p>\n<p><em>\u00a92005 Catholic Book Publishing Company. Libro cat\u00f3lico de oraciones.<\/em><\/p>\n<p>Para adquirir el Libro Cat\u00f3lico de Oraciones, acuda a una librer\u00eda cat\u00f3lica o c\u00f3mprelo en l\u00ednea.<\/p>\n<p>Para m\u00e1s oraciones cat\u00f3licas y recursos adicionales, visite el sitio web de EWTN.<\/p>\n<\/div>","protected":false},"excerpt":{"rendered":"<p>Nicene Creed I believe in one God, the Father almighty, maker of heaven and earth, of all things visible and invisible. I believe in one Lord Jesus Christ, the Only Begotten Son of God, born of the Father before all ages. God from God, Light from Light, true God from true God, begotten, not made, [&hellip;]<\/p>\n","protected":false},"author":2,"featured_media":6958,"parent":0,"menu_order":0,"comment_status":"closed","ping_status":"closed","template":"","meta":{"footnotes":""},"class_list":["post-1161","page","type-page","status-publish","has-post-thumbnail","hentry"],"_links":{"self":[{"href":"https:\/\/www.archspm.org\/es\/wp-json\/wp\/v2\/pages\/1161","targetHints":{"allow":["GET"]}}],"collection":[{"href":"https:\/\/www.archspm.org\/es\/wp-json\/wp\/v2\/pages"}],"about":[{"href":"https:\/\/www.archspm.org\/es\/wp-json\/wp\/v2\/types\/page"}],"author":[{"embeddable":true,"href":"https:\/\/www.archspm.org\/es\/wp-json\/wp\/v2\/users\/2"}],"replies":[{"embeddable":true,"href":"https:\/\/www.archspm.org\/es\/wp-json\/wp\/v2\/comments?post=1161"}],"version-history":[{"count":0,"href":"https:\/\/www.archspm.org\/es\/wp-json\/wp\/v2\/pages\/1161\/revisions"}],"wp:featuredmedia":[{"embeddable":true,"href":"https:\/\/www.archspm.org\/es\/wp-json\/wp\/v2\/media\/6958"}],"wp:attachment":[{"href":"https:\/\/www.archspm.org\/es\/wp-json\/wp\/v2\/media?parent=1161"}],"curies":[{"name":"wp","href":"https:\/\/api.w.org\/{rel}","templated":true}]}}