{"id":1162,"date":"2019-12-23T18:45:00","date_gmt":"2019-12-23T23:45:00","guid":{"rendered":"https:\/\/www.archspm.org\/apostles-creed\/"},"modified":"2025-01-25T23:06:45","modified_gmt":"2025-01-26T04:06:45","slug":"apostles-creed","status":"publish","type":"page","link":"https:\/\/www.archspm.org\/es\/apostles-creed\/","title":{"rendered":"Credo de los Ap\u00f3stoles"},"content":{"rendered":"<div class=\"breadcrumb_div\">\n<h1 class=\"entry-title\">Credo de los Ap\u00f3stoles<\/h1>\n<\/div>\n<div id=\"content\" class=\"hfeed\">\n<div id=\"description_body\">\n<div class=\"post-1298 page type-page status-publish hentry category-zimg1_prayersub04 entry\">\n<div class=\"entry-content\">\n<p>Creo en Dios, Padre todopoderoso,<br \/>\nCreador del cielo y de la tierra,<br \/>\ny en Jesucristo,<br \/>\nsu \u00fanico Hijo, nuestro Se\u00f1or,<br \/>\nquien fue concebido por<br \/>\nel Esp\u00edritu Santo,<br \/>\nnacido de la Virgen Mar\u00eda,<br \/>\nsufri\u00f3 bajo el mandato de Poncio Pilato,<br \/>\nfue crucificado, muri\u00f3 y fue sepultado;<br \/>\ndescendi\u00f3 a los infiernos;<br \/>\nal tercer d\u00eda resucit\u00f3 de entre los muertos;<br \/>\nascendi\u00f3 al cielo,<br \/>\ny est\u00e1 sentado a la derecha<br \/>\nde Dios Padre todopoderoso;<br \/>\n\u00abDe all\u00ed vendr\u00e1 a juzgar\u00bb<br \/>\nlos vivos y los muertos.<br \/>\nCreo en el Esp\u00edritu Santo,<br \/>\nla Santa Iglesia Cat\u00f3lica,<br \/>\nla comuni\u00f3n de los santos,<br \/>\nel perd\u00f3n de los pecados,<br \/>\nla resurrecci\u00f3n del cuerpo,<br \/>\ny la vida eterna. Am\u00e9n.<\/p>\n<p>&nbsp;<\/p>\n<p><em>\u00a92012 EWTN. Utilizado con permiso.<\/em><\/p>\n<p>Para m\u00e1s oraciones cat\u00f3licas y recursos adicionales, visite la p\u00e1gina\u00a0<a href=\"https:\/\/www.ewtn.com\/catholicism\/devotions\/prayers-69\" target=\"_blank\" rel=\"noopener noreferrer\">P\u00e1gina web de EWTN<\/a>.<\/p>\n<\/div>\n<\/div>\n<\/div>\n<\/div>","protected":false},"excerpt":{"rendered":"<p>Apostles Creed I believe in God, the Father almighty, Creator of heaven and earth, and\u00a0in Jesus Christ, his only Son, our Lord, who\u00a0was conceived by the Holy Spirit, born of the Virgin Mary, suffered under Pontius Pilate, was crucified, died and was buried; he descended\u00a0into hell; on the third day he rose again\u00a0from the dead; [&hellip;]<\/p>\n","protected":false},"author":2,"featured_media":6958,"parent":0,"menu_order":0,"comment_status":"closed","ping_status":"closed","template":"","meta":{"footnotes":""},"class_list":["post-1162","page","type-page","status-publish","has-post-thumbnail","hentry"],"_links":{"self":[{"href":"https:\/\/www.archspm.org\/es\/wp-json\/wp\/v2\/pages\/1162","targetHints":{"allow":["GET"]}}],"collection":[{"href":"https:\/\/www.archspm.org\/es\/wp-json\/wp\/v2\/pages"}],"about":[{"href":"https:\/\/www.archspm.org\/es\/wp-json\/wp\/v2\/types\/page"}],"author":[{"embeddable":true,"href":"https:\/\/www.archspm.org\/es\/wp-json\/wp\/v2\/users\/2"}],"replies":[{"embeddable":true,"href":"https:\/\/www.archspm.org\/es\/wp-json\/wp\/v2\/comments?post=1162"}],"version-history":[{"count":0,"href":"https:\/\/www.archspm.org\/es\/wp-json\/wp\/v2\/pages\/1162\/revisions"}],"wp:featuredmedia":[{"embeddable":true,"href":"https:\/\/www.archspm.org\/es\/wp-json\/wp\/v2\/media\/6958"}],"wp:attachment":[{"href":"https:\/\/www.archspm.org\/es\/wp-json\/wp\/v2\/media?parent=1162"}],"curies":[{"name":"wp","href":"https:\/\/api.w.org\/{rel}","templated":true}]}}