{"id":1163,"date":"2019-12-23T18:48:06","date_gmt":"2019-12-23T23:48:06","guid":{"rendered":"https:\/\/www.archspm.org\/prayer-to-guardian-angel\/"},"modified":"2019-12-23T18:48:06","modified_gmt":"2019-12-23T23:48:06","slug":"prayer-to-guardian-angel","status":"publish","type":"page","link":"https:\/\/www.archspm.org\/es\/prayer-to-guardian-angel\/","title":{"rendered":"Oraci\u00f3n al \u00c1ngel de la Guarda"},"content":{"rendered":"<h1 class=\"entry-title\">Oraci\u00f3n al \u00c1ngel de la Guarda<\/h1>\n<div class=\"entry-content\">\n<p>\u00c1ngel de Dios,<br \/>\nMi querido tutor,<br \/>\nA quienes el amor de Dios<br \/>\nme obliga a estar aqu\u00ed,<br \/>\nDesde ese mismo d\u00eda,<br \/>\nqu\u00e9date a mi lado,<br \/>\nPara iluminar y proteger,<br \/>\nNorma y gu\u00eda.<\/p>\n<p>Am\u00e9n.<\/p>\n<p><em>\u00a92012 EWTN. Utilizado con permiso.<\/em><\/p>\n<p>Para m\u00e1s oraciones cat\u00f3licas y recursos adicionales, visite la p\u00e1gina\u00a0<a href=\"https:\/\/www.ewtn.com\/catholicism\/devotions\/prayers-69\" target=\"_blank\" rel=\"noopener noreferrer\">P\u00e1gina web de EWTN<\/a>.<\/p>\n<\/div>","protected":false},"excerpt":{"rendered":"<p>Prayer to Guardian Angel Angel of God, my guardian dear, To whom God\u2019s love commits me here, Ever this day, be at my side, To light and guard, Rule and guide. Amen. \u00a92012 EWTN. Used with permission. For more Catholic prayers and additional resources, visit the\u00a0EWTN website.<\/p>","protected":false},"author":2,"featured_media":6958,"parent":0,"menu_order":0,"comment_status":"closed","ping_status":"closed","template":"","meta":{"footnotes":""},"class_list":["post-1163","page","type-page","status-publish","has-post-thumbnail","hentry"],"_links":{"self":[{"href":"https:\/\/www.archspm.org\/es\/wp-json\/wp\/v2\/pages\/1163","targetHints":{"allow":["GET"]}}],"collection":[{"href":"https:\/\/www.archspm.org\/es\/wp-json\/wp\/v2\/pages"}],"about":[{"href":"https:\/\/www.archspm.org\/es\/wp-json\/wp\/v2\/types\/page"}],"author":[{"embeddable":true,"href":"https:\/\/www.archspm.org\/es\/wp-json\/wp\/v2\/users\/2"}],"replies":[{"embeddable":true,"href":"https:\/\/www.archspm.org\/es\/wp-json\/wp\/v2\/comments?post=1163"}],"version-history":[{"count":0,"href":"https:\/\/www.archspm.org\/es\/wp-json\/wp\/v2\/pages\/1163\/revisions"}],"wp:featuredmedia":[{"embeddable":true,"href":"https:\/\/www.archspm.org\/es\/wp-json\/wp\/v2\/media\/6958"}],"wp:attachment":[{"href":"https:\/\/www.archspm.org\/es\/wp-json\/wp\/v2\/media?parent=1163"}],"curies":[{"name":"wp","href":"https:\/\/api.w.org\/{rel}","templated":true}]}}