{"id":1164,"date":"2019-12-23T18:49:47","date_gmt":"2019-12-23T23:49:47","guid":{"rendered":"https:\/\/www.archspm.org\/act-of-contrition\/"},"modified":"2019-12-23T18:49:47","modified_gmt":"2019-12-23T23:49:47","slug":"act-of-contrition","status":"publish","type":"page","link":"https:\/\/www.archspm.org\/es\/act-of-contrition\/","title":{"rendered":"Acto de Contrici\u00f3n"},"content":{"rendered":"<h1 class=\"entry-title\">Acto de Contrici\u00f3n<\/h1>\n<div class=\"entry-content\">\n<p>Oh, Dios m\u00edo,<br \/>\nLamento de todo coraz\u00f3n<br \/>\nhabi\u00e9ndote ofendido,<br \/>\ny detesto todos mis pecados,<br \/>\nporque temo perder el cielo,<br \/>\ny los tormentos del infierno;<br \/>\npero sobre todo porque<br \/>\nte ofenden, Dios m\u00edo,<br \/>\n\u00bfQui\u00e9nes son todos buenos y<br \/>\nmerecedora de todo mi amor.<br \/>\nMe propongo firmemente,<br \/>\ncon la ayuda de Tu gracia,<br \/>\npara confesar mis pecados,<br \/>\nhacer penitencia,<br \/>\ny para cambiar mi vida.<\/p>\n<p>Am\u00e9n.<\/p>\n<p>&nbsp;<\/p>\n<p><em>\u00a92005 Catholic Book Publishing Company. Libro cat\u00f3lico de oraciones.<\/em><\/p>\n<p>Para adquirir el Libro Cat\u00f3lico de Oraciones, acuda a una librer\u00eda cat\u00f3lica o c\u00f3mprelo en l\u00ednea.<\/p>\n<p>Para m\u00e1s oraciones cat\u00f3licas y recursos adicionales, visite la p\u00e1gina\u00a0<a href=\"https:\/\/www.ewtn.com\/catholicism\/devotions\/prayers-69\" target=\"_blank\" rel=\"noopener noreferrer\">P\u00e1gina web de EWTN<\/a>.<\/p>\n<\/div>","protected":false},"excerpt":{"rendered":"<p>Act of Contrition O my God, I am heartily sorry for having offended Thee, and I detest all my sins, because I dread the loss of heaven, and the pains of hell; but most of all because they offend Thee, my God, Who are all good and deserving of all my love. I firmly resolve, [&hellip;]<\/p>\n","protected":false},"author":2,"featured_media":6958,"parent":0,"menu_order":0,"comment_status":"closed","ping_status":"closed","template":"","meta":{"footnotes":""},"class_list":["post-1164","page","type-page","status-publish","has-post-thumbnail","hentry"],"_links":{"self":[{"href":"https:\/\/www.archspm.org\/es\/wp-json\/wp\/v2\/pages\/1164","targetHints":{"allow":["GET"]}}],"collection":[{"href":"https:\/\/www.archspm.org\/es\/wp-json\/wp\/v2\/pages"}],"about":[{"href":"https:\/\/www.archspm.org\/es\/wp-json\/wp\/v2\/types\/page"}],"author":[{"embeddable":true,"href":"https:\/\/www.archspm.org\/es\/wp-json\/wp\/v2\/users\/2"}],"replies":[{"embeddable":true,"href":"https:\/\/www.archspm.org\/es\/wp-json\/wp\/v2\/comments?post=1164"}],"version-history":[{"count":0,"href":"https:\/\/www.archspm.org\/es\/wp-json\/wp\/v2\/pages\/1164\/revisions"}],"wp:featuredmedia":[{"embeddable":true,"href":"https:\/\/www.archspm.org\/es\/wp-json\/wp\/v2\/media\/6958"}],"wp:attachment":[{"href":"https:\/\/www.archspm.org\/es\/wp-json\/wp\/v2\/media?parent=1164"}],"curies":[{"name":"wp","href":"https:\/\/api.w.org\/{rel}","templated":true}]}}