{"id":1166,"date":"2019-12-23T18:53:35","date_gmt":"2019-12-23T23:53:35","guid":{"rendered":"https:\/\/www.archspm.org\/holy-rosary\/"},"modified":"2024-12-19T22:24:20","modified_gmt":"2024-12-20T03:24:20","slug":"holy-rosary","status":"publish","type":"page","link":"https:\/\/www.archspm.org\/es\/holy-rosary\/","title":{"rendered":"Santo Rosario"},"content":{"rendered":"<h1 class=\"entry-title\">Santo Rosario<\/h1>\n<div class=\"entry-content\">\n<p><em>El rosario se reza desde el siglo XIII. Mientras se medita sobre la vida de Jes\u00fas, se recitan las oraciones que nos acercan a \u00c9l y a su Madre, Mar\u00eda.<\/em><\/p>\n<p>Comienza haciendo la se\u00f1al de la cruz:<\/p>\n<p><strong>En el nombre del Padre, del Hijo y del Esp\u00edritu Santo. Am\u00e9n.<\/strong><\/p>\n<p>A continuaci\u00f3n, recite el Credo:<\/p>\n<p>Creo en Dios, Padre todopoderoso,<br \/>\nCreador del cielo y de la tierra,<br \/>\ny en Jesucristo, su \u00fanico Hijo, nuestro Se\u00f1or.<br \/>\nFue concebido por el Esp\u00edritu Santo,<br \/>\ny nacido de la Virgen Mar\u00eda.<br \/>\nSufri\u00f3 bajo Poncio Pilato,<br \/>\nfue crucificado, muri\u00f3 y fue sepultado.<br \/>\nDescendi\u00f3 a los infiernos.<br \/>\nAl tercer d\u00eda resucit\u00f3.<br \/>\nAscendi\u00f3 al cielo,<br \/>\ny est\u00e1 sentado a la derecha de Dios Padre Todopoderoso.<br \/>\n\u00c9l volver\u00e1 para juzgar a los vivos y a los muertos.<br \/>\nCreo en el Esp\u00edritu Santo,<br \/>\nla Santa Iglesia Cat\u00f3lica,<br \/>\nla comuni\u00f3n de los santos,<br \/>\nel perd\u00f3n de los pecados,<br \/>\nla resurrecci\u00f3n del cuerpo,<br \/>\ny la vida eterna.<\/p>\n<p>Am\u00e9n.<\/p>\n<\/div>\n<p><iframe style=\"border-radius: 12px;\" src=\"https:\/\/open.spotify.com\/embed\/episode\/5qARv1eZ7vSpp7yQDCWGm1?utm_source=generator\" width=\"100%\" height=\"352\" frameborder=\"0\" allowfullscreen=\"allowfullscreen\"><\/iframe><\/p>\n<div class=\"entry-content\">\n<p>A continuaci\u00f3n, reza un \u201cPadre Nuestro\u201d, tres \u201cAve Mar\u00edas\u201d por las virtudes de la Fe, la Esperanza y la Caridad; y luego un \u201cGloria al Padre\u201d:<\/p>\n<p><strong>Padre nuestro<\/strong>, Padre nuestro que est\u00e1s en los cielos, santificado sea tu nombre. Venga tu reino, h\u00e1gase tu voluntad, as\u00ed en la tierra como en el cielo. Danos hoy nuestro pan de cada d\u00eda, y perdona nuestras ofensas, como tambi\u00e9n nosotros perdonamos a los que nos ofenden. Y no nos dejes caer en la tentaci\u00f3n, mas l\u00edbranos del mal. Am\u00e9n.<\/p>\n<p><strong>Ave Mar\u00eda<\/strong>, Llena de gracia, el Se\u00f1or est\u00e1 contigo. Bendita t\u00fa eres entre las mujeres, y bendito es el fruto de tu vientre, Jes\u00fas. Santa Mar\u00eda, Madre de Dios, ruega por nosotros, pecadores, ahora y en la hora de nuestra muerte. Am\u00e9n.<\/p>\n<p><strong>Gloria al Padre<\/strong>\u00a0al Padre, al Hijo y al Esp\u00edritu Santo. Como era en el principio, ahora y siempre, por los siglos de los siglos.<\/p>\n<p>Am\u00e9n.<\/p>\n<p>El rosario se divide en tres partes, cada una con cinco misterios. Mientras meditas sobre los misterios, reza por cada misterio:<\/p>\n<ul>\n<li>un \u201cPadre Nuestro\u201d<\/li>\n<li>diez \u201cAve Mar\u00edas\u201d y<\/li>\n<li>un \u201cGloria al Padre\u201d<\/li>\n<\/ul>\n<p>Despu\u00e9s de cada misterio se reza la \u201cOraci\u00f3n de F\u00e1tima\u201d.<\/p>\n<p><strong>Oh, Jes\u00fas m\u00edo<\/strong>, Perdona nuestros pecados, s\u00e1lvanos del fuego del infierno, lleva todas las almas al cielo, especialmente aquellas que m\u00e1s necesitan tu misericordia.<\/p>\n<p>Todo esto en conjunto conforma una d\u00e9cada.<\/p>\n<p>Tras completar los cinco misterios (cinco d\u00e9cadas), se reza el \u201cSalve, Reina\u201d.<\/p>\n<p><strong>Salve, Reina Santa<\/strong>, madre de misericordia, nuestra vida, nuestra dulzura y nuestra esperanza. A ti clamamos, pobres hijos de Eva desterrados. A ti enviamos nuestros suspiros, llorando y gimiendo en este valle de l\u00e1grimas. Vuelve, pues, tus ojos misericordiosos hacia nosotros, y despu\u00e9s de este nuestro exilio, mu\u00e9stranos el fruto bendito de tu vientre, Jes\u00fas. Oh clemente, oh piadosa, oh dulce Virgen Mar\u00eda.<\/p>\n<p>Ruega por nosotros, oh Santa Madre de Dios.<\/p>\n<p>Para que seamos dignos de las promesas de Cristo.<\/p>\n<p><strong>LOS MISTERIOS DEL ROSARIO<\/strong><\/p>\n<p><strong>Los misterios gozosos\u00a0<\/strong>(Los lunes y s\u00e1bados, puede decirse los domingos durante el Adviento y la Navidad):<\/p>\n<ol>\n<li>La Anunciaci\u00f3n<\/li>\n<li>La Visitaci\u00f3n<\/li>\n<li>El nacimiento<\/li>\n<li>La presentaci\u00f3n<\/li>\n<li>El hallazgo de Jes\u00fas en el templo<\/li>\n<\/ol>\n<p><strong>Los misterios dolorosos\u00a0<\/strong>(Martes y viernes, se puede decir los domingos durante la Cuaresma):<\/p>\n<ol>\n<li>La agon\u00eda en el jard\u00edn<\/li>\n<li>La flagelaci\u00f3n en la columna<\/li>\n<li>La coronaci\u00f3n de espinas<\/li>\n<li>El camino de la cruz<\/li>\n<li>La crucifixi\u00f3n<\/li>\n<\/ol>\n<p><strong>Los misterios gloriosos\u00a0<\/strong>(Mi\u00e9rcoles y domingos):<\/p>\n<ol>\n<li>La resurrecci\u00f3n<\/li>\n<li>La Ascensi\u00f3n<\/li>\n<li>El descenso del Esp\u00edritu Santo<\/li>\n<li>La Asunci\u00f3n de la Sant\u00edsima Virgen Mar\u00eda<\/li>\n<li>La coronaci\u00f3n de la Sant\u00edsima Virgen Mar\u00eda<\/li>\n<\/ol>\n<p><strong>Los Misterios Luminosos\u00a0<\/strong>(Jueves):<\/p>\n<ol>\n<li>El bautismo en el Jord\u00e1n<\/li>\n<li>Las bodas de Can\u00e1<\/li>\n<li>Proclamaci\u00f3n del Reino<\/li>\n<li>La Transfiguraci\u00f3n<\/li>\n<li>Instituci\u00f3n de la Eucarist\u00eda<\/li>\n<\/ol>\n<p>Por las intenciones del Santo Padre, se puede recitar en este momento un \u201cPadre Nuestro\u201d, un \u201cAve Mar\u00eda\u201d y un \u201cGloria al Padre\u201d.<\/p>\n<p>En el nombre del Padre, del Hijo y del Esp\u00edritu Santo.<\/p>\n<p>Am\u00e9n.<\/p>\n<p>&nbsp;<\/p>\n<p><em>\u00a92012 EWTN. Utilizado con permiso.<\/em><\/p>\n<p>Para m\u00e1s oraciones cat\u00f3licas y recursos adicionales, visite la p\u00e1gina\u00a0<a href=\"https:\/\/www.ewtn.com\/catholicism\/devotions\/prayers-69\" target=\"_blank\" rel=\"noopener noreferrer\">P\u00e1gina web de EWTN<\/a>.<\/p>\n<\/div>","protected":false},"excerpt":{"rendered":"<p>Holy Rosary The rosary has been prayed since the thirteenth century. While meditating on the life of Jesus, one recites the prayers that brings one closer to Him and to His Mother, Mary. Start by making the sign of the Cross: In the name of the Father, and of the Son and of the Holy [&hellip;]<\/p>\n","protected":false},"author":2,"featured_media":6958,"parent":0,"menu_order":0,"comment_status":"closed","ping_status":"closed","template":"","meta":{"footnotes":""},"class_list":["post-1166","page","type-page","status-publish","has-post-thumbnail","hentry"],"_links":{"self":[{"href":"https:\/\/www.archspm.org\/es\/wp-json\/wp\/v2\/pages\/1166","targetHints":{"allow":["GET"]}}],"collection":[{"href":"https:\/\/www.archspm.org\/es\/wp-json\/wp\/v2\/pages"}],"about":[{"href":"https:\/\/www.archspm.org\/es\/wp-json\/wp\/v2\/types\/page"}],"author":[{"embeddable":true,"href":"https:\/\/www.archspm.org\/es\/wp-json\/wp\/v2\/users\/2"}],"replies":[{"embeddable":true,"href":"https:\/\/www.archspm.org\/es\/wp-json\/wp\/v2\/comments?post=1166"}],"version-history":[{"count":0,"href":"https:\/\/www.archspm.org\/es\/wp-json\/wp\/v2\/pages\/1166\/revisions"}],"wp:featuredmedia":[{"embeddable":true,"href":"https:\/\/www.archspm.org\/es\/wp-json\/wp\/v2\/media\/6958"}],"wp:attachment":[{"href":"https:\/\/www.archspm.org\/es\/wp-json\/wp\/v2\/media?parent=1166"}],"curies":[{"name":"wp","href":"https:\/\/api.w.org\/{rel}","templated":true}]}}