{"id":1167,"date":"2019-12-23T18:55:47","date_gmt":"2019-12-23T23:55:47","guid":{"rendered":"https:\/\/www.archspm.org\/the-serenity-prayer\/"},"modified":"2019-12-23T18:55:47","modified_gmt":"2019-12-23T23:55:47","slug":"the-serenity-prayer","status":"publish","type":"page","link":"https:\/\/www.archspm.org\/es\/the-serenity-prayer\/","title":{"rendered":"La oraci\u00f3n de la serenidad"},"content":{"rendered":"<h1 class=\"entry-title\">La oraci\u00f3n de la serenidad<\/h1>\n<div class=\"entry-content\">\n<p>Dios, conc\u00e9deme la serenidad<br \/>\naceptar las cosas que no puedo cambiar<br \/>\nel valor para cambiar las cosas que puedo cambiar<br \/>\ny la sabidur\u00eda para saber la diferencia.<\/p>\n<p>Vivir un d\u00eda a la vez,<br \/>\nDisfrutar cada momento.<br \/>\nAceptar las dificultades como el camino hacia la paz.<br \/>\nAceptando, como \u00e9l hizo, el mundo pecaminoso tal y como es,<br \/>\nno como yo lo querr\u00eda.<br \/>\nConfiando en que \u00e9l har\u00e1 que todo salga bien.<br \/>\nsi me rindo a Su voluntad;<br \/>\nque pueda ser razonablemente feliz en esta vida,<br \/>\ny supremamente felices con \u00c9l para siempre.<\/p>\n<p>\u2014Reinhold Niebuhr, 1892-1971<\/p>\n<p>&nbsp;<\/p>\n<p><em>Utilizado de conformidad con el Aviso de Copyright, 2012.<\/em><\/p>\n<p>Visite el\u00a0<a href=\"http:\/\/www.catholicdoors.com\/\" target=\"_blank\" rel=\"noopener noreferrer\">Ministerio de Puertas Cat\u00f3licas<\/a>\u00a0para m\u00e1s informaci\u00f3n.<\/p>\n<p>Para m\u00e1s oraciones cat\u00f3licas y recursos adicionales, visite la p\u00e1gina\u00a0<a href=\"https:\/\/www.ewtn.com\/catholicism\/devotions\/prayers-69\" target=\"_blank\" rel=\"noopener noreferrer\">P\u00e1gina web de EWTN<\/a>.<\/p>\n<\/div>","protected":false},"excerpt":{"rendered":"<p>The Serenity Prayer God, grant me the serenity to accept the things I cannot change the courage to change the things I can and the wisdom to know the difference. Living one day at a time, enjoying one moment at a time. Accepting hardships as the pathway to peace. Taking, as he did, the sinful [&hellip;]<\/p>\n","protected":false},"author":2,"featured_media":6958,"parent":0,"menu_order":0,"comment_status":"closed","ping_status":"closed","template":"","meta":{"footnotes":""},"class_list":["post-1167","page","type-page","status-publish","has-post-thumbnail","hentry"],"_links":{"self":[{"href":"https:\/\/www.archspm.org\/es\/wp-json\/wp\/v2\/pages\/1167","targetHints":{"allow":["GET"]}}],"collection":[{"href":"https:\/\/www.archspm.org\/es\/wp-json\/wp\/v2\/pages"}],"about":[{"href":"https:\/\/www.archspm.org\/es\/wp-json\/wp\/v2\/types\/page"}],"author":[{"embeddable":true,"href":"https:\/\/www.archspm.org\/es\/wp-json\/wp\/v2\/users\/2"}],"replies":[{"embeddable":true,"href":"https:\/\/www.archspm.org\/es\/wp-json\/wp\/v2\/comments?post=1167"}],"version-history":[{"count":0,"href":"https:\/\/www.archspm.org\/es\/wp-json\/wp\/v2\/pages\/1167\/revisions"}],"wp:featuredmedia":[{"embeddable":true,"href":"https:\/\/www.archspm.org\/es\/wp-json\/wp\/v2\/media\/6958"}],"wp:attachment":[{"href":"https:\/\/www.archspm.org\/es\/wp-json\/wp\/v2\/media?parent=1167"}],"curies":[{"name":"wp","href":"https:\/\/api.w.org\/{rel}","templated":true}]}}