{"id":1168,"date":"2019-12-23T18:57:28","date_gmt":"2019-12-23T23:57:28","guid":{"rendered":"https:\/\/www.archspm.org\/the-angelus\/"},"modified":"2019-12-23T18:57:28","modified_gmt":"2019-12-23T23:57:28","slug":"the-angelus","status":"publish","type":"page","link":"https:\/\/www.archspm.org\/es\/the-angelus\/","title":{"rendered":"El \u00c1ngelus"},"content":{"rendered":"<h1 class=\"entry-title\">El \u00c1ngelus<\/h1>\n<div class=\"entry-content\">\n<p>El \u00e1ngel del Se\u00f1or le dijo a Mar\u00eda:<br \/>\nY concibi\u00f3 por obra del Esp\u00edritu Santo.<\/p>\n<p>Dios te salve, Mar\u00eda, llena eres de gracia, el Se\u00f1or es contigo; bendita t\u00fa eres entre las mujeres y bendito es el fruto de tu vientre, Jes\u00fas. Santa Mar\u00eda, Madre de Dios, ruega por nosotros, pecadores, ahora y en la hora de nuestra muerte.<br \/>\nnuestra muerte. Am\u00e9n.<\/p>\n<p>He aqu\u00ed la sierva del Se\u00f1or: h\u00e1gase en m\u00ed seg\u00fan tu palabra.<\/p>\n<p>Dios te salve, Mar\u00eda, llena eres de gracia, el Se\u00f1or es contigo; bendita t\u00fa eres entre las mujeres y bendito es el fruto de tu vientre, Jes\u00fas. Santa Mar\u00eda, Madre de Dios, ruega por nosotros, pecadores, ahora y en la hora de nuestra muerte.<br \/>\nnuestra muerte. Am\u00e9n.<\/p>\n<p>Y el Verbo se hizo carne y habit\u00f3 entre nosotros.<\/p>\n<p>Dios te salve, Mar\u00eda, llena eres de gracia, el Se\u00f1or es contigo; bendita t\u00fa eres entre las mujeres y bendito es el fruto de tu vientre, Jes\u00fas. Santa Mar\u00eda, Madre de Dios, ruega por nosotros, pecadores, ahora y en la hora de nuestra muerte.<br \/>\nnuestra muerte. Am\u00e9n.<\/p>\n<p>Ruega por nosotros, oh Santa Madre de Dios, para que seamos dignos de las promesas de Cristo.<\/p>\n<p>Oremos:<\/p>\n<p>Derrama, te suplicamos, oh Se\u00f1or, tu gracia en nuestros corazones, para que nosotros, a quienes se nos dio a conocer la encarnaci\u00f3n de Cristo, tu Hijo, por el mensaje de un \u00e1ngel, podamos llegar a la gloria de su resurrecci\u00f3n por su pasi\u00f3n y cruz, por el mismo Cristo nuestro Se\u00f1or.<\/p>\n<p>Am\u00e9n.<\/p>\n<p>&nbsp;<\/p>\n<p><em>\u00a92012 EWTN. Utilizado con permiso.<\/em><\/p>\n<p>Para m\u00e1s oraciones cat\u00f3licas y recursos adicionales, visite la p\u00e1gina\u00a0<a href=\"https:\/\/www.ewtn.com\/catholicism\/devotions\/prayers-69\" target=\"_blank\" rel=\"noopener noreferrer\">P\u00e1gina web de EWTN<\/a>.<\/p>\n<\/div>","protected":false},"excerpt":{"rendered":"<p>The Angelus The Angel of the Lord declared to Mary: And she conceived of the Holy Spirit. Hail Mary, full of grace, the Lord is with thee; blessed art thou among women and blessed is the fruit of thy womb, Jesus. Holy Mary, Mother of God, pray for us sinners, now and at the hour [&hellip;]<\/p>\n","protected":false},"author":2,"featured_media":6958,"parent":0,"menu_order":0,"comment_status":"closed","ping_status":"closed","template":"","meta":{"footnotes":""},"class_list":["post-1168","page","type-page","status-publish","has-post-thumbnail","hentry"],"_links":{"self":[{"href":"https:\/\/www.archspm.org\/es\/wp-json\/wp\/v2\/pages\/1168","targetHints":{"allow":["GET"]}}],"collection":[{"href":"https:\/\/www.archspm.org\/es\/wp-json\/wp\/v2\/pages"}],"about":[{"href":"https:\/\/www.archspm.org\/es\/wp-json\/wp\/v2\/types\/page"}],"author":[{"embeddable":true,"href":"https:\/\/www.archspm.org\/es\/wp-json\/wp\/v2\/users\/2"}],"replies":[{"embeddable":true,"href":"https:\/\/www.archspm.org\/es\/wp-json\/wp\/v2\/comments?post=1168"}],"version-history":[{"count":0,"href":"https:\/\/www.archspm.org\/es\/wp-json\/wp\/v2\/pages\/1168\/revisions"}],"wp:featuredmedia":[{"embeddable":true,"href":"https:\/\/www.archspm.org\/es\/wp-json\/wp\/v2\/media\/6958"}],"wp:attachment":[{"href":"https:\/\/www.archspm.org\/es\/wp-json\/wp\/v2\/media?parent=1168"}],"curies":[{"name":"wp","href":"https:\/\/api.w.org\/{rel}","templated":true}]}}